{"id":2148,"date":"2013-12-17T13:26:52","date_gmt":"2013-12-17T12:26:52","guid":{"rendered":"https:\/\/nextase.fr\/?page_id=2148"},"modified":"2020-05-08T08:06:24","modified_gmt":"2020-05-08T07:06:24","slug":"neteven","status":"publish","type":"page","link":"https:\/\/www.nextase.fr\/fr\/expertise-internet\/technique-prestashop\/neteven\/","title":{"rendered":"Neteven"},"content":{"rendered":"\t\t<div data-elementor-type=\"wp-page\" data-elementor-id=\"2148\" class=\"elementor elementor-2148\" data-elementor-post-type=\"page\">\n\t\t\t\t\t\t<section class=\"elementor-section elementor-top-section elementor-element elementor-element-60900925 elementor-section-boxed elementor-section-height-default elementor-section-height-default\" data-id=\"60900925\" data-element_type=\"section\" data-e-type=\"section\">\n\t\t\t\t\t\t<div class=\"elementor-container elementor-column-gap-default\">\n\t\t\t\t\t<div class=\"elementor-column elementor-col-33 elementor-top-column elementor-element elementor-element-4240d08b\" data-id=\"4240d08b\" data-element_type=\"column\" data-e-type=\"column\">\n\t\t\t<div class=\"elementor-widget-wrap elementor-element-populated\">\n\t\t\t\t\t\t<div class=\"elementor-element elementor-element-af4a88d elementor-nav-menu--dropdown-tablet elementor-nav-menu__text-align-aside elementor-widget elementor-widget-global elementor-global-3449 elementor-widget-nav-menu\" data-id=\"af4a88d\" data-element_type=\"widget\" data-e-type=\"widget\" data-settings=\"{&quot;layout&quot;:&quot;vertical&quot;,&quot;submenu_icon&quot;:{&quot;value&quot;:&quot;fas fa-caret-down&quot;,&quot;library&quot;:&quot;fa-solid&quot;}}\" data-widget_type=\"nav-menu.default\">\n\t\t\t\t<div class=\"elementor-widget-container\">\n\t\t\t\t\t\t\t\t<nav aria-label=\"Menu\" class=\"elementor-nav-menu--main elementor-nav-menu__container elementor-nav-menu--layout-vertical e--pointer-underline e--animation-fade\">\n\t\t\t\t<ul id=\"menu-1-af4a88d\" class=\"elementor-nav-menu sm-vertical\"><li class=\"menu-item menu-item-type-post_type menu-item-object-page menu-item-2121\"><a href=\"https:\/\/www.nextase.fr\/fr\/expertise-internet\/technique-prestashop\/prestashop\/\" class=\"elementor-item\">Prestashop<\/a><\/li>\n<li class=\"menu-item menu-item-type-post_type menu-item-object-page menu-item-2154\"><a href=\"https:\/\/www.nextase.fr\/fr\/expertise-internet\/technique-prestashop\/lengow\/\" class=\"elementor-item\">Lengow<\/a><\/li>\n<li class=\"menu-item menu-item-type-post_type menu-item-object-page menu-item-2153\"><a href=\"https:\/\/www.nextase.fr\/fr\/expertise-internet\/technique-prestashop\/google\/\" class=\"elementor-item\">Google<\/a><\/li>\n<li class=\"menu-item menu-item-type-post_type menu-item-object-page menu-item-2152\"><a href=\"https:\/\/www.nextase.fr\/fr\/expertise-internet\/technique-prestashop\/ovh\/\" class=\"elementor-item\">OVH<\/a><\/li>\n<li class=\"menu-item menu-item-type-post_type menu-item-object-page menu-item-2151\"><a href=\"https:\/\/www.nextase.fr\/fr\/expertise-internet\/technique-prestashop\/solsys\/\" class=\"elementor-item\">Solsys : du commerce au e-commerce<\/a><\/li>\n<li class=\"menu-item menu-item-type-post_type menu-item-object-page menu-item-2150\"><a href=\"https:\/\/www.nextase.fr\/fr\/expertise-internet\/technique-prestashop\/neteven\/\" class=\"elementor-item\">Neteven<\/a><\/li>\n<\/ul>\t\t\t<\/nav>\n\t\t\t\t\t\t<nav class=\"elementor-nav-menu--dropdown elementor-nav-menu__container\" aria-hidden=\"true\">\n\t\t\t\t<ul id=\"menu-2-af4a88d\" class=\"elementor-nav-menu sm-vertical\"><li class=\"menu-item menu-item-type-post_type menu-item-object-page menu-item-2121\"><a href=\"https:\/\/www.nextase.fr\/fr\/expertise-internet\/technique-prestashop\/prestashop\/\" class=\"elementor-item\" tabindex=\"-1\">Prestashop<\/a><\/li>\n<li class=\"menu-item menu-item-type-post_type menu-item-object-page menu-item-2154\"><a href=\"https:\/\/www.nextase.fr\/fr\/expertise-internet\/technique-prestashop\/lengow\/\" class=\"elementor-item\" tabindex=\"-1\">Lengow<\/a><\/li>\n<li class=\"menu-item menu-item-type-post_type menu-item-object-page menu-item-2153\"><a href=\"https:\/\/www.nextase.fr\/fr\/expertise-internet\/technique-prestashop\/google\/\" class=\"elementor-item\" tabindex=\"-1\">Google<\/a><\/li>\n<li class=\"menu-item menu-item-type-post_type menu-item-object-page menu-item-2152\"><a href=\"https:\/\/www.nextase.fr\/fr\/expertise-internet\/technique-prestashop\/ovh\/\" class=\"elementor-item\" tabindex=\"-1\">OVH<\/a><\/li>\n<li class=\"menu-item menu-item-type-post_type menu-item-object-page menu-item-2151\"><a href=\"https:\/\/www.nextase.fr\/fr\/expertise-internet\/technique-prestashop\/solsys\/\" class=\"elementor-item\" tabindex=\"-1\">Solsys : du commerce au e-commerce<\/a><\/li>\n<li class=\"menu-item menu-item-type-post_type menu-item-object-page menu-item-2150\"><a href=\"https:\/\/www.nextase.fr\/fr\/expertise-internet\/technique-prestashop\/neteven\/\" class=\"elementor-item\" tabindex=\"-1\">Neteven<\/a><\/li>\n<\/ul>\t\t\t<\/nav>\n\t\t\t\t\t\t<\/div>\n\t\t\t\t<\/div>\n\t\t\t\t\t<\/div>\n\t\t<\/div>\n\t\t\t\t<div class=\"elementor-column elementor-col-66 elementor-top-column elementor-element elementor-element-3e4af6fb\" data-id=\"3e4af6fb\" data-element_type=\"column\" data-e-type=\"column\">\n\t\t\t<div class=\"elementor-widget-wrap elementor-element-populated\">\n\t\t\t\t\t\t<div class=\"elementor-element elementor-element-d5f3019 elementor-widget elementor-widget-heading\" data-id=\"d5f3019\" data-element_type=\"widget\" data-e-type=\"widget\" data-widget_type=\"heading.default\">\n\t\t\t\t<div class=\"elementor-widget-container\">\n\t\t\t\t\t<h1 class=\"elementor-heading-title elementor-size-default\">Neteven<\/h1>\t\t\t\t<\/div>\n\t\t\t\t<\/div>\n\t\t\t\t<div class=\"elementor-element elementor-element-78916810 elementor-widget elementor-widget-text-editor\" data-id=\"78916810\" data-element_type=\"widget\" data-e-type=\"widget\" data-widget_type=\"text-editor.default\">\n\t\t\t\t<div class=\"elementor-widget-container\">\n\t\t\t\t\t\t\t\t\t<p><img decoding=\"async\" class=\"aligncenter wp-image-2168 size-full\" src=\"https:\/\/nextase.fr\/wp-content\/uploads\/2013\/12\/logo-neteven.png\" alt=\"NetEven\" width=\"270\" height=\"75\" srcset=\"https:\/\/www.nextase.fr\/wp-content\/uploads\/2013\/12\/logo-neteven.png 270w, https:\/\/www.nextase.fr\/wp-content\/uploads\/2013\/12\/logo-neteven-150x42.png 150w\" sizes=\"(max-width: 270px) 100vw, 270px\" \/><\/p><p><strong>NetEven<\/strong> est une plateforme de gestion et d\u2019optimisation du cycle de vente.<\/p><p><strong>Neteven<\/strong> se situe au centre des \u00e9changes du e-commerce et propose une plateforme de distribution d\u00e9di\u00e9e \u00e0 la gestion des <a title=\"\u00a0\u00a0Marketplace\" href=\"https:\/\/nextase.fr\/expertise-internet\/marketplace\/\"><strong>marketplaces<\/strong><\/a>.<\/p><p>La solution logicielle permet aux entreprises de g\u00e9n\u00e9rer de forts volumes de ventes gr\u00e0ce \u00e0 leur back-office <a title=\"Prestashop\" href=\"https:\/\/nextase.fr\/technique-prestashop\/prestashop\/\">Prestashop<\/a> et de pleinement b\u00e9n\u00e9ficier de l&rsquo;exceptionnel potentiel que repr\u00e9sentent les marketplaces comme<strong> eBay, Amazon, PriceMinister, Fnac, Pixmania, RueDuCommerce, La Redoute, Cdiscount, Brand Alley<\/strong>&#8230; en France et en Europe.\u00a0<\/p>\t\t\t\t\t\t\t\t<\/div>\n\t\t\t\t<\/div>\n\t\t\t\t\t<\/div>\n\t\t<\/div>\n\t\t\t\t\t<\/div>\n\t\t<\/section>\n\t\t\t\t<\/div>\n\t\t","protected":false},"excerpt":{"rendered":"<p>NetEven est une plateforme de gestion et d\u2019optimisation du cycle de vente. Neteven se situe au centre des \u00e9changes du e-commerce et propose une plateforme de distribution d\u00e9di\u00e9e \u00e0 la gestion des marketplaces. La solution logicielle permet aux entreprises de g\u00e9n\u00e9rer de forts volumes de ventes gr\u00e0ce \u00e0 leur back-office Prestashop et de pleinement b\u00e9n\u00e9ficier [&hellip;]<\/p>\n","protected":false},"author":10,"featured_media":0,"parent":2076,"menu_order":0,"comment_status":"closed","ping_status":"closed","template":"","meta":{"_monsterinsights_skip_tracking":false,"_monsterinsights_sitenote_active":false,"_monsterinsights_sitenote_note":"","_monsterinsights_sitenote_category":0,"footnotes":""},"class_list":["post-2148","page","type-page","status-publish","hentry"],"yoast_head":"<!-- This site is optimized with the Yoast SEO plugin v27.5 - https:\/\/yoast.com\/product\/yoast-seo-wordpress\/ -->\n<title>Neteven | Nextase<\/title>\n<meta name=\"robots\" content=\"index, follow, max-snippet:-1, max-image-preview:large, max-video-preview:-1\" \/>\n<link rel=\"canonical\" href=\"https:\/\/www.nextase.fr\/fr\/expertise-internet\/technique-prestashop\/neteven\/\" \/>\n<meta property=\"og:locale\" content=\"fr_FR\" \/>\n<meta property=\"og:type\" content=\"article\" \/>\n<meta property=\"og:title\" content=\"Neteven | Nextase\" \/>\n<meta property=\"og:description\" content=\"NetEven est une plateforme de gestion et d\u2019optimisation du cycle de vente. Neteven se situe au centre des \u00e9changes du e-commerce et propose une plateforme de distribution d\u00e9di\u00e9e \u00e0 la gestion des marketplaces. La solution logicielle permet aux entreprises de g\u00e9n\u00e9rer de forts volumes de ventes gr\u00e0ce \u00e0 leur back-office Prestashop et de pleinement b\u00e9n\u00e9ficier [&hellip;]\" \/>\n<meta property=\"og:url\" content=\"https:\/\/www.nextase.fr\/fr\/expertise-internet\/technique-prestashop\/neteven\/\" \/>\n<meta property=\"og:site_name\" content=\"Nextase\" \/>\n<meta property=\"article:modified_time\" content=\"2020-05-08T07:06:24+00:00\" \/>\n<meta property=\"og:image\" content=\"https:\/\/nextase.fr\/wp-content\/uploads\/2013\/12\/logo-neteven.png\" \/>\n<script type=\"application\/ld+json\" class=\"yoast-schema-graph\">{\"@context\":\"https:\\\/\\\/schema.org\",\"@graph\":[{\"@type\":\"WebPage\",\"@id\":\"https:\\\/\\\/www.nextase.fr\\\/expertise-internet\\\/technique-prestashop\\\/neteven\\\/\",\"url\":\"https:\\\/\\\/www.nextase.fr\\\/expertise-internet\\\/technique-prestashop\\\/neteven\\\/\",\"name\":\"Neteven | Nextase\",\"isPartOf\":{\"@id\":\"https:\\\/\\\/www.nextase.fr\\\/fr\\\/#website\"},\"primaryImageOfPage\":{\"@id\":\"https:\\\/\\\/www.nextase.fr\\\/expertise-internet\\\/technique-prestashop\\\/neteven\\\/#primaryimage\"},\"image\":{\"@id\":\"https:\\\/\\\/www.nextase.fr\\\/expertise-internet\\\/technique-prestashop\\\/neteven\\\/#primaryimage\"},\"thumbnailUrl\":\"https:\\\/\\\/nextase.fr\\\/wp-content\\\/uploads\\\/2013\\\/12\\\/logo-neteven.png\",\"datePublished\":\"2013-12-17T12:26:52+00:00\",\"dateModified\":\"2020-05-08T07:06:24+00:00\",\"breadcrumb\":{\"@id\":\"https:\\\/\\\/www.nextase.fr\\\/expertise-internet\\\/technique-prestashop\\\/neteven\\\/#breadcrumb\"},\"inLanguage\":\"fr-FR\",\"potentialAction\":[{\"@type\":\"ReadAction\",\"target\":[\"https:\\\/\\\/www.nextase.fr\\\/expertise-internet\\\/technique-prestashop\\\/neteven\\\/\"]}]},{\"@type\":\"ImageObject\",\"inLanguage\":\"fr-FR\",\"@id\":\"https:\\\/\\\/www.nextase.fr\\\/expertise-internet\\\/technique-prestashop\\\/neteven\\\/#primaryimage\",\"url\":\"https:\\\/\\\/nextase.fr\\\/wp-content\\\/uploads\\\/2013\\\/12\\\/logo-neteven.png\",\"contentUrl\":\"https:\\\/\\\/nextase.fr\\\/wp-content\\\/uploads\\\/2013\\\/12\\\/logo-neteven.png\"},{\"@type\":\"BreadcrumbList\",\"@id\":\"https:\\\/\\\/www.nextase.fr\\\/expertise-internet\\\/technique-prestashop\\\/neteven\\\/#breadcrumb\",\"itemListElement\":[{\"@type\":\"ListItem\",\"position\":1,\"name\":\"Notre expertise\",\"item\":\"https:\\\/\\\/www.nextase.fr\\\/fr\\\/expertise-internet\\\/\"},{\"@type\":\"ListItem\",\"position\":2,\"name\":\"Innovation technique\",\"item\":\"https:\\\/\\\/www.nextase.fr\\\/expertise-internet\\\/technique-prestashop\\\/\"},{\"@type\":\"ListItem\",\"position\":3,\"name\":\"Neteven\"}]},{\"@type\":\"WebSite\",\"@id\":\"https:\\\/\\\/www.nextase.fr\\\/fr\\\/#website\",\"url\":\"https:\\\/\\\/www.nextase.fr\\\/fr\\\/\",\"name\":\"Nextase\",\"description\":\"Agence web marketing sp\u00e9cialis\u00e9e Marketplace\",\"publisher\":{\"@id\":\"https:\\\/\\\/www.nextase.fr\\\/fr\\\/#organization\"},\"potentialAction\":[{\"@type\":\"SearchAction\",\"target\":{\"@type\":\"EntryPoint\",\"urlTemplate\":\"https:\\\/\\\/www.nextase.fr\\\/fr\\\/?s={search_term_string}\"},\"query-input\":{\"@type\":\"PropertyValueSpecification\",\"valueRequired\":true,\"valueName\":\"search_term_string\"}}],\"inLanguage\":\"fr-FR\"},{\"@type\":\"Organization\",\"@id\":\"https:\\\/\\\/www.nextase.fr\\\/fr\\\/#organization\",\"name\":\"Agence Nextase\",\"url\":\"https:\\\/\\\/www.nextase.fr\\\/fr\\\/\",\"logo\":{\"@type\":\"ImageObject\",\"inLanguage\":\"fr-FR\",\"@id\":\"https:\\\/\\\/www.nextase.fr\\\/fr\\\/#\\\/schema\\\/logo\\\/image\\\/\",\"url\":\"https:\\\/\\\/www.nextase.fr\\\/wp-content\\\/uploads\\\/2014\\\/02\\\/Logo_Nextase_finale_noir_carre.png\",\"contentUrl\":\"https:\\\/\\\/www.nextase.fr\\\/wp-content\\\/uploads\\\/2014\\\/02\\\/Logo_Nextase_finale_noir_carre.png\",\"width\":186,\"height\":186,\"caption\":\"Agence Nextase\"},\"image\":{\"@id\":\"https:\\\/\\\/www.nextase.fr\\\/fr\\\/#\\\/schema\\\/logo\\\/image\\\/\"},\"sameAs\":[\"https:\\\/\\\/twitter.com\\\/agencenextase?lang=fr\",\"https:\\\/\\\/www.linkedin.com\\\/company\\\/nextase\\\/about\\\/\"]}]}<\/script>\n<!-- \/ Yoast SEO plugin. -->","yoast_head_json":{"title":"Neteven | Nextase","robots":{"index":"index","follow":"follow","max-snippet":"max-snippet:-1","max-image-preview":"max-image-preview:large","max-video-preview":"max-video-preview:-1"},"canonical":"https:\/\/www.nextase.fr\/fr\/expertise-internet\/technique-prestashop\/neteven\/","og_locale":"fr_FR","og_type":"article","og_title":"Neteven | Nextase","og_description":"NetEven est une plateforme de gestion et d\u2019optimisation du cycle de vente. Neteven se situe au centre des \u00e9changes du e-commerce et propose une plateforme de distribution d\u00e9di\u00e9e \u00e0 la gestion des marketplaces. La solution logicielle permet aux entreprises de g\u00e9n\u00e9rer de forts volumes de ventes gr\u00e0ce \u00e0 leur back-office Prestashop et de pleinement b\u00e9n\u00e9ficier [&hellip;]","og_url":"https:\/\/www.nextase.fr\/fr\/expertise-internet\/technique-prestashop\/neteven\/","og_site_name":"Nextase","article_modified_time":"2020-05-08T07:06:24+00:00","og_image":[{"url":"https:\/\/nextase.fr\/wp-content\/uploads\/2013\/12\/logo-neteven.png","type":"","width":"","height":""}],"schema":{"@context":"https:\/\/schema.org","@graph":[{"@type":"WebPage","@id":"https:\/\/www.nextase.fr\/expertise-internet\/technique-prestashop\/neteven\/","url":"https:\/\/www.nextase.fr\/expertise-internet\/technique-prestashop\/neteven\/","name":"Neteven | Nextase","isPartOf":{"@id":"https:\/\/www.nextase.fr\/fr\/#website"},"primaryImageOfPage":{"@id":"https:\/\/www.nextase.fr\/expertise-internet\/technique-prestashop\/neteven\/#primaryimage"},"image":{"@id":"https:\/\/www.nextase.fr\/expertise-internet\/technique-prestashop\/neteven\/#primaryimage"},"thumbnailUrl":"https:\/\/nextase.fr\/wp-content\/uploads\/2013\/12\/logo-neteven.png","datePublished":"2013-12-17T12:26:52+00:00","dateModified":"2020-05-08T07:06:24+00:00","breadcrumb":{"@id":"https:\/\/www.nextase.fr\/expertise-internet\/technique-prestashop\/neteven\/#breadcrumb"},"inLanguage":"fr-FR","potentialAction":[{"@type":"ReadAction","target":["https:\/\/www.nextase.fr\/expertise-internet\/technique-prestashop\/neteven\/"]}]},{"@type":"ImageObject","inLanguage":"fr-FR","@id":"https:\/\/www.nextase.fr\/expertise-internet\/technique-prestashop\/neteven\/#primaryimage","url":"https:\/\/nextase.fr\/wp-content\/uploads\/2013\/12\/logo-neteven.png","contentUrl":"https:\/\/nextase.fr\/wp-content\/uploads\/2013\/12\/logo-neteven.png"},{"@type":"BreadcrumbList","@id":"https:\/\/www.nextase.fr\/expertise-internet\/technique-prestashop\/neteven\/#breadcrumb","itemListElement":[{"@type":"ListItem","position":1,"name":"Notre expertise","item":"https:\/\/www.nextase.fr\/fr\/expertise-internet\/"},{"@type":"ListItem","position":2,"name":"Innovation technique","item":"https:\/\/www.nextase.fr\/expertise-internet\/technique-prestashop\/"},{"@type":"ListItem","position":3,"name":"Neteven"}]},{"@type":"WebSite","@id":"https:\/\/www.nextase.fr\/fr\/#website","url":"https:\/\/www.nextase.fr\/fr\/","name":"Nextase","description":"Agence web marketing sp\u00e9cialis\u00e9e Marketplace","publisher":{"@id":"https:\/\/www.nextase.fr\/fr\/#organization"},"potentialAction":[{"@type":"SearchAction","target":{"@type":"EntryPoint","urlTemplate":"https:\/\/www.nextase.fr\/fr\/?s={search_term_string}"},"query-input":{"@type":"PropertyValueSpecification","valueRequired":true,"valueName":"search_term_string"}}],"inLanguage":"fr-FR"},{"@type":"Organization","@id":"https:\/\/www.nextase.fr\/fr\/#organization","name":"Agence Nextase","url":"https:\/\/www.nextase.fr\/fr\/","logo":{"@type":"ImageObject","inLanguage":"fr-FR","@id":"https:\/\/www.nextase.fr\/fr\/#\/schema\/logo\/image\/","url":"https:\/\/www.nextase.fr\/wp-content\/uploads\/2014\/02\/Logo_Nextase_finale_noir_carre.png","contentUrl":"https:\/\/www.nextase.fr\/wp-content\/uploads\/2014\/02\/Logo_Nextase_finale_noir_carre.png","width":186,"height":186,"caption":"Agence Nextase"},"image":{"@id":"https:\/\/www.nextase.fr\/fr\/#\/schema\/logo\/image\/"},"sameAs":["https:\/\/twitter.com\/agencenextase?lang=fr","https:\/\/www.linkedin.com\/company\/nextase\/about\/"]}]}},"_links":{"self":[{"href":"https:\/\/www.nextase.fr\/fr\/wp-json\/wp\/v2\/pages\/2148","targetHints":{"allow":["GET"]}}],"collection":[{"href":"https:\/\/www.nextase.fr\/fr\/wp-json\/wp\/v2\/pages"}],"about":[{"href":"https:\/\/www.nextase.fr\/fr\/wp-json\/wp\/v2\/types\/page"}],"author":[{"embeddable":true,"href":"https:\/\/www.nextase.fr\/fr\/wp-json\/wp\/v2\/users\/10"}],"replies":[{"embeddable":true,"href":"https:\/\/www.nextase.fr\/fr\/wp-json\/wp\/v2\/comments?post=2148"}],"version-history":[{"count":14,"href":"https:\/\/www.nextase.fr\/fr\/wp-json\/wp\/v2\/pages\/2148\/revisions"}],"predecessor-version":[{"id":3467,"href":"https:\/\/www.nextase.fr\/fr\/wp-json\/wp\/v2\/pages\/2148\/revisions\/3467"}],"up":[{"embeddable":true,"href":"https:\/\/www.nextase.fr\/fr\/wp-json\/wp\/v2\/pages\/2076"}],"wp:attachment":[{"href":"https:\/\/www.nextase.fr\/fr\/wp-json\/wp\/v2\/media?parent=2148"}],"curies":[{"name":"wp","href":"https:\/\/api.w.org\/{rel}","templated":true}]}}