{"id":2144,"date":"2013-12-17T13:19:27","date_gmt":"2013-12-17T12:19:27","guid":{"rendered":"https:\/\/nextase.fr\/?page_id=2144"},"modified":"2020-05-08T08:05:19","modified_gmt":"2020-05-08T07:05:19","slug":"solsys","status":"publish","type":"page","link":"https:\/\/www.nextase.fr\/fr\/expertise-internet\/technique-prestashop\/solsys\/","title":{"rendered":"Solsys : du commerce au e-commerce"},"content":{"rendered":"\t\t<div data-elementor-type=\"wp-page\" data-elementor-id=\"2144\" class=\"elementor elementor-2144\" data-elementor-post-type=\"page\">\n\t\t\t\t\t\t<section class=\"elementor-section elementor-top-section elementor-element elementor-element-32bd24e0 elementor-section-boxed elementor-section-height-default elementor-section-height-default\" data-id=\"32bd24e0\" data-element_type=\"section\" data-e-type=\"section\">\n\t\t\t\t\t\t<div class=\"elementor-container elementor-column-gap-default\">\n\t\t\t\t\t<div class=\"elementor-column elementor-col-33 elementor-top-column elementor-element elementor-element-19a57d0e\" data-id=\"19a57d0e\" data-element_type=\"column\" data-e-type=\"column\">\n\t\t\t<div class=\"elementor-widget-wrap elementor-element-populated\">\n\t\t\t\t\t\t<div class=\"elementor-element elementor-element-9a0f8c5 elementor-nav-menu--dropdown-tablet elementor-nav-menu__text-align-aside elementor-widget elementor-widget-global elementor-global-3449 elementor-widget-nav-menu\" data-id=\"9a0f8c5\" data-element_type=\"widget\" data-e-type=\"widget\" data-settings=\"{&quot;layout&quot;:&quot;vertical&quot;,&quot;submenu_icon&quot;:{&quot;value&quot;:&quot;fas fa-caret-down&quot;,&quot;library&quot;:&quot;fa-solid&quot;}}\" data-widget_type=\"nav-menu.default\">\n\t\t\t\t<div class=\"elementor-widget-container\">\n\t\t\t\t\t\t\t\t<nav aria-label=\"Menu\" class=\"elementor-nav-menu--main elementor-nav-menu__container elementor-nav-menu--layout-vertical e--pointer-underline e--animation-fade\">\n\t\t\t\t<ul id=\"menu-1-9a0f8c5\" class=\"elementor-nav-menu sm-vertical\"><li class=\"menu-item menu-item-type-post_type menu-item-object-page menu-item-2121\"><a href=\"https:\/\/www.nextase.fr\/fr\/expertise-internet\/technique-prestashop\/prestashop\/\" class=\"elementor-item\">Prestashop<\/a><\/li>\n<li class=\"menu-item menu-item-type-post_type menu-item-object-page menu-item-2154\"><a href=\"https:\/\/www.nextase.fr\/fr\/expertise-internet\/technique-prestashop\/lengow\/\" class=\"elementor-item\">Lengow<\/a><\/li>\n<li class=\"menu-item menu-item-type-post_type menu-item-object-page menu-item-2153\"><a href=\"https:\/\/www.nextase.fr\/fr\/expertise-internet\/technique-prestashop\/google\/\" class=\"elementor-item\">Google<\/a><\/li>\n<li class=\"menu-item menu-item-type-post_type menu-item-object-page menu-item-2152\"><a href=\"https:\/\/www.nextase.fr\/fr\/expertise-internet\/technique-prestashop\/ovh\/\" class=\"elementor-item\">OVH<\/a><\/li>\n<li class=\"menu-item menu-item-type-post_type menu-item-object-page menu-item-2151\"><a href=\"https:\/\/www.nextase.fr\/fr\/expertise-internet\/technique-prestashop\/solsys\/\" class=\"elementor-item\">Solsys : du commerce au e-commerce<\/a><\/li>\n<li class=\"menu-item menu-item-type-post_type menu-item-object-page menu-item-2150\"><a href=\"https:\/\/www.nextase.fr\/fr\/expertise-internet\/technique-prestashop\/neteven\/\" class=\"elementor-item\">Neteven<\/a><\/li>\n<\/ul>\t\t\t<\/nav>\n\t\t\t\t\t\t<nav class=\"elementor-nav-menu--dropdown elementor-nav-menu__container\" aria-hidden=\"true\">\n\t\t\t\t<ul id=\"menu-2-9a0f8c5\" class=\"elementor-nav-menu sm-vertical\"><li class=\"menu-item menu-item-type-post_type menu-item-object-page menu-item-2121\"><a href=\"https:\/\/www.nextase.fr\/fr\/expertise-internet\/technique-prestashop\/prestashop\/\" class=\"elementor-item\" tabindex=\"-1\">Prestashop<\/a><\/li>\n<li class=\"menu-item menu-item-type-post_type menu-item-object-page menu-item-2154\"><a href=\"https:\/\/www.nextase.fr\/fr\/expertise-internet\/technique-prestashop\/lengow\/\" class=\"elementor-item\" tabindex=\"-1\">Lengow<\/a><\/li>\n<li class=\"menu-item menu-item-type-post_type menu-item-object-page menu-item-2153\"><a href=\"https:\/\/www.nextase.fr\/fr\/expertise-internet\/technique-prestashop\/google\/\" class=\"elementor-item\" tabindex=\"-1\">Google<\/a><\/li>\n<li class=\"menu-item menu-item-type-post_type menu-item-object-page menu-item-2152\"><a href=\"https:\/\/www.nextase.fr\/fr\/expertise-internet\/technique-prestashop\/ovh\/\" class=\"elementor-item\" tabindex=\"-1\">OVH<\/a><\/li>\n<li class=\"menu-item menu-item-type-post_type menu-item-object-page menu-item-2151\"><a href=\"https:\/\/www.nextase.fr\/fr\/expertise-internet\/technique-prestashop\/solsys\/\" class=\"elementor-item\" tabindex=\"-1\">Solsys : du commerce au e-commerce<\/a><\/li>\n<li class=\"menu-item menu-item-type-post_type menu-item-object-page menu-item-2150\"><a href=\"https:\/\/www.nextase.fr\/fr\/expertise-internet\/technique-prestashop\/neteven\/\" class=\"elementor-item\" tabindex=\"-1\">Neteven<\/a><\/li>\n<\/ul>\t\t\t<\/nav>\n\t\t\t\t\t\t<\/div>\n\t\t\t\t<\/div>\n\t\t\t\t\t<\/div>\n\t\t<\/div>\n\t\t\t\t<div class=\"elementor-column elementor-col-66 elementor-top-column elementor-element elementor-element-c81b294\" data-id=\"c81b294\" data-element_type=\"column\" data-e-type=\"column\">\n\t\t\t<div class=\"elementor-widget-wrap elementor-element-populated\">\n\t\t\t\t\t\t<div class=\"elementor-element elementor-element-e85c6b elementor-widget elementor-widget-heading\" data-id=\"e85c6b\" data-element_type=\"widget\" data-e-type=\"widget\" data-widget_type=\"heading.default\">\n\t\t\t\t<div class=\"elementor-widget-container\">\n\t\t\t\t\t<h1 class=\"elementor-heading-title elementor-size-default\">Solsys : du commerce au e-commerce<\/h1>\t\t\t\t<\/div>\n\t\t\t\t<\/div>\n\t\t\t\t<div class=\"elementor-element elementor-element-1842ddc4 elementor-widget elementor-widget-text-editor\" data-id=\"1842ddc4\" data-element_type=\"widget\" data-e-type=\"widget\" data-widget_type=\"text-editor.default\">\n\t\t\t\t<div class=\"elementor-widget-container\">\n\t\t\t\t\t\t\t\t\t<p><img decoding=\"async\" class=\"aligncenter wp-image-84 size-full\" src=\"https:\/\/nextase.fr\/wp-content\/uploads\/2013\/03\/logo-Solsys-e1382783025405.png\" alt=\"Solsys\" width=\"270\" height=\"75\" srcset=\"https:\/\/www.nextase.fr\/wp-content\/uploads\/2013\/03\/logo-Solsys-e1382783025405.png 270w, https:\/\/www.nextase.fr\/wp-content\/uploads\/2013\/03\/logo-Solsys-e1382783025405-150x42.png 150w\" sizes=\"(max-width: 270px) 100vw, 270px\" \/><\/p><p><strong>Solsys<\/strong> est une solution de <strong>gestion de stock et de caisse<\/strong> destin\u00e9e aux\u00a0<strong>magasins physiques<\/strong>.<\/p><p>Nous avons cr\u00e9\u00e9 des outils qui permettent \u00e0 nos clients \u00e9quip\u00e9s de Solsys de <strong>s\u2019interfacer avec leur <a title=\"Prestashop\" href=\"https:\/\/nextase.fr\/technique-prestashop\/prestashop\/\">site e-commerce Prestashop<\/a><\/strong> pour la <strong>gestion des catalogues, des stocks<\/strong> et la <strong>cr\u00e9ation de ventes dans le logiciel de caisse<\/strong>.<\/p><p>Ce\u00a0<span style=\"text-decoration: underline;\"><strong>module\u00a0Prestashop<\/strong><\/span>\u00a0permet de <span style=\"text-decoration: underline;\"><strong>dupliquer dans votre site e-commerce\u00a0la base produits extraite de Solsys<\/strong><\/span>\u00a0afin de r\u00e9cup\u00e9rer\u00a0dans votre logiciel e-commerce toutes les informations que vous avez rentr\u00e9es dans Solsys pour enrichir votre base produit (code Solsys, EAN, cat\u00e9gorisation de premier et de deuxi\u00e8me niveau, variation de taille et de couleur, prix de vente, prix d&rsquo;achat&#8230;).<\/p><p>Grace aux <em>web service Solsys<\/em>, nous pouvons <strong>mettre \u00e0 jour vos stocks sur votre site Internet<\/strong> \u00e0 une fr\u00e9quence donn\u00e9e afin de vendre en ligne le stock saisi\u00a0dans Solsys que l&rsquo;on souhaite allouer \u00e0 la vente Internet.<\/p><p>Il est \u00e9galement possible de <strong>mettre \u00e0 jour les prix de vente \u00e0 partir des prix de votre logiciel de caisse<\/strong>\u00a0et de r\u00e9cup\u00e9rer les prix de vente sold\u00e9s.<\/p><p>Enfin toujours gr\u00e2ce aux <em>web service<\/em>, il nous est possible de <strong>cr\u00e9er dans une boutique Internet de Solsys les ventes r\u00e9alis\u00e9es sur le site internet<\/strong>, en diff\u00e9renciant le chiffre d&rsquo;affaire produits de celui li\u00e9 aux frais de port, d&rsquo;y int\u00e9grer les \u00e9ventuelles r\u00e9ductions appliqu\u00e9es sur les produits, afin de pouvoir <strong>fournir au service comptable un relev\u00e9 des ventes en ligne identique au relev\u00e9 des ventes en magasin<\/strong>.<\/p><p>Nous travaillons en \u00e9troite collaboration avec les \u00e9quipes de Solsys pour garantir une interconnexion optimale entre les 2 syst\u00e8mes informatiques via les <strong>Web Services de Solsy<\/strong>s et nos outils (solutions <a title=\"Prestashop\" href=\"https:\/\/nextase.fr\/technique-prestashop\/prestashop\/\"><strong>Prestashop<\/strong><\/a>).\u00a0<\/p>\t\t\t\t\t\t\t\t<\/div>\n\t\t\t\t<\/div>\n\t\t\t\t\t<\/div>\n\t\t<\/div>\n\t\t\t\t\t<\/div>\n\t\t<\/section>\n\t\t\t\t<section class=\"elementor-section elementor-top-section elementor-element elementor-element-644b9960 elementor-section-boxed elementor-section-height-default elementor-section-height-default\" data-id=\"644b9960\" data-element_type=\"section\" data-e-type=\"section\">\n\t\t\t\t\t\t<div class=\"elementor-container elementor-column-gap-default\">\n\t\t\t\t\t<div class=\"elementor-column elementor-col-100 elementor-top-column elementor-element elementor-element-6ecc0315\" data-id=\"6ecc0315\" data-element_type=\"column\" data-e-type=\"column\">\n\t\t\t<div class=\"elementor-widget-wrap\">\n\t\t\t\t\t\t\t<\/div>\n\t\t<\/div>\n\t\t\t\t\t<\/div>\n\t\t<\/section>\n\t\t\t\t<\/div>\n\t\t","protected":false},"excerpt":{"rendered":"<p>Solsys est une solution de gestion de stock et de caisse destin\u00e9e aux\u00a0magasins physiques. Nous avons cr\u00e9\u00e9 des outils qui permettent \u00e0 nos clients \u00e9quip\u00e9s de Solsys de s\u2019interfacer avec leur site e-commerce Prestashop pour la gestion des catalogues, des stocks et la cr\u00e9ation de ventes dans le logiciel de caisse. Ce\u00a0module\u00a0Prestashop\u00a0permet de dupliquer dans [&hellip;]<\/p>\n","protected":false},"author":10,"featured_media":0,"parent":2076,"menu_order":0,"comment_status":"closed","ping_status":"closed","template":"","meta":{"_monsterinsights_skip_tracking":false,"_monsterinsights_sitenote_active":false,"_monsterinsights_sitenote_note":"","_monsterinsights_sitenote_category":0,"footnotes":""},"class_list":["post-2144","page","type-page","status-publish","hentry"],"yoast_head":"<!-- This site is optimized with the Yoast SEO plugin v27.5 - https:\/\/yoast.com\/product\/yoast-seo-wordpress\/ -->\n<title>Solsys \/ Prestashop<\/title>\n<meta name=\"description\" content=\"Solsys : Nextase est partenaire de Solsys et accompagne ses clients pour connecter leur logiciel de caisse Solsys \u00e0 leur site e-commerce Prestashop.\" \/>\n<meta name=\"robots\" content=\"index, follow, max-snippet:-1, max-image-preview:large, max-video-preview:-1\" \/>\n<link rel=\"canonical\" href=\"https:\/\/www.nextase.fr\/fr\/expertise-internet\/technique-prestashop\/solsys\/\" \/>\n<meta property=\"og:locale\" content=\"fr_FR\" \/>\n<meta property=\"og:type\" content=\"article\" \/>\n<meta property=\"og:title\" content=\"Solsys \/ Prestashop\" \/>\n<meta property=\"og:description\" content=\"Solsys : Nextase est partenaire de Solsys et accompagne ses clients pour connecter leur logiciel de caisse Solsys \u00e0 leur site e-commerce Prestashop.\" \/>\n<meta property=\"og:url\" content=\"https:\/\/www.nextase.fr\/fr\/expertise-internet\/technique-prestashop\/solsys\/\" \/>\n<meta property=\"og:site_name\" content=\"Nextase\" \/>\n<meta property=\"article:modified_time\" content=\"2020-05-08T07:05:19+00:00\" \/>\n<meta property=\"og:image\" content=\"https:\/\/nextase.fr\/wp-content\/uploads\/2013\/03\/logo-Solsys-e1382783025405.png\" \/>\n<meta name=\"twitter:label1\" content=\"Dur\u00e9e de lecture estim\u00e9e\" \/>\n\t<meta name=\"twitter:data1\" content=\"1 minute\" \/>\n<script type=\"application\/ld+json\" class=\"yoast-schema-graph\">{\"@context\":\"https:\\\/\\\/schema.org\",\"@graph\":[{\"@type\":\"WebPage\",\"@id\":\"https:\\\/\\\/www.nextase.fr\\\/expertise-internet\\\/technique-prestashop\\\/solsys\\\/\",\"url\":\"https:\\\/\\\/www.nextase.fr\\\/expertise-internet\\\/technique-prestashop\\\/solsys\\\/\",\"name\":\"Solsys \\\/ Prestashop\",\"isPartOf\":{\"@id\":\"https:\\\/\\\/www.nextase.fr\\\/fr\\\/#website\"},\"primaryImageOfPage\":{\"@id\":\"https:\\\/\\\/www.nextase.fr\\\/expertise-internet\\\/technique-prestashop\\\/solsys\\\/#primaryimage\"},\"image\":{\"@id\":\"https:\\\/\\\/www.nextase.fr\\\/expertise-internet\\\/technique-prestashop\\\/solsys\\\/#primaryimage\"},\"thumbnailUrl\":\"https:\\\/\\\/nextase.fr\\\/wp-content\\\/uploads\\\/2013\\\/03\\\/logo-Solsys-e1382783025405.png\",\"datePublished\":\"2013-12-17T12:19:27+00:00\",\"dateModified\":\"2020-05-08T07:05:19+00:00\",\"description\":\"Solsys : Nextase est partenaire de Solsys et accompagne ses clients pour connecter leur logiciel de caisse Solsys \u00e0 leur site e-commerce Prestashop.\",\"breadcrumb\":{\"@id\":\"https:\\\/\\\/www.nextase.fr\\\/expertise-internet\\\/technique-prestashop\\\/solsys\\\/#breadcrumb\"},\"inLanguage\":\"fr-FR\",\"potentialAction\":[{\"@type\":\"ReadAction\",\"target\":[\"https:\\\/\\\/www.nextase.fr\\\/expertise-internet\\\/technique-prestashop\\\/solsys\\\/\"]}]},{\"@type\":\"ImageObject\",\"inLanguage\":\"fr-FR\",\"@id\":\"https:\\\/\\\/www.nextase.fr\\\/expertise-internet\\\/technique-prestashop\\\/solsys\\\/#primaryimage\",\"url\":\"https:\\\/\\\/nextase.fr\\\/wp-content\\\/uploads\\\/2013\\\/03\\\/logo-Solsys-e1382783025405.png\",\"contentUrl\":\"https:\\\/\\\/nextase.fr\\\/wp-content\\\/uploads\\\/2013\\\/03\\\/logo-Solsys-e1382783025405.png\"},{\"@type\":\"BreadcrumbList\",\"@id\":\"https:\\\/\\\/www.nextase.fr\\\/expertise-internet\\\/technique-prestashop\\\/solsys\\\/#breadcrumb\",\"itemListElement\":[{\"@type\":\"ListItem\",\"position\":1,\"name\":\"Notre expertise\",\"item\":\"https:\\\/\\\/www.nextase.fr\\\/fr\\\/expertise-internet\\\/\"},{\"@type\":\"ListItem\",\"position\":2,\"name\":\"Innovation technique\",\"item\":\"https:\\\/\\\/www.nextase.fr\\\/expertise-internet\\\/technique-prestashop\\\/\"},{\"@type\":\"ListItem\",\"position\":3,\"name\":\"Solsys : du commerce au e-commerce\"}]},{\"@type\":\"WebSite\",\"@id\":\"https:\\\/\\\/www.nextase.fr\\\/fr\\\/#website\",\"url\":\"https:\\\/\\\/www.nextase.fr\\\/fr\\\/\",\"name\":\"Nextase\",\"description\":\"Agence web marketing sp\u00e9cialis\u00e9e Marketplace\",\"publisher\":{\"@id\":\"https:\\\/\\\/www.nextase.fr\\\/fr\\\/#organization\"},\"potentialAction\":[{\"@type\":\"SearchAction\",\"target\":{\"@type\":\"EntryPoint\",\"urlTemplate\":\"https:\\\/\\\/www.nextase.fr\\\/fr\\\/?s={search_term_string}\"},\"query-input\":{\"@type\":\"PropertyValueSpecification\",\"valueRequired\":true,\"valueName\":\"search_term_string\"}}],\"inLanguage\":\"fr-FR\"},{\"@type\":\"Organization\",\"@id\":\"https:\\\/\\\/www.nextase.fr\\\/fr\\\/#organization\",\"name\":\"Agence Nextase\",\"url\":\"https:\\\/\\\/www.nextase.fr\\\/fr\\\/\",\"logo\":{\"@type\":\"ImageObject\",\"inLanguage\":\"fr-FR\",\"@id\":\"https:\\\/\\\/www.nextase.fr\\\/fr\\\/#\\\/schema\\\/logo\\\/image\\\/\",\"url\":\"https:\\\/\\\/www.nextase.fr\\\/wp-content\\\/uploads\\\/2014\\\/02\\\/Logo_Nextase_finale_noir_carre.png\",\"contentUrl\":\"https:\\\/\\\/www.nextase.fr\\\/wp-content\\\/uploads\\\/2014\\\/02\\\/Logo_Nextase_finale_noir_carre.png\",\"width\":186,\"height\":186,\"caption\":\"Agence Nextase\"},\"image\":{\"@id\":\"https:\\\/\\\/www.nextase.fr\\\/fr\\\/#\\\/schema\\\/logo\\\/image\\\/\"},\"sameAs\":[\"https:\\\/\\\/twitter.com\\\/agencenextase?lang=fr\",\"https:\\\/\\\/www.linkedin.com\\\/company\\\/nextase\\\/about\\\/\"]}]}<\/script>\n<!-- \/ Yoast SEO plugin. -->","yoast_head_json":{"title":"Solsys \/ Prestashop","description":"Solsys : Nextase est partenaire de Solsys et accompagne ses clients pour connecter leur logiciel de caisse Solsys \u00e0 leur site e-commerce Prestashop.","robots":{"index":"index","follow":"follow","max-snippet":"max-snippet:-1","max-image-preview":"max-image-preview:large","max-video-preview":"max-video-preview:-1"},"canonical":"https:\/\/www.nextase.fr\/fr\/expertise-internet\/technique-prestashop\/solsys\/","og_locale":"fr_FR","og_type":"article","og_title":"Solsys \/ Prestashop","og_description":"Solsys : Nextase est partenaire de Solsys et accompagne ses clients pour connecter leur logiciel de caisse Solsys \u00e0 leur site e-commerce Prestashop.","og_url":"https:\/\/www.nextase.fr\/fr\/expertise-internet\/technique-prestashop\/solsys\/","og_site_name":"Nextase","article_modified_time":"2020-05-08T07:05:19+00:00","og_image":[{"url":"https:\/\/nextase.fr\/wp-content\/uploads\/2013\/03\/logo-Solsys-e1382783025405.png","type":"","width":"","height":""}],"twitter_misc":{"Dur\u00e9e de lecture estim\u00e9e":"1 minute"},"schema":{"@context":"https:\/\/schema.org","@graph":[{"@type":"WebPage","@id":"https:\/\/www.nextase.fr\/expertise-internet\/technique-prestashop\/solsys\/","url":"https:\/\/www.nextase.fr\/expertise-internet\/technique-prestashop\/solsys\/","name":"Solsys \/ Prestashop","isPartOf":{"@id":"https:\/\/www.nextase.fr\/fr\/#website"},"primaryImageOfPage":{"@id":"https:\/\/www.nextase.fr\/expertise-internet\/technique-prestashop\/solsys\/#primaryimage"},"image":{"@id":"https:\/\/www.nextase.fr\/expertise-internet\/technique-prestashop\/solsys\/#primaryimage"},"thumbnailUrl":"https:\/\/nextase.fr\/wp-content\/uploads\/2013\/03\/logo-Solsys-e1382783025405.png","datePublished":"2013-12-17T12:19:27+00:00","dateModified":"2020-05-08T07:05:19+00:00","description":"Solsys : Nextase est partenaire de Solsys et accompagne ses clients pour connecter leur logiciel de caisse Solsys \u00e0 leur site e-commerce Prestashop.","breadcrumb":{"@id":"https:\/\/www.nextase.fr\/expertise-internet\/technique-prestashop\/solsys\/#breadcrumb"},"inLanguage":"fr-FR","potentialAction":[{"@type":"ReadAction","target":["https:\/\/www.nextase.fr\/expertise-internet\/technique-prestashop\/solsys\/"]}]},{"@type":"ImageObject","inLanguage":"fr-FR","@id":"https:\/\/www.nextase.fr\/expertise-internet\/technique-prestashop\/solsys\/#primaryimage","url":"https:\/\/nextase.fr\/wp-content\/uploads\/2013\/03\/logo-Solsys-e1382783025405.png","contentUrl":"https:\/\/nextase.fr\/wp-content\/uploads\/2013\/03\/logo-Solsys-e1382783025405.png"},{"@type":"BreadcrumbList","@id":"https:\/\/www.nextase.fr\/expertise-internet\/technique-prestashop\/solsys\/#breadcrumb","itemListElement":[{"@type":"ListItem","position":1,"name":"Notre expertise","item":"https:\/\/www.nextase.fr\/fr\/expertise-internet\/"},{"@type":"ListItem","position":2,"name":"Innovation technique","item":"https:\/\/www.nextase.fr\/expertise-internet\/technique-prestashop\/"},{"@type":"ListItem","position":3,"name":"Solsys : du commerce au e-commerce"}]},{"@type":"WebSite","@id":"https:\/\/www.nextase.fr\/fr\/#website","url":"https:\/\/www.nextase.fr\/fr\/","name":"Nextase","description":"Agence web marketing sp\u00e9cialis\u00e9e Marketplace","publisher":{"@id":"https:\/\/www.nextase.fr\/fr\/#organization"},"potentialAction":[{"@type":"SearchAction","target":{"@type":"EntryPoint","urlTemplate":"https:\/\/www.nextase.fr\/fr\/?s={search_term_string}"},"query-input":{"@type":"PropertyValueSpecification","valueRequired":true,"valueName":"search_term_string"}}],"inLanguage":"fr-FR"},{"@type":"Organization","@id":"https:\/\/www.nextase.fr\/fr\/#organization","name":"Agence Nextase","url":"https:\/\/www.nextase.fr\/fr\/","logo":{"@type":"ImageObject","inLanguage":"fr-FR","@id":"https:\/\/www.nextase.fr\/fr\/#\/schema\/logo\/image\/","url":"https:\/\/www.nextase.fr\/wp-content\/uploads\/2014\/02\/Logo_Nextase_finale_noir_carre.png","contentUrl":"https:\/\/www.nextase.fr\/wp-content\/uploads\/2014\/02\/Logo_Nextase_finale_noir_carre.png","width":186,"height":186,"caption":"Agence Nextase"},"image":{"@id":"https:\/\/www.nextase.fr\/fr\/#\/schema\/logo\/image\/"},"sameAs":["https:\/\/twitter.com\/agencenextase?lang=fr","https:\/\/www.linkedin.com\/company\/nextase\/about\/"]}]}},"_links":{"self":[{"href":"https:\/\/www.nextase.fr\/fr\/wp-json\/wp\/v2\/pages\/2144","targetHints":{"allow":["GET"]}}],"collection":[{"href":"https:\/\/www.nextase.fr\/fr\/wp-json\/wp\/v2\/pages"}],"about":[{"href":"https:\/\/www.nextase.fr\/fr\/wp-json\/wp\/v2\/types\/page"}],"author":[{"embeddable":true,"href":"https:\/\/www.nextase.fr\/fr\/wp-json\/wp\/v2\/users\/10"}],"replies":[{"embeddable":true,"href":"https:\/\/www.nextase.fr\/fr\/wp-json\/wp\/v2\/comments?post=2144"}],"version-history":[{"count":20,"href":"https:\/\/www.nextase.fr\/fr\/wp-json\/wp\/v2\/pages\/2144\/revisions"}],"predecessor-version":[{"id":3465,"href":"https:\/\/www.nextase.fr\/fr\/wp-json\/wp\/v2\/pages\/2144\/revisions\/3465"}],"up":[{"embeddable":true,"href":"https:\/\/www.nextase.fr\/fr\/wp-json\/wp\/v2\/pages\/2076"}],"wp:attachment":[{"href":"https:\/\/www.nextase.fr\/fr\/wp-json\/wp\/v2\/media?parent=2144"}],"curies":[{"name":"wp","href":"https:\/\/api.w.org\/{rel}","templated":true}]}}