{"id":2078,"date":"2013-12-13T17:52:05","date_gmt":"2013-12-13T16:52:05","guid":{"rendered":"https:\/\/nextase.fr\/?page_id=2078"},"modified":"2020-06-02T11:07:15","modified_gmt":"2020-06-02T10:07:15","slug":"assistance-support","status":"publish","type":"page","link":"https:\/\/www.nextase.fr\/fr\/expertise-internet\/assistance-support\/","title":{"rendered":"Assistance &#038; Support"},"content":{"rendered":"\t\t<div data-elementor-type=\"wp-page\" data-elementor-id=\"2078\" class=\"elementor elementor-2078\" data-elementor-post-type=\"page\">\n\t\t\t\t\t\t<section class=\"elementor-section elementor-top-section elementor-element elementor-element-f34f8 elementor-section-boxed elementor-section-height-default elementor-section-height-default\" data-id=\"f34f8\" data-element_type=\"section\" data-e-type=\"section\">\n\t\t\t\t\t\t<div class=\"elementor-container elementor-column-gap-default\">\n\t\t\t\t\t<div class=\"elementor-column elementor-col-33 elementor-top-column elementor-element elementor-element-4de722e4\" data-id=\"4de722e4\" data-element_type=\"column\" data-e-type=\"column\">\n\t\t\t<div class=\"elementor-widget-wrap elementor-element-populated\">\n\t\t\t\t\t\t<div class=\"elementor-element elementor-element-5e48a2ad elementor-nav-menu--dropdown-tablet elementor-nav-menu__text-align-aside elementor-widget elementor-widget-global elementor-global-3394 elementor-widget-nav-menu\" data-id=\"5e48a2ad\" data-element_type=\"widget\" data-e-type=\"widget\" data-settings=\"{&quot;layout&quot;:&quot;vertical&quot;,&quot;submenu_icon&quot;:{&quot;value&quot;:&quot;fas fa-caret-down&quot;,&quot;library&quot;:&quot;fa-solid&quot;}}\" data-widget_type=\"nav-menu.default\">\n\t\t\t\t<div class=\"elementor-widget-container\">\n\t\t\t\t\t\t\t\t<nav aria-label=\"Menu\" class=\"elementor-nav-menu--main elementor-nav-menu__container elementor-nav-menu--layout-vertical e--pointer-underline e--animation-fade\">\n\t\t\t\t<ul id=\"menu-1-5e48a2ad\" class=\"elementor-nav-menu sm-vertical\"><li class=\"menu-item menu-item-type-post_type menu-item-object-page menu-item-2085\"><a href=\"https:\/\/www.nextase.fr\/fr\/expertise-internet\/vision-et-strategie\/\" class=\"elementor-item\"><i class=\"icon icon-hand-right\"><\/i>\u00a0\u00a0Vision et strat\u00e9gie<\/a><\/li>\n<li class=\"menu-item menu-item-type-post_type menu-item-object-page menu-item-2084\"><a href=\"https:\/\/www.nextase.fr\/fr\/expertise-internet\/web-marketing\/\" class=\"elementor-item\"><i class=\"icon icon-screenshot\"><\/i>\u00a0\u00a0Web Marketing<\/a><\/li>\n<li class=\"menu-item menu-item-type-post_type menu-item-object-page menu-item-2408\"><a href=\"https:\/\/www.nextase.fr\/fr\/expertise-internet\/marketplace\/\" class=\"elementor-item\"><i class=\"icon icon-shopping-cart\"><\/i>\u00a0\u00a0Marketplace<\/a><\/li>\n<li class=\"menu-item menu-item-type-post_type menu-item-object-page menu-item-2083\"><a href=\"https:\/\/www.nextase.fr\/fr\/expertise-internet\/base-de-donnees\/\" class=\"elementor-item\"><i class=\"icon icon-download-alt\"><\/i>\u00a0\u00a0Base de donn\u00e9es<\/a><\/li>\n<li class=\"menu-item menu-item-type-post_type menu-item-object-page menu-item-2081\"><a href=\"https:\/\/www.nextase.fr\/fr\/expertise-internet\/graphisme\/\" class=\"elementor-item\"><i class=\"icon icon-pencil\"><\/i>\u00a0\u00a0Graphisme<\/a><\/li>\n<li class=\"menu-item menu-item-type-post_type menu-item-object-page menu-item-2080\"><a href=\"https:\/\/www.nextase.fr\/fr\/expertise-internet\/technique-prestashop\/\" class=\"elementor-item\"><i class=\"icon icon-cogs\"><\/i>\u00a0\u00a0Technique<\/a><\/li>\n<li class=\"menu-item menu-item-type-post_type menu-item-object-page menu-item-2082\"><a href=\"https:\/\/www.nextase.fr\/fr\/expertise-internet\/assistance-support\/\" class=\"elementor-item\"><i class=\"icon icon-info-sign\"><\/i>\u00a0\u00a0Assistance&#038;Support<\/a><\/li>\n<\/ul>\t\t\t<\/nav>\n\t\t\t\t\t\t<nav class=\"elementor-nav-menu--dropdown elementor-nav-menu__container\" aria-hidden=\"true\">\n\t\t\t\t<ul id=\"menu-2-5e48a2ad\" class=\"elementor-nav-menu sm-vertical\"><li class=\"menu-item menu-item-type-post_type menu-item-object-page menu-item-2085\"><a href=\"https:\/\/www.nextase.fr\/fr\/expertise-internet\/vision-et-strategie\/\" class=\"elementor-item\" tabindex=\"-1\"><i class=\"icon icon-hand-right\"><\/i>\u00a0\u00a0Vision et strat\u00e9gie<\/a><\/li>\n<li class=\"menu-item menu-item-type-post_type menu-item-object-page menu-item-2084\"><a href=\"https:\/\/www.nextase.fr\/fr\/expertise-internet\/web-marketing\/\" class=\"elementor-item\" tabindex=\"-1\"><i class=\"icon icon-screenshot\"><\/i>\u00a0\u00a0Web Marketing<\/a><\/li>\n<li class=\"menu-item menu-item-type-post_type menu-item-object-page menu-item-2408\"><a href=\"https:\/\/www.nextase.fr\/fr\/expertise-internet\/marketplace\/\" class=\"elementor-item\" tabindex=\"-1\"><i class=\"icon icon-shopping-cart\"><\/i>\u00a0\u00a0Marketplace<\/a><\/li>\n<li class=\"menu-item menu-item-type-post_type menu-item-object-page menu-item-2083\"><a href=\"https:\/\/www.nextase.fr\/fr\/expertise-internet\/base-de-donnees\/\" class=\"elementor-item\" tabindex=\"-1\"><i class=\"icon icon-download-alt\"><\/i>\u00a0\u00a0Base de donn\u00e9es<\/a><\/li>\n<li class=\"menu-item menu-item-type-post_type menu-item-object-page menu-item-2081\"><a href=\"https:\/\/www.nextase.fr\/fr\/expertise-internet\/graphisme\/\" class=\"elementor-item\" tabindex=\"-1\"><i class=\"icon icon-pencil\"><\/i>\u00a0\u00a0Graphisme<\/a><\/li>\n<li class=\"menu-item menu-item-type-post_type menu-item-object-page menu-item-2080\"><a href=\"https:\/\/www.nextase.fr\/fr\/expertise-internet\/technique-prestashop\/\" class=\"elementor-item\" tabindex=\"-1\"><i class=\"icon icon-cogs\"><\/i>\u00a0\u00a0Technique<\/a><\/li>\n<li class=\"menu-item menu-item-type-post_type menu-item-object-page menu-item-2082\"><a href=\"https:\/\/www.nextase.fr\/fr\/expertise-internet\/assistance-support\/\" class=\"elementor-item\" tabindex=\"-1\"><i class=\"icon icon-info-sign\"><\/i>\u00a0\u00a0Assistance&#038;Support<\/a><\/li>\n<\/ul>\t\t\t<\/nav>\n\t\t\t\t\t\t<\/div>\n\t\t\t\t<\/div>\n\t\t\t\t\t<\/div>\n\t\t<\/div>\n\t\t\t\t<div class=\"elementor-column elementor-col-66 elementor-top-column elementor-element elementor-element-76380d30\" data-id=\"76380d30\" data-element_type=\"column\" data-e-type=\"column\">\n\t\t\t<div class=\"elementor-widget-wrap elementor-element-populated\">\n\t\t\t\t\t\t<div class=\"elementor-element elementor-element-62894486 elementor-widget elementor-widget-heading\" data-id=\"62894486\" data-element_type=\"widget\" data-e-type=\"widget\" data-widget_type=\"heading.default\">\n\t\t\t\t<div class=\"elementor-widget-container\">\n\t\t\t\t\t<h1 class=\"elementor-heading-title elementor-size-default\">Assistance &#038; Support<\/h1>\t\t\t\t<\/div>\n\t\t\t\t<\/div>\n\t\t\t\t<div class=\"elementor-element elementor-element-49f42b47 elementor-widget elementor-widget-text-editor\" data-id=\"49f42b47\" data-element_type=\"widget\" data-e-type=\"widget\" data-widget_type=\"text-editor.default\">\n\t\t\t\t<div class=\"elementor-widget-container\">\n\t\t\t\t\t\t\t\t\t<p>Une fois votre site lanc\u00e9, vous disposez avec Nextase d&rsquo;un <strong>accompagnement r\u00e9gulier<\/strong> pour vous permettre d&rsquo;avancer dans votre activit\u00e9 avec <strong>des experts \u00e0 votre \u00e9coute<\/strong>.\u00a0<\/p><p>La prise en main de votre <a title=\"Prestashop\" href=\"https:\/\/nextase.fr\/technique-prestashop\/prestashop\/\">site Internet Prestashop r\u00e9alis\u00e9 par Nextase<\/a> commence par une formation pour vous initier \u00e0 son administration et \u00e0 son fonctionnement.<\/p><p>Vous serez alors en mesure d&rsquo;<strong>animer commercialement votre site<\/strong>, d&rsquo;<strong>ajouter des produits \u00e0 votre catalogue<\/strong> diffus\u00e9 en ligne, de <strong>g\u00e9rer vos commandes<\/strong> et de les exp\u00e9dier.<\/p><p>Pour toutes questions ou nouveaux besoins, vos interlocuteurs chez Nextase restent joignables par t\u00e9l\u00e9phone ou mail pour vous apporter rapidement les <strong>solutions adapt\u00e9es<\/strong>.<\/p>\t\t\t\t\t\t\t\t<\/div>\n\t\t\t\t<\/div>\n\t\t\t\t\t<\/div>\n\t\t<\/div>\n\t\t\t\t\t<\/div>\n\t\t<\/section>\n\t\t\t\t<\/div>\n\t\t","protected":false},"excerpt":{"rendered":"<p>Une fois votre site lanc\u00e9, vous disposez avec Nextase d&rsquo;un accompagnement r\u00e9gulier pour vous permettre d&rsquo;avancer dans votre activit\u00e9 avec des experts \u00e0 votre \u00e9coute.&nbsp; La prise en main de votre site Internet Prestashop r\u00e9alis\u00e9 par Nextase commence par une formation pour vous initier \u00e0 son administration et \u00e0 son fonctionnement. Vous serez alors en [&hellip;]<\/p>\n","protected":false},"author":10,"featured_media":0,"parent":1984,"menu_order":0,"comment_status":"closed","ping_status":"closed","template":"","meta":{"_monsterinsights_skip_tracking":false,"_monsterinsights_sitenote_active":false,"_monsterinsights_sitenote_note":"","_monsterinsights_sitenote_category":0,"footnotes":""},"class_list":["post-2078","page","type-page","status-publish","hentry"],"yoast_head":"<!-- This site is optimized with the Yoast SEO plugin v27.4 - https:\/\/yoast.com\/product\/yoast-seo-wordpress\/ -->\n<title>Assistance &amp; Support | Nextase<\/title>\n<meta name=\"robots\" content=\"index, follow, max-snippet:-1, max-image-preview:large, max-video-preview:-1\" \/>\n<link rel=\"canonical\" href=\"https:\/\/www.nextase.fr\/fr\/expertise-internet\/assistance-support\/\" \/>\n<meta property=\"og:locale\" content=\"fr_FR\" \/>\n<meta property=\"og:type\" content=\"article\" \/>\n<meta property=\"og:title\" content=\"Assistance &amp; Support | Nextase\" \/>\n<meta property=\"og:description\" content=\"Une fois votre site lanc\u00e9, vous disposez avec Nextase d&rsquo;un accompagnement r\u00e9gulier pour vous permettre d&rsquo;avancer dans votre activit\u00e9 avec des experts \u00e0 votre \u00e9coute.&nbsp; La prise en main de votre site Internet Prestashop r\u00e9alis\u00e9 par Nextase commence par une formation pour vous initier \u00e0 son administration et \u00e0 son fonctionnement. Vous serez alors en [&hellip;]\" \/>\n<meta property=\"og:url\" content=\"https:\/\/www.nextase.fr\/fr\/expertise-internet\/assistance-support\/\" \/>\n<meta property=\"og:site_name\" content=\"Nextase\" \/>\n<meta property=\"article:modified_time\" content=\"2020-06-02T10:07:15+00:00\" \/>\n<meta property=\"og:image\" content=\"https:\/\/www.nextase.fr\/wp-content\/uploads\/2013\/12\/logo-nextase.png\" \/>\n\t<meta property=\"og:image:width\" content=\"84\" \/>\n\t<meta property=\"og:image:height\" content=\"60\" \/>\n\t<meta property=\"og:image:type\" content=\"image\/png\" \/>\n<meta name=\"twitter:label1\" content=\"Dur\u00e9e de lecture estim\u00e9e\" \/>\n\t<meta name=\"twitter:data1\" content=\"1 minute\" \/>\n<script type=\"application\/ld+json\" class=\"yoast-schema-graph\">{\"@context\":\"https:\\\/\\\/schema.org\",\"@graph\":[{\"@type\":\"WebPage\",\"@id\":\"https:\\\/\\\/www.nextase.fr\\\/fr\\\/expertise-internet\\\/assistance-support\\\/\",\"url\":\"https:\\\/\\\/www.nextase.fr\\\/fr\\\/expertise-internet\\\/assistance-support\\\/\",\"name\":\"Assistance & Support | Nextase\",\"isPartOf\":{\"@id\":\"https:\\\/\\\/www.nextase.fr\\\/fr\\\/#website\"},\"datePublished\":\"2013-12-13T16:52:05+00:00\",\"dateModified\":\"2020-06-02T10:07:15+00:00\",\"breadcrumb\":{\"@id\":\"https:\\\/\\\/www.nextase.fr\\\/fr\\\/expertise-internet\\\/assistance-support\\\/#breadcrumb\"},\"inLanguage\":\"fr-FR\",\"potentialAction\":[{\"@type\":\"ReadAction\",\"target\":[\"https:\\\/\\\/www.nextase.fr\\\/fr\\\/expertise-internet\\\/assistance-support\\\/\"]}]},{\"@type\":\"BreadcrumbList\",\"@id\":\"https:\\\/\\\/www.nextase.fr\\\/fr\\\/expertise-internet\\\/assistance-support\\\/#breadcrumb\",\"itemListElement\":[{\"@type\":\"ListItem\",\"position\":1,\"name\":\"Notre expertise\",\"item\":\"https:\\\/\\\/www.nextase.fr\\\/fr\\\/expertise-internet\\\/\"},{\"@type\":\"ListItem\",\"position\":2,\"name\":\"Assistance &#038; Support\"}]},{\"@type\":\"WebSite\",\"@id\":\"https:\\\/\\\/www.nextase.fr\\\/fr\\\/#website\",\"url\":\"https:\\\/\\\/www.nextase.fr\\\/fr\\\/\",\"name\":\"Nextase\",\"description\":\"Agence web marketing sp\u00e9cialis\u00e9e Marketplace\",\"publisher\":{\"@id\":\"https:\\\/\\\/www.nextase.fr\\\/fr\\\/#organization\"},\"potentialAction\":[{\"@type\":\"SearchAction\",\"target\":{\"@type\":\"EntryPoint\",\"urlTemplate\":\"https:\\\/\\\/www.nextase.fr\\\/fr\\\/?s={search_term_string}\"},\"query-input\":{\"@type\":\"PropertyValueSpecification\",\"valueRequired\":true,\"valueName\":\"search_term_string\"}}],\"inLanguage\":\"fr-FR\"},{\"@type\":\"Organization\",\"@id\":\"https:\\\/\\\/www.nextase.fr\\\/fr\\\/#organization\",\"name\":\"Agence Nextase\",\"url\":\"https:\\\/\\\/www.nextase.fr\\\/fr\\\/\",\"logo\":{\"@type\":\"ImageObject\",\"inLanguage\":\"fr-FR\",\"@id\":\"https:\\\/\\\/www.nextase.fr\\\/fr\\\/#\\\/schema\\\/logo\\\/image\\\/\",\"url\":\"https:\\\/\\\/www.nextase.fr\\\/wp-content\\\/uploads\\\/2014\\\/02\\\/Logo_Nextase_finale_noir_carre.png\",\"contentUrl\":\"https:\\\/\\\/www.nextase.fr\\\/wp-content\\\/uploads\\\/2014\\\/02\\\/Logo_Nextase_finale_noir_carre.png\",\"width\":186,\"height\":186,\"caption\":\"Agence Nextase\"},\"image\":{\"@id\":\"https:\\\/\\\/www.nextase.fr\\\/fr\\\/#\\\/schema\\\/logo\\\/image\\\/\"},\"sameAs\":[\"https:\\\/\\\/twitter.com\\\/agencenextase?lang=fr\",\"https:\\\/\\\/www.linkedin.com\\\/company\\\/nextase\\\/about\\\/\"]}]}<\/script>\n<!-- \/ Yoast SEO plugin. -->","yoast_head_json":{"title":"Assistance & Support | Nextase","robots":{"index":"index","follow":"follow","max-snippet":"max-snippet:-1","max-image-preview":"max-image-preview:large","max-video-preview":"max-video-preview:-1"},"canonical":"https:\/\/www.nextase.fr\/fr\/expertise-internet\/assistance-support\/","og_locale":"fr_FR","og_type":"article","og_title":"Assistance & Support | Nextase","og_description":"Une fois votre site lanc\u00e9, vous disposez avec Nextase d&rsquo;un accompagnement r\u00e9gulier pour vous permettre d&rsquo;avancer dans votre activit\u00e9 avec des experts \u00e0 votre \u00e9coute.&nbsp; La prise en main de votre site Internet Prestashop r\u00e9alis\u00e9 par Nextase commence par une formation pour vous initier \u00e0 son administration et \u00e0 son fonctionnement. Vous serez alors en [&hellip;]","og_url":"https:\/\/www.nextase.fr\/fr\/expertise-internet\/assistance-support\/","og_site_name":"Nextase","article_modified_time":"2020-06-02T10:07:15+00:00","og_image":[{"width":84,"height":60,"url":"https:\/\/www.nextase.fr\/wp-content\/uploads\/2013\/12\/logo-nextase.png","type":"image\/png"}],"twitter_misc":{"Dur\u00e9e de lecture estim\u00e9e":"1 minute"},"schema":{"@context":"https:\/\/schema.org","@graph":[{"@type":"WebPage","@id":"https:\/\/www.nextase.fr\/fr\/expertise-internet\/assistance-support\/","url":"https:\/\/www.nextase.fr\/fr\/expertise-internet\/assistance-support\/","name":"Assistance & Support | Nextase","isPartOf":{"@id":"https:\/\/www.nextase.fr\/fr\/#website"},"datePublished":"2013-12-13T16:52:05+00:00","dateModified":"2020-06-02T10:07:15+00:00","breadcrumb":{"@id":"https:\/\/www.nextase.fr\/fr\/expertise-internet\/assistance-support\/#breadcrumb"},"inLanguage":"fr-FR","potentialAction":[{"@type":"ReadAction","target":["https:\/\/www.nextase.fr\/fr\/expertise-internet\/assistance-support\/"]}]},{"@type":"BreadcrumbList","@id":"https:\/\/www.nextase.fr\/fr\/expertise-internet\/assistance-support\/#breadcrumb","itemListElement":[{"@type":"ListItem","position":1,"name":"Notre expertise","item":"https:\/\/www.nextase.fr\/fr\/expertise-internet\/"},{"@type":"ListItem","position":2,"name":"Assistance &#038; Support"}]},{"@type":"WebSite","@id":"https:\/\/www.nextase.fr\/fr\/#website","url":"https:\/\/www.nextase.fr\/fr\/","name":"Nextase","description":"Agence web marketing sp\u00e9cialis\u00e9e Marketplace","publisher":{"@id":"https:\/\/www.nextase.fr\/fr\/#organization"},"potentialAction":[{"@type":"SearchAction","target":{"@type":"EntryPoint","urlTemplate":"https:\/\/www.nextase.fr\/fr\/?s={search_term_string}"},"query-input":{"@type":"PropertyValueSpecification","valueRequired":true,"valueName":"search_term_string"}}],"inLanguage":"fr-FR"},{"@type":"Organization","@id":"https:\/\/www.nextase.fr\/fr\/#organization","name":"Agence Nextase","url":"https:\/\/www.nextase.fr\/fr\/","logo":{"@type":"ImageObject","inLanguage":"fr-FR","@id":"https:\/\/www.nextase.fr\/fr\/#\/schema\/logo\/image\/","url":"https:\/\/www.nextase.fr\/wp-content\/uploads\/2014\/02\/Logo_Nextase_finale_noir_carre.png","contentUrl":"https:\/\/www.nextase.fr\/wp-content\/uploads\/2014\/02\/Logo_Nextase_finale_noir_carre.png","width":186,"height":186,"caption":"Agence Nextase"},"image":{"@id":"https:\/\/www.nextase.fr\/fr\/#\/schema\/logo\/image\/"},"sameAs":["https:\/\/twitter.com\/agencenextase?lang=fr","https:\/\/www.linkedin.com\/company\/nextase\/about\/"]}]}},"_links":{"self":[{"href":"https:\/\/www.nextase.fr\/fr\/wp-json\/wp\/v2\/pages\/2078","targetHints":{"allow":["GET"]}}],"collection":[{"href":"https:\/\/www.nextase.fr\/fr\/wp-json\/wp\/v2\/pages"}],"about":[{"href":"https:\/\/www.nextase.fr\/fr\/wp-json\/wp\/v2\/types\/page"}],"author":[{"embeddable":true,"href":"https:\/\/www.nextase.fr\/fr\/wp-json\/wp\/v2\/users\/10"}],"replies":[{"embeddable":true,"href":"https:\/\/www.nextase.fr\/fr\/wp-json\/wp\/v2\/comments?post=2078"}],"version-history":[{"count":14,"href":"https:\/\/www.nextase.fr\/fr\/wp-json\/wp\/v2\/pages\/2078\/revisions"}],"predecessor-version":[{"id":3503,"href":"https:\/\/www.nextase.fr\/fr\/wp-json\/wp\/v2\/pages\/2078\/revisions\/3503"}],"up":[{"embeddable":true,"href":"https:\/\/www.nextase.fr\/fr\/wp-json\/wp\/v2\/pages\/1984"}],"wp:attachment":[{"href":"https:\/\/www.nextase.fr\/fr\/wp-json\/wp\/v2\/media?parent=2078"}],"curies":[{"name":"wp","href":"https:\/\/api.w.org\/{rel}","templated":true}]}}