{"id":2067,"date":"2013-12-13T17:28:22","date_gmt":"2013-12-13T16:28:22","guid":{"rendered":"https:\/\/nextase.fr\/?page_id=2067"},"modified":"2020-06-02T11:07:45","modified_gmt":"2020-06-02T10:07:45","slug":"vision-et-strategie","status":"publish","type":"page","link":"https:\/\/www.nextase.fr\/fr\/expertise-internet\/vision-et-strategie\/","title":{"rendered":"Vision et strat\u00e9gie"},"content":{"rendered":"\t\t<div data-elementor-type=\"wp-page\" data-elementor-id=\"2067\" class=\"elementor elementor-2067\" data-elementor-post-type=\"page\">\n\t\t\t\t\t\t<section class=\"elementor-section elementor-top-section elementor-element elementor-element-65900465 elementor-section-boxed elementor-section-height-default elementor-section-height-default\" data-id=\"65900465\" data-element_type=\"section\" data-e-type=\"section\">\n\t\t\t\t\t\t<div class=\"elementor-container elementor-column-gap-default\">\n\t\t\t\t\t<div class=\"elementor-column elementor-col-33 elementor-top-column elementor-element elementor-element-61772706\" data-id=\"61772706\" data-element_type=\"column\" data-e-type=\"column\">\n\t\t\t<div class=\"elementor-widget-wrap elementor-element-populated\">\n\t\t\t\t\t\t<div class=\"elementor-element elementor-element-098c74e elementor-nav-menu--dropdown-tablet elementor-nav-menu__text-align-aside elementor-widget elementor-widget-global elementor-global-3394 elementor-widget-nav-menu\" data-id=\"098c74e\" data-element_type=\"widget\" data-e-type=\"widget\" data-settings=\"{&quot;layout&quot;:&quot;vertical&quot;,&quot;submenu_icon&quot;:{&quot;value&quot;:&quot;fas fa-caret-down&quot;,&quot;library&quot;:&quot;fa-solid&quot;}}\" data-widget_type=\"nav-menu.default\">\n\t\t\t\t<div class=\"elementor-widget-container\">\n\t\t\t\t\t\t\t\t<nav aria-label=\"Menu\" class=\"elementor-nav-menu--main elementor-nav-menu__container elementor-nav-menu--layout-vertical e--pointer-underline e--animation-fade\">\n\t\t\t\t<ul id=\"menu-1-098c74e\" class=\"elementor-nav-menu sm-vertical\"><li class=\"menu-item menu-item-type-post_type menu-item-object-page menu-item-2085\"><a href=\"https:\/\/www.nextase.fr\/fr\/expertise-internet\/vision-et-strategie\/\" class=\"elementor-item\"><i class=\"icon icon-hand-right\"><\/i>\u00a0\u00a0Vision et strat\u00e9gie<\/a><\/li>\n<li class=\"menu-item menu-item-type-post_type menu-item-object-page menu-item-2084\"><a href=\"https:\/\/www.nextase.fr\/fr\/expertise-internet\/web-marketing\/\" class=\"elementor-item\"><i class=\"icon icon-screenshot\"><\/i>\u00a0\u00a0Web Marketing<\/a><\/li>\n<li class=\"menu-item menu-item-type-post_type menu-item-object-page menu-item-2408\"><a href=\"https:\/\/www.nextase.fr\/fr\/expertise-internet\/marketplace\/\" class=\"elementor-item\"><i class=\"icon icon-shopping-cart\"><\/i>\u00a0\u00a0Marketplace<\/a><\/li>\n<li class=\"menu-item menu-item-type-post_type menu-item-object-page menu-item-2083\"><a href=\"https:\/\/www.nextase.fr\/fr\/expertise-internet\/base-de-donnees\/\" class=\"elementor-item\"><i class=\"icon icon-download-alt\"><\/i>\u00a0\u00a0Base de donn\u00e9es<\/a><\/li>\n<li class=\"menu-item menu-item-type-post_type menu-item-object-page menu-item-2081\"><a href=\"https:\/\/www.nextase.fr\/fr\/expertise-internet\/graphisme\/\" class=\"elementor-item\"><i class=\"icon icon-pencil\"><\/i>\u00a0\u00a0Graphisme<\/a><\/li>\n<li class=\"menu-item menu-item-type-post_type menu-item-object-page menu-item-2080\"><a href=\"https:\/\/www.nextase.fr\/fr\/expertise-internet\/technique-prestashop\/\" class=\"elementor-item\"><i class=\"icon icon-cogs\"><\/i>\u00a0\u00a0Technique<\/a><\/li>\n<li class=\"menu-item menu-item-type-post_type menu-item-object-page menu-item-2082\"><a href=\"https:\/\/www.nextase.fr\/fr\/expertise-internet\/assistance-support\/\" class=\"elementor-item\"><i class=\"icon icon-info-sign\"><\/i>\u00a0\u00a0Assistance&#038;Support<\/a><\/li>\n<\/ul>\t\t\t<\/nav>\n\t\t\t\t\t\t<nav class=\"elementor-nav-menu--dropdown elementor-nav-menu__container\" aria-hidden=\"true\">\n\t\t\t\t<ul id=\"menu-2-098c74e\" class=\"elementor-nav-menu sm-vertical\"><li class=\"menu-item menu-item-type-post_type menu-item-object-page menu-item-2085\"><a href=\"https:\/\/www.nextase.fr\/fr\/expertise-internet\/vision-et-strategie\/\" class=\"elementor-item\" tabindex=\"-1\"><i class=\"icon icon-hand-right\"><\/i>\u00a0\u00a0Vision et strat\u00e9gie<\/a><\/li>\n<li class=\"menu-item menu-item-type-post_type menu-item-object-page menu-item-2084\"><a href=\"https:\/\/www.nextase.fr\/fr\/expertise-internet\/web-marketing\/\" class=\"elementor-item\" tabindex=\"-1\"><i class=\"icon icon-screenshot\"><\/i>\u00a0\u00a0Web Marketing<\/a><\/li>\n<li class=\"menu-item menu-item-type-post_type menu-item-object-page menu-item-2408\"><a href=\"https:\/\/www.nextase.fr\/fr\/expertise-internet\/marketplace\/\" class=\"elementor-item\" tabindex=\"-1\"><i class=\"icon icon-shopping-cart\"><\/i>\u00a0\u00a0Marketplace<\/a><\/li>\n<li class=\"menu-item menu-item-type-post_type menu-item-object-page menu-item-2083\"><a href=\"https:\/\/www.nextase.fr\/fr\/expertise-internet\/base-de-donnees\/\" class=\"elementor-item\" tabindex=\"-1\"><i class=\"icon icon-download-alt\"><\/i>\u00a0\u00a0Base de donn\u00e9es<\/a><\/li>\n<li class=\"menu-item menu-item-type-post_type menu-item-object-page menu-item-2081\"><a href=\"https:\/\/www.nextase.fr\/fr\/expertise-internet\/graphisme\/\" class=\"elementor-item\" tabindex=\"-1\"><i class=\"icon icon-pencil\"><\/i>\u00a0\u00a0Graphisme<\/a><\/li>\n<li class=\"menu-item menu-item-type-post_type menu-item-object-page menu-item-2080\"><a href=\"https:\/\/www.nextase.fr\/fr\/expertise-internet\/technique-prestashop\/\" class=\"elementor-item\" tabindex=\"-1\"><i class=\"icon icon-cogs\"><\/i>\u00a0\u00a0Technique<\/a><\/li>\n<li class=\"menu-item menu-item-type-post_type menu-item-object-page menu-item-2082\"><a href=\"https:\/\/www.nextase.fr\/fr\/expertise-internet\/assistance-support\/\" class=\"elementor-item\" tabindex=\"-1\"><i class=\"icon icon-info-sign\"><\/i>\u00a0\u00a0Assistance&#038;Support<\/a><\/li>\n<\/ul>\t\t\t<\/nav>\n\t\t\t\t\t\t<\/div>\n\t\t\t\t<\/div>\n\t\t\t\t\t<\/div>\n\t\t<\/div>\n\t\t\t\t<div class=\"elementor-column elementor-col-66 elementor-top-column elementor-element elementor-element-051e8b4\" data-id=\"051e8b4\" data-element_type=\"column\" data-e-type=\"column\">\n\t\t\t<div class=\"elementor-widget-wrap elementor-element-populated\">\n\t\t\t\t\t\t<div class=\"elementor-element elementor-element-4f38b94 elementor-widget elementor-widget-heading\" data-id=\"4f38b94\" data-element_type=\"widget\" data-e-type=\"widget\" data-widget_type=\"heading.default\">\n\t\t\t\t<div class=\"elementor-widget-container\">\n\t\t\t\t\t<h1 class=\"elementor-heading-title elementor-size-default\">Vision et strat\u00e9gie<\/h1>\t\t\t\t<\/div>\n\t\t\t\t<\/div>\n\t\t\t\t<div class=\"elementor-element elementor-element-069d815 elementor-widget elementor-widget-text-editor\" data-id=\"069d815\" data-element_type=\"widget\" data-e-type=\"widget\" data-widget_type=\"text-editor.default\">\n\t\t\t\t<div class=\"elementor-widget-container\">\n\t\t\t\t\t\t\t\t\t<p>Notre exp\u00e9rience dans le secteur e-commerce a d\u00e9but\u00e9 \u00e0 la fin des ann\u00e9es 90 et nous offre&nbsp;<strong>une vision \u00e0 360\u00b0 du march\u00e9<\/strong>, pour appr\u00e9hender tous ses aspects et mener \u00e0 bien une activit\u00e9 de vente en ligne p\u00e9renne et rentable. Nous mettons cette&nbsp;maitrise&nbsp;globale \u00e0 votre service pour&nbsp;<strong>vous accompagner efficacement dans la d\u00e9finition de votre strat\u00e9gie de d\u00e9veloppement<\/strong>.&nbsp;<\/p>\n<p>Une fois la strat\u00e9gie \u00e9tablie, l&rsquo;agence assure avec efficacit\u00e9 sa mise en oeuvre op\u00e9rationnelle \u00e0 l&rsquo;aide de ses diff\u00e9rentes comp\u00e9tences internes :&nbsp;<a title=\"&nbsp;&nbsp;Marketplace\" href=\"https:\/\/nextase.fr\/expertise-internet\/marketplace\/\"><em>Partenariats commerciaux<\/em><\/a>,&nbsp;<a title=\"&nbsp;&nbsp;Web Marketing\" href=\"https:\/\/nextase.fr\/expertise-internet\/web-marketing\/\"><em>Web Marketing<\/em><\/a>,&nbsp;<a title=\"&nbsp;&nbsp;Technique\" href=\"https:\/\/nextase.fr\/technique-prestashop\/\"><em>Technique<\/em><\/a>,&nbsp;<a title=\"&nbsp;&nbsp;Base de donn\u00e9es\" href=\"https:\/\/nextase.fr\/expertise-internet\/base-de-donnees\/\"><em>Base de donn\u00e9es<\/em><\/a>,&nbsp;<a title=\"&nbsp;&nbsp;Graphisme\" href=\"https:\/\/nextase.fr\/expertise-internet\/graphisme\/\"><em>Web Design<\/em><\/a>.<\/p>\t\t\t\t\t\t\t\t<\/div>\n\t\t\t\t<\/div>\n\t\t\t\t\t<\/div>\n\t\t<\/div>\n\t\t\t\t\t<\/div>\n\t\t<\/section>\n\t\t\t\t<\/div>\n\t\t","protected":false},"excerpt":{"rendered":"<p>Notre exp\u00e9rience dans le secteur e-commerce a d\u00e9but\u00e9 \u00e0 la fin des ann\u00e9es 90 et nous offre&nbsp;une vision \u00e0 360\u00b0 du march\u00e9, pour appr\u00e9hender tous ses aspects et mener \u00e0 bien une activit\u00e9 de vente en ligne p\u00e9renne et rentable. Nous mettons cette&nbsp;maitrise&nbsp;globale \u00e0 votre service pour&nbsp;vous accompagner efficacement dans la d\u00e9finition de votre strat\u00e9gie [&hellip;]<\/p>\n","protected":false},"author":10,"featured_media":0,"parent":1984,"menu_order":1,"comment_status":"closed","ping_status":"closed","template":"","meta":{"_monsterinsights_skip_tracking":false,"_monsterinsights_sitenote_active":false,"_monsterinsights_sitenote_note":"","_monsterinsights_sitenote_category":0,"footnotes":""},"class_list":["post-2067","page","type-page","status-publish","hentry"],"yoast_head":"<!-- This site is optimized with the Yoast SEO plugin v27.4 - https:\/\/yoast.com\/product\/yoast-seo-wordpress\/ -->\n<title>Vision et Strat\u00e9gie e-commerce par Nextase<\/title>\n<meta name=\"description\" content=\"Nextase vous accompagne dans la d\u00e9finition de votre strat\u00e9gie en fonction de vos objectifs et de votre catalogue produit.\" \/>\n<meta name=\"robots\" content=\"index, follow, max-snippet:-1, max-image-preview:large, max-video-preview:-1\" \/>\n<link rel=\"canonical\" href=\"https:\/\/www.nextase.fr\/fr\/expertise-internet\/vision-et-strategie\/\" \/>\n<meta property=\"og:locale\" content=\"fr_FR\" \/>\n<meta property=\"og:type\" content=\"article\" \/>\n<meta property=\"og:title\" content=\"Vision et Strat\u00e9gie e-commerce par Nextase\" \/>\n<meta property=\"og:description\" content=\"Nextase vous accompagne dans la d\u00e9finition de votre strat\u00e9gie en fonction de vos objectifs et de votre catalogue produit.\" \/>\n<meta property=\"og:url\" content=\"https:\/\/www.nextase.fr\/fr\/expertise-internet\/vision-et-strategie\/\" \/>\n<meta property=\"og:site_name\" content=\"Nextase\" \/>\n<meta property=\"article:modified_time\" content=\"2020-06-02T10:07:45+00:00\" \/>\n<meta property=\"og:image\" content=\"https:\/\/www.nextase.fr\/wp-content\/uploads\/2013\/12\/logo-nextase.png\" \/>\n\t<meta property=\"og:image:width\" content=\"84\" \/>\n\t<meta property=\"og:image:height\" content=\"60\" \/>\n\t<meta property=\"og:image:type\" content=\"image\/png\" \/>\n<meta name=\"twitter:label1\" content=\"Dur\u00e9e de lecture estim\u00e9e\" \/>\n\t<meta name=\"twitter:data1\" content=\"1 minute\" \/>\n<script type=\"application\/ld+json\" class=\"yoast-schema-graph\">{\"@context\":\"https:\\\/\\\/schema.org\",\"@graph\":[{\"@type\":\"WebPage\",\"@id\":\"https:\\\/\\\/www.nextase.fr\\\/fr\\\/expertise-internet\\\/vision-et-strategie\\\/\",\"url\":\"https:\\\/\\\/www.nextase.fr\\\/fr\\\/expertise-internet\\\/vision-et-strategie\\\/\",\"name\":\"Vision et Strat\u00e9gie e-commerce par Nextase\",\"isPartOf\":{\"@id\":\"https:\\\/\\\/www.nextase.fr\\\/fr\\\/#website\"},\"datePublished\":\"2013-12-13T16:28:22+00:00\",\"dateModified\":\"2020-06-02T10:07:45+00:00\",\"description\":\"Nextase vous accompagne dans la d\u00e9finition de votre strat\u00e9gie en fonction de vos objectifs et de votre catalogue produit.\",\"breadcrumb\":{\"@id\":\"https:\\\/\\\/www.nextase.fr\\\/fr\\\/expertise-internet\\\/vision-et-strategie\\\/#breadcrumb\"},\"inLanguage\":\"fr-FR\",\"potentialAction\":[{\"@type\":\"ReadAction\",\"target\":[\"https:\\\/\\\/www.nextase.fr\\\/fr\\\/expertise-internet\\\/vision-et-strategie\\\/\"]}]},{\"@type\":\"BreadcrumbList\",\"@id\":\"https:\\\/\\\/www.nextase.fr\\\/fr\\\/expertise-internet\\\/vision-et-strategie\\\/#breadcrumb\",\"itemListElement\":[{\"@type\":\"ListItem\",\"position\":1,\"name\":\"Notre expertise\",\"item\":\"https:\\\/\\\/www.nextase.fr\\\/fr\\\/expertise-internet\\\/\"},{\"@type\":\"ListItem\",\"position\":2,\"name\":\"Vision et strat\u00e9gie\"}]},{\"@type\":\"WebSite\",\"@id\":\"https:\\\/\\\/www.nextase.fr\\\/fr\\\/#website\",\"url\":\"https:\\\/\\\/www.nextase.fr\\\/fr\\\/\",\"name\":\"Nextase\",\"description\":\"Agence web marketing sp\u00e9cialis\u00e9e Marketplace\",\"publisher\":{\"@id\":\"https:\\\/\\\/www.nextase.fr\\\/fr\\\/#organization\"},\"potentialAction\":[{\"@type\":\"SearchAction\",\"target\":{\"@type\":\"EntryPoint\",\"urlTemplate\":\"https:\\\/\\\/www.nextase.fr\\\/fr\\\/?s={search_term_string}\"},\"query-input\":{\"@type\":\"PropertyValueSpecification\",\"valueRequired\":true,\"valueName\":\"search_term_string\"}}],\"inLanguage\":\"fr-FR\"},{\"@type\":\"Organization\",\"@id\":\"https:\\\/\\\/www.nextase.fr\\\/fr\\\/#organization\",\"name\":\"Agence Nextase\",\"url\":\"https:\\\/\\\/www.nextase.fr\\\/fr\\\/\",\"logo\":{\"@type\":\"ImageObject\",\"inLanguage\":\"fr-FR\",\"@id\":\"https:\\\/\\\/www.nextase.fr\\\/fr\\\/#\\\/schema\\\/logo\\\/image\\\/\",\"url\":\"https:\\\/\\\/www.nextase.fr\\\/wp-content\\\/uploads\\\/2014\\\/02\\\/Logo_Nextase_finale_noir_carre.png\",\"contentUrl\":\"https:\\\/\\\/www.nextase.fr\\\/wp-content\\\/uploads\\\/2014\\\/02\\\/Logo_Nextase_finale_noir_carre.png\",\"width\":186,\"height\":186,\"caption\":\"Agence Nextase\"},\"image\":{\"@id\":\"https:\\\/\\\/www.nextase.fr\\\/fr\\\/#\\\/schema\\\/logo\\\/image\\\/\"},\"sameAs\":[\"https:\\\/\\\/twitter.com\\\/agencenextase?lang=fr\",\"https:\\\/\\\/www.linkedin.com\\\/company\\\/nextase\\\/about\\\/\"]}]}<\/script>\n<!-- \/ Yoast SEO plugin. -->","yoast_head_json":{"title":"Vision et Strat\u00e9gie e-commerce par Nextase","description":"Nextase vous accompagne dans la d\u00e9finition de votre strat\u00e9gie en fonction de vos objectifs et de votre catalogue produit.","robots":{"index":"index","follow":"follow","max-snippet":"max-snippet:-1","max-image-preview":"max-image-preview:large","max-video-preview":"max-video-preview:-1"},"canonical":"https:\/\/www.nextase.fr\/fr\/expertise-internet\/vision-et-strategie\/","og_locale":"fr_FR","og_type":"article","og_title":"Vision et Strat\u00e9gie e-commerce par Nextase","og_description":"Nextase vous accompagne dans la d\u00e9finition de votre strat\u00e9gie en fonction de vos objectifs et de votre catalogue produit.","og_url":"https:\/\/www.nextase.fr\/fr\/expertise-internet\/vision-et-strategie\/","og_site_name":"Nextase","article_modified_time":"2020-06-02T10:07:45+00:00","og_image":[{"width":84,"height":60,"url":"https:\/\/www.nextase.fr\/wp-content\/uploads\/2013\/12\/logo-nextase.png","type":"image\/png"}],"twitter_misc":{"Dur\u00e9e de lecture estim\u00e9e":"1 minute"},"schema":{"@context":"https:\/\/schema.org","@graph":[{"@type":"WebPage","@id":"https:\/\/www.nextase.fr\/fr\/expertise-internet\/vision-et-strategie\/","url":"https:\/\/www.nextase.fr\/fr\/expertise-internet\/vision-et-strategie\/","name":"Vision et Strat\u00e9gie e-commerce par Nextase","isPartOf":{"@id":"https:\/\/www.nextase.fr\/fr\/#website"},"datePublished":"2013-12-13T16:28:22+00:00","dateModified":"2020-06-02T10:07:45+00:00","description":"Nextase vous accompagne dans la d\u00e9finition de votre strat\u00e9gie en fonction de vos objectifs et de votre catalogue produit.","breadcrumb":{"@id":"https:\/\/www.nextase.fr\/fr\/expertise-internet\/vision-et-strategie\/#breadcrumb"},"inLanguage":"fr-FR","potentialAction":[{"@type":"ReadAction","target":["https:\/\/www.nextase.fr\/fr\/expertise-internet\/vision-et-strategie\/"]}]},{"@type":"BreadcrumbList","@id":"https:\/\/www.nextase.fr\/fr\/expertise-internet\/vision-et-strategie\/#breadcrumb","itemListElement":[{"@type":"ListItem","position":1,"name":"Notre expertise","item":"https:\/\/www.nextase.fr\/fr\/expertise-internet\/"},{"@type":"ListItem","position":2,"name":"Vision et strat\u00e9gie"}]},{"@type":"WebSite","@id":"https:\/\/www.nextase.fr\/fr\/#website","url":"https:\/\/www.nextase.fr\/fr\/","name":"Nextase","description":"Agence web marketing sp\u00e9cialis\u00e9e Marketplace","publisher":{"@id":"https:\/\/www.nextase.fr\/fr\/#organization"},"potentialAction":[{"@type":"SearchAction","target":{"@type":"EntryPoint","urlTemplate":"https:\/\/www.nextase.fr\/fr\/?s={search_term_string}"},"query-input":{"@type":"PropertyValueSpecification","valueRequired":true,"valueName":"search_term_string"}}],"inLanguage":"fr-FR"},{"@type":"Organization","@id":"https:\/\/www.nextase.fr\/fr\/#organization","name":"Agence Nextase","url":"https:\/\/www.nextase.fr\/fr\/","logo":{"@type":"ImageObject","inLanguage":"fr-FR","@id":"https:\/\/www.nextase.fr\/fr\/#\/schema\/logo\/image\/","url":"https:\/\/www.nextase.fr\/wp-content\/uploads\/2014\/02\/Logo_Nextase_finale_noir_carre.png","contentUrl":"https:\/\/www.nextase.fr\/wp-content\/uploads\/2014\/02\/Logo_Nextase_finale_noir_carre.png","width":186,"height":186,"caption":"Agence Nextase"},"image":{"@id":"https:\/\/www.nextase.fr\/fr\/#\/schema\/logo\/image\/"},"sameAs":["https:\/\/twitter.com\/agencenextase?lang=fr","https:\/\/www.linkedin.com\/company\/nextase\/about\/"]}]}},"_links":{"self":[{"href":"https:\/\/www.nextase.fr\/fr\/wp-json\/wp\/v2\/pages\/2067","targetHints":{"allow":["GET"]}}],"collection":[{"href":"https:\/\/www.nextase.fr\/fr\/wp-json\/wp\/v2\/pages"}],"about":[{"href":"https:\/\/www.nextase.fr\/fr\/wp-json\/wp\/v2\/types\/page"}],"author":[{"embeddable":true,"href":"https:\/\/www.nextase.fr\/fr\/wp-json\/wp\/v2\/users\/10"}],"replies":[{"embeddable":true,"href":"https:\/\/www.nextase.fr\/fr\/wp-json\/wp\/v2\/comments?post=2067"}],"version-history":[{"count":16,"href":"https:\/\/www.nextase.fr\/fr\/wp-json\/wp\/v2\/pages\/2067\/revisions"}],"predecessor-version":[{"id":3505,"href":"https:\/\/www.nextase.fr\/fr\/wp-json\/wp\/v2\/pages\/2067\/revisions\/3505"}],"up":[{"embeddable":true,"href":"https:\/\/www.nextase.fr\/fr\/wp-json\/wp\/v2\/pages\/1984"}],"wp:attachment":[{"href":"https:\/\/www.nextase.fr\/fr\/wp-json\/wp\/v2\/media?parent=2067"}],"curies":[{"name":"wp","href":"https:\/\/api.w.org\/{rel}","templated":true}]}}