{"id":3569,"date":"2020-08-24T14:48:23","date_gmt":"2020-08-24T13:48:23","guid":{"rendered":"https:\/\/www.nextase.fr\/?page_id=3569"},"modified":"2020-08-24T15:17:41","modified_gmt":"2020-08-24T14:17:41","slug":"agence-e-commerce-la-rochelle-charente-maritime","status":"publish","type":"page","link":"https:\/\/www.nextase.fr\/en\/agence-e-commerce-la-rochelle-charente-maritime\/","title":{"rendered":"E-commerce agency in La Rochelle, Charente-Maritime"},"content":{"rendered":"<div data-elementor-type=\"wp-page\" data-elementor-id=\"3569\" class=\"elementor elementor-3569\" data-elementor-post-type=\"page\">\n\t\t\t\t\t\t<section class=\"elementor-section elementor-top-section elementor-element elementor-element-f069ba7 elementor-section-boxed elementor-section-height-default elementor-section-height-default\" data-id=\"f069ba7\" data-element_type=\"section\" data-e-type=\"section\">\n\t\t\t\t\t\t<div class=\"elementor-container elementor-column-gap-default\">\n\t\t\t\t\t<div class=\"elementor-column elementor-col-33 elementor-top-column elementor-element elementor-element-ccaa03e\" data-id=\"ccaa03e\" data-element_type=\"column\" data-e-type=\"column\">\n\t\t\t<div class=\"elementor-widget-wrap elementor-element-populated\">\n\t\t\t\t\t\t<div class=\"elementor-element elementor-element-8e2a8e7 elementor-widget elementor-widget-image\" data-id=\"8e2a8e7\" data-element_type=\"widget\" data-e-type=\"widget\" data-widget_type=\"image.default\">\n\t\t\t\t<div class=\"elementor-widget-container\">\n\t\t\t\t\t\t\t\t\t\t\t\t\t\t\t<img fetchpriority=\"high\" decoding=\"async\" width=\"800\" height=\"800\" src=\"https:\/\/www.nextase.fr\/wp-content\/uploads\/2020\/08\/Agence-ecommerce-La-Rochelle.jpg\" class=\"attachment-large size-large wp-image-3573\" alt=\"\" srcset=\"https:\/\/www.nextase.fr\/wp-content\/uploads\/2020\/08\/Agence-ecommerce-La-Rochelle.jpg 900w, https:\/\/www.nextase.fr\/wp-content\/uploads\/2020\/08\/Agence-ecommerce-La-Rochelle-300x300.jpg 300w, https:\/\/www.nextase.fr\/wp-content\/uploads\/2020\/08\/Agence-ecommerce-La-Rochelle-150x150.jpg 150w, https:\/\/www.nextase.fr\/wp-content\/uploads\/2020\/08\/Agence-ecommerce-La-Rochelle-768x768.jpg 768w\" sizes=\"(max-width: 800px) 100vw, 800px\" \/>\t\t\t\t\t\t\t\t\t\t\t\t\t\t\t<\/div>\n\t\t\t\t<\/div>\n\t\t\t\t\t<\/div>\n\t\t<\/div>\n\t\t\t\t<div class=\"elementor-column elementor-col-66 elementor-top-column elementor-element elementor-element-a66a664\" data-id=\"a66a664\" data-element_type=\"column\" data-e-type=\"column\">\n\t\t\t<div class=\"elementor-widget-wrap elementor-element-populated\">\n\t\t\t\t\t\t<div class=\"elementor-element elementor-element-615ff4f elementor-widget elementor-widget-heading\" data-id=\"615ff4f\" data-element_type=\"widget\" data-e-type=\"widget\" data-widget_type=\"heading.default\">\n\t\t\t\t<div class=\"elementor-widget-container\">\n\t\t\t\t\t<h1 class=\"elementor-heading-title elementor-size-default\">E-commerce agency in La Rochelle, Charente-Maritime<\/h1>\t\t\t\t<\/div>\n\t\t\t\t<\/div>\n\t\t\t\t<div class=\"elementor-element elementor-element-d5283a2 elementor-widget elementor-widget-text-editor\" data-id=\"d5283a2\" data-element_type=\"widget\" data-e-type=\"widget\" data-widget_type=\"text-editor.default\">\n\t\t\t\t<div class=\"elementor-widget-container\">\n\t\t\t\t\t\t\t\t\t<p>In addition to his <strong>Paris office<\/strong>, Nextase opened in October 2016 an office in <b><u>La Rochelle<\/u><\/b> (Charente Maritime). We settled in the district of La Pallice, near the Grand Port Martime of La Rochelle.<br \/>This office allows in particular <i><b>e-commerce agency<\/b><\/i> to meet its customers and partners located in the west of France. This proximity is ideal for working with them on their marketing projects on <i>marketplaces<\/i>, of <i>site redesign<\/i> or e-commerce issues requiring <i>technical support.<\/i><\/p>\t\t\t\t\t\t\t\t<\/div>\n\t\t\t\t<\/div>\n\t\t\t\t\t<\/div>\n\t\t<\/div>\n\t\t\t\t\t<\/div>\n\t\t<\/section>\n\t\t\t\t<\/div>","protected":false},"excerpt":{"rendered":"<p>En plus de son bureau parisien, Nextase a ouvert en octobre 2016 un bureau \u00e0 La Rochelle (Charente-Maritime). Nous nous sommes install\u00e9s dans le quartier de La Pallice, pr\u00e8s du Grand Port Martime de La Rochelle. Ce bureau permet notamment \u00e0 l&rsquo;agence e-commerce de rencontrer ses clients et partenaires situ\u00e9s dans l&rsquo;ouest de la France. [&hellip;]<\/p>\n","protected":false},"author":10,"featured_media":0,"parent":0,"menu_order":0,"comment_status":"closed","ping_status":"closed","template":"","meta":{"_monsterinsights_skip_tracking":false,"_monsterinsights_sitenote_active":false,"_monsterinsights_sitenote_note":"","_monsterinsights_sitenote_category":0,"footnotes":""},"class_list":["post-3569","page","type-page","status-publish","hentry"],"yoast_head":"<!-- This site is optimized with the Yoast SEO plugin v27.5 - https:\/\/yoast.com\/product\/yoast-seo-wordpress\/ -->\n<title>Agence e-commerce \u00e0 La Rochelle, Charente-Maritime | Nextase<\/title>\n<meta name=\"robots\" content=\"index, follow, max-snippet:-1, max-image-preview:large, max-video-preview:-1\" \/>\n<link rel=\"canonical\" href=\"https:\/\/www.nextase.fr\/en\/agence-e-commerce-la-rochelle-charente-maritime\/\" \/>\n<meta property=\"og:locale\" content=\"en_GB\" \/>\n<meta property=\"og:type\" content=\"article\" \/>\n<meta property=\"og:title\" content=\"Agence e-commerce \u00e0 La Rochelle, Charente-Maritime | Nextase\" \/>\n<meta property=\"og:description\" content=\"En plus de son bureau parisien, Nextase a ouvert en octobre 2016 un bureau \u00e0 La Rochelle (Charente-Maritime). Nous nous sommes install\u00e9s dans le quartier de La Pallice, pr\u00e8s du Grand Port Martime de La Rochelle. Ce bureau permet notamment \u00e0 l&rsquo;agence e-commerce de rencontrer ses clients et partenaires situ\u00e9s dans l&rsquo;ouest de la France. [&hellip;]\" \/>\n<meta property=\"og:url\" content=\"https:\/\/www.nextase.fr\/en\/agence-e-commerce-la-rochelle-charente-maritime\/\" \/>\n<meta property=\"og:site_name\" content=\"Nextase\" \/>\n<meta property=\"article:modified_time\" content=\"2020-08-24T14:17:41+00:00\" \/>\n<meta property=\"og:image\" content=\"https:\/\/www.nextase.fr\/wp-content\/uploads\/2020\/08\/Agence-ecommerce-La-Rochelle.jpg\" \/>\n<script type=\"application\/ld+json\" class=\"yoast-schema-graph\">{\"@context\":\"https:\\\/\\\/schema.org\",\"@graph\":[{\"@type\":\"WebPage\",\"@id\":\"https:\\\/\\\/www.nextase.fr\\\/fr\\\/agence-e-commerce-la-rochelle-charente-maritime\\\/\",\"url\":\"https:\\\/\\\/www.nextase.fr\\\/fr\\\/agence-e-commerce-la-rochelle-charente-maritime\\\/\",\"name\":\"Agence e-commerce \u00e0 La Rochelle, Charente-Maritime | Nextase\",\"isPartOf\":{\"@id\":\"https:\\\/\\\/www.nextase.fr\\\/fr\\\/#website\"},\"primaryImageOfPage\":{\"@id\":\"https:\\\/\\\/www.nextase.fr\\\/fr\\\/agence-e-commerce-la-rochelle-charente-maritime\\\/#primaryimage\"},\"image\":{\"@id\":\"https:\\\/\\\/www.nextase.fr\\\/fr\\\/agence-e-commerce-la-rochelle-charente-maritime\\\/#primaryimage\"},\"thumbnailUrl\":\"https:\\\/\\\/www.nextase.fr\\\/wp-content\\\/uploads\\\/2020\\\/08\\\/Agence-ecommerce-La-Rochelle.jpg\",\"datePublished\":\"2020-08-24T13:48:23+00:00\",\"dateModified\":\"2020-08-24T14:17:41+00:00\",\"inLanguage\":\"en-GB\",\"potentialAction\":[{\"@type\":\"ReadAction\",\"target\":[\"https:\\\/\\\/www.nextase.fr\\\/fr\\\/agence-e-commerce-la-rochelle-charente-maritime\\\/\"]}]},{\"@type\":\"ImageObject\",\"inLanguage\":\"en-GB\",\"@id\":\"https:\\\/\\\/www.nextase.fr\\\/fr\\\/agence-e-commerce-la-rochelle-charente-maritime\\\/#primaryimage\",\"url\":\"https:\\\/\\\/www.nextase.fr\\\/wp-content\\\/uploads\\\/2020\\\/08\\\/Agence-ecommerce-La-Rochelle.jpg\",\"contentUrl\":\"https:\\\/\\\/www.nextase.fr\\\/wp-content\\\/uploads\\\/2020\\\/08\\\/Agence-ecommerce-La-Rochelle.jpg\"},{\"@type\":\"WebSite\",\"@id\":\"https:\\\/\\\/www.nextase.fr\\\/fr\\\/#website\",\"url\":\"https:\\\/\\\/www.nextase.fr\\\/fr\\\/\",\"name\":\"Nextase\",\"description\":\"Agence web marketing sp\u00e9cialis\u00e9e Marketplace\",\"publisher\":{\"@id\":\"https:\\\/\\\/www.nextase.fr\\\/fr\\\/#organization\"},\"potentialAction\":[{\"@type\":\"SearchAction\",\"target\":{\"@type\":\"EntryPoint\",\"urlTemplate\":\"https:\\\/\\\/www.nextase.fr\\\/fr\\\/?s={search_term_string}\"},\"query-input\":{\"@type\":\"PropertyValueSpecification\",\"valueRequired\":true,\"valueName\":\"search_term_string\"}}],\"inLanguage\":\"en-GB\"},{\"@type\":\"Organization\",\"@id\":\"https:\\\/\\\/www.nextase.fr\\\/fr\\\/#organization\",\"name\":\"Agence Nextase\",\"url\":\"https:\\\/\\\/www.nextase.fr\\\/fr\\\/\",\"logo\":{\"@type\":\"ImageObject\",\"inLanguage\":\"en-GB\",\"@id\":\"https:\\\/\\\/www.nextase.fr\\\/fr\\\/#\\\/schema\\\/logo\\\/image\\\/\",\"url\":\"https:\\\/\\\/www.nextase.fr\\\/wp-content\\\/uploads\\\/2014\\\/02\\\/Logo_Nextase_finale_noir_carre.png\",\"contentUrl\":\"https:\\\/\\\/www.nextase.fr\\\/wp-content\\\/uploads\\\/2014\\\/02\\\/Logo_Nextase_finale_noir_carre.png\",\"width\":186,\"height\":186,\"caption\":\"Agence Nextase\"},\"image\":{\"@id\":\"https:\\\/\\\/www.nextase.fr\\\/fr\\\/#\\\/schema\\\/logo\\\/image\\\/\"},\"sameAs\":[\"https:\\\/\\\/twitter.com\\\/agencenextase?lang=fr\",\"https:\\\/\\\/www.linkedin.com\\\/company\\\/nextase\\\/about\\\/\"]}]}<\/script>\n<!-- \/ Yoast SEO plugin. -->","yoast_head_json":{"title":"Agence e-commerce \u00e0 La Rochelle, Charente-Maritime | Nextase","robots":{"index":"index","follow":"follow","max-snippet":"max-snippet:-1","max-image-preview":"max-image-preview:large","max-video-preview":"max-video-preview:-1"},"canonical":"https:\/\/www.nextase.fr\/en\/agence-e-commerce-la-rochelle-charente-maritime\/","og_locale":"en_GB","og_type":"article","og_title":"Agence e-commerce \u00e0 La Rochelle, Charente-Maritime | Nextase","og_description":"En plus de son bureau parisien, Nextase a ouvert en octobre 2016 un bureau \u00e0 La Rochelle (Charente-Maritime). Nous nous sommes install\u00e9s dans le quartier de La Pallice, pr\u00e8s du Grand Port Martime de La Rochelle. Ce bureau permet notamment \u00e0 l&rsquo;agence e-commerce de rencontrer ses clients et partenaires situ\u00e9s dans l&rsquo;ouest de la France. [&hellip;]","og_url":"https:\/\/www.nextase.fr\/en\/agence-e-commerce-la-rochelle-charente-maritime\/","og_site_name":"Nextase","article_modified_time":"2020-08-24T14:17:41+00:00","og_image":[{"url":"https:\/\/www.nextase.fr\/wp-content\/uploads\/2020\/08\/Agence-ecommerce-La-Rochelle.jpg","type":"","width":"","height":""}],"schema":{"@context":"https:\/\/schema.org","@graph":[{"@type":"WebPage","@id":"https:\/\/www.nextase.fr\/fr\/agence-e-commerce-la-rochelle-charente-maritime\/","url":"https:\/\/www.nextase.fr\/fr\/agence-e-commerce-la-rochelle-charente-maritime\/","name":"Agence e-commerce \u00e0 La Rochelle, Charente-Maritime | Nextase","isPartOf":{"@id":"https:\/\/www.nextase.fr\/fr\/#website"},"primaryImageOfPage":{"@id":"https:\/\/www.nextase.fr\/fr\/agence-e-commerce-la-rochelle-charente-maritime\/#primaryimage"},"image":{"@id":"https:\/\/www.nextase.fr\/fr\/agence-e-commerce-la-rochelle-charente-maritime\/#primaryimage"},"thumbnailUrl":"https:\/\/www.nextase.fr\/wp-content\/uploads\/2020\/08\/Agence-ecommerce-La-Rochelle.jpg","datePublished":"2020-08-24T13:48:23+00:00","dateModified":"2020-08-24T14:17:41+00:00","inLanguage":"en-GB","potentialAction":[{"@type":"ReadAction","target":["https:\/\/www.nextase.fr\/fr\/agence-e-commerce-la-rochelle-charente-maritime\/"]}]},{"@type":"ImageObject","inLanguage":"en-GB","@id":"https:\/\/www.nextase.fr\/fr\/agence-e-commerce-la-rochelle-charente-maritime\/#primaryimage","url":"https:\/\/www.nextase.fr\/wp-content\/uploads\/2020\/08\/Agence-ecommerce-La-Rochelle.jpg","contentUrl":"https:\/\/www.nextase.fr\/wp-content\/uploads\/2020\/08\/Agence-ecommerce-La-Rochelle.jpg"},{"@type":"WebSite","@id":"https:\/\/www.nextase.fr\/fr\/#website","url":"https:\/\/www.nextase.fr\/fr\/","name":"Nextase","description":"Specialized web marketing agency Marketplace","publisher":{"@id":"https:\/\/www.nextase.fr\/fr\/#organization"},"potentialAction":[{"@type":"SearchAction","target":{"@type":"EntryPoint","urlTemplate":"https:\/\/www.nextase.fr\/fr\/?s={search_term_string}"},"query-input":{"@type":"PropertyValueSpecification","valueRequired":true,"valueName":"search_term_string"}}],"inLanguage":"en-GB"},{"@type":"Organization","@id":"https:\/\/www.nextase.fr\/fr\/#organization","name":"Agence Nextase","url":"https:\/\/www.nextase.fr\/fr\/","logo":{"@type":"ImageObject","inLanguage":"en-GB","@id":"https:\/\/www.nextase.fr\/fr\/#\/schema\/logo\/image\/","url":"https:\/\/www.nextase.fr\/wp-content\/uploads\/2014\/02\/Logo_Nextase_finale_noir_carre.png","contentUrl":"https:\/\/www.nextase.fr\/wp-content\/uploads\/2014\/02\/Logo_Nextase_finale_noir_carre.png","width":186,"height":186,"caption":"Agence Nextase"},"image":{"@id":"https:\/\/www.nextase.fr\/fr\/#\/schema\/logo\/image\/"},"sameAs":["https:\/\/twitter.com\/agencenextase?lang=fr","https:\/\/www.linkedin.com\/company\/nextase\/about\/"]}]}},"_links":{"self":[{"href":"https:\/\/www.nextase.fr\/en\/wp-json\/wp\/v2\/pages\/3569","targetHints":{"allow":["GET"]}}],"collection":[{"href":"https:\/\/www.nextase.fr\/en\/wp-json\/wp\/v2\/pages"}],"about":[{"href":"https:\/\/www.nextase.fr\/en\/wp-json\/wp\/v2\/types\/page"}],"author":[{"embeddable":true,"href":"https:\/\/www.nextase.fr\/en\/wp-json\/wp\/v2\/users\/10"}],"replies":[{"embeddable":true,"href":"https:\/\/www.nextase.fr\/en\/wp-json\/wp\/v2\/comments?post=3569"}],"version-history":[{"count":13,"href":"https:\/\/www.nextase.fr\/en\/wp-json\/wp\/v2\/pages\/3569\/revisions"}],"predecessor-version":[{"id":3587,"href":"https:\/\/www.nextase.fr\/en\/wp-json\/wp\/v2\/pages\/3569\/revisions\/3587"}],"wp:attachment":[{"href":"https:\/\/www.nextase.fr\/en\/wp-json\/wp\/v2\/media?parent=3569"}],"curies":[{"name":"wp","href":"https:\/\/api.w.org\/{rel}","templated":true}]}}