{"id":2141,"date":"2013-12-17T13:18:09","date_gmt":"2013-12-17T12:18:09","guid":{"rendered":"https:\/\/nextase.fr\/?page_id=2141"},"modified":"2020-05-08T08:04:11","modified_gmt":"2020-05-08T07:04:11","slug":"ovh","status":"publish","type":"page","link":"https:\/\/www.nextase.fr\/en\/expertise-internet\/technique-prestashop\/ovh\/","title":{"rendered":"OVH"},"content":{"rendered":"<div data-elementor-type=\"wp-page\" data-elementor-id=\"2141\" class=\"elementor elementor-2141\" data-elementor-post-type=\"page\">\n\t\t\t\t\t\t<section class=\"elementor-section elementor-top-section elementor-element elementor-element-7ca1d749 elementor-section-boxed elementor-section-height-default elementor-section-height-default\" data-id=\"7ca1d749\" data-element_type=\"section\" data-e-type=\"section\">\n\t\t\t\t\t\t<div class=\"elementor-container elementor-column-gap-default\">\n\t\t\t\t\t<div class=\"elementor-column elementor-col-33 elementor-top-column elementor-element elementor-element-60fa2a23\" data-id=\"60fa2a23\" data-element_type=\"column\" data-e-type=\"column\">\n\t\t\t<div class=\"elementor-widget-wrap elementor-element-populated\">\n\t\t\t\t\t\t<div class=\"elementor-element elementor-element-d27a9b8 elementor-nav-menu--dropdown-tablet elementor-nav-menu__text-align-aside elementor-widget elementor-widget-global elementor-global-3449 elementor-widget-nav-menu\" data-id=\"d27a9b8\" data-element_type=\"widget\" data-e-type=\"widget\" data-settings=\"{&quot;layout&quot;:&quot;vertical&quot;,&quot;submenu_icon&quot;:{&quot;value&quot;:&quot;fas fa-caret-down&quot;,&quot;library&quot;:&quot;fa-solid&quot;}}\" data-widget_type=\"nav-menu.default\">\n\t\t\t\t<div class=\"elementor-widget-container\">\n\t\t\t\t\t\t\t\t<nav aria-label=\"Menu\" class=\"elementor-nav-menu--main elementor-nav-menu__container elementor-nav-menu--layout-vertical e--pointer-underline e--animation-fade\">\n\t\t\t\t<ul id=\"menu-1-d27a9b8\" class=\"elementor-nav-menu sm-vertical\"><li class=\"menu-item menu-item-type-post_type menu-item-object-page menu-item-2121\"><a href=\"https:\/\/www.nextase.fr\/en\/expertise-internet\/technique-prestashop\/prestashop\/\" class=\"elementor-item\">Prestashop<\/a><\/li>\n<li class=\"menu-item menu-item-type-post_type menu-item-object-page menu-item-2154\"><a href=\"https:\/\/www.nextase.fr\/en\/expertise-internet\/technique-prestashop\/lengow\/\" class=\"elementor-item\">Lengow<\/a><\/li>\n<li class=\"menu-item menu-item-type-post_type menu-item-object-page menu-item-2153\"><a href=\"https:\/\/www.nextase.fr\/en\/expertise-internet\/technique-prestashop\/google\/\" class=\"elementor-item\">Google<\/a><\/li>\n<li class=\"menu-item menu-item-type-post_type menu-item-object-page menu-item-2152\"><a href=\"https:\/\/www.nextase.fr\/en\/expertise-internet\/technique-prestashop\/ovh\/\" class=\"elementor-item\">OVH<\/a><\/li>\n<li class=\"menu-item menu-item-type-post_type menu-item-object-page menu-item-2151\"><a href=\"https:\/\/www.nextase.fr\/en\/expertise-internet\/technique-prestashop\/solsys\/\" class=\"elementor-item\">Solsys: from commerce to e-commerce<\/a><\/li>\n<li class=\"menu-item menu-item-type-post_type menu-item-object-page menu-item-2150\"><a href=\"https:\/\/www.nextase.fr\/en\/expertise-internet\/technique-prestashop\/neteven\/\" class=\"elementor-item\">Neteven<\/a><\/li>\n<\/ul>\t\t\t<\/nav>\n\t\t\t\t\t\t<nav class=\"elementor-nav-menu--dropdown elementor-nav-menu__container\" aria-hidden=\"true\">\n\t\t\t\t<ul id=\"menu-2-d27a9b8\" class=\"elementor-nav-menu sm-vertical\"><li class=\"menu-item menu-item-type-post_type menu-item-object-page menu-item-2121\"><a href=\"https:\/\/www.nextase.fr\/en\/expertise-internet\/technique-prestashop\/prestashop\/\" class=\"elementor-item\" tabindex=\"-1\">Prestashop<\/a><\/li>\n<li class=\"menu-item menu-item-type-post_type menu-item-object-page menu-item-2154\"><a href=\"https:\/\/www.nextase.fr\/en\/expertise-internet\/technique-prestashop\/lengow\/\" class=\"elementor-item\" tabindex=\"-1\">Lengow<\/a><\/li>\n<li class=\"menu-item menu-item-type-post_type menu-item-object-page menu-item-2153\"><a href=\"https:\/\/www.nextase.fr\/en\/expertise-internet\/technique-prestashop\/google\/\" class=\"elementor-item\" tabindex=\"-1\">Google<\/a><\/li>\n<li class=\"menu-item menu-item-type-post_type menu-item-object-page menu-item-2152\"><a href=\"https:\/\/www.nextase.fr\/en\/expertise-internet\/technique-prestashop\/ovh\/\" class=\"elementor-item\" tabindex=\"-1\">OVH<\/a><\/li>\n<li class=\"menu-item menu-item-type-post_type menu-item-object-page menu-item-2151\"><a href=\"https:\/\/www.nextase.fr\/en\/expertise-internet\/technique-prestashop\/solsys\/\" class=\"elementor-item\" tabindex=\"-1\">Solsys: from commerce to e-commerce<\/a><\/li>\n<li class=\"menu-item menu-item-type-post_type menu-item-object-page menu-item-2150\"><a href=\"https:\/\/www.nextase.fr\/en\/expertise-internet\/technique-prestashop\/neteven\/\" class=\"elementor-item\" tabindex=\"-1\">Neteven<\/a><\/li>\n<\/ul>\t\t\t<\/nav>\n\t\t\t\t\t\t<\/div>\n\t\t\t\t<\/div>\n\t\t\t\t\t<\/div>\n\t\t<\/div>\n\t\t\t\t<div class=\"elementor-column elementor-col-66 elementor-top-column elementor-element elementor-element-1a201d83\" data-id=\"1a201d83\" data-element_type=\"column\" data-e-type=\"column\">\n\t\t\t<div class=\"elementor-widget-wrap elementor-element-populated\">\n\t\t\t\t\t\t<div class=\"elementor-element elementor-element-6f7d913a elementor-widget elementor-widget-heading\" data-id=\"6f7d913a\" data-element_type=\"widget\" data-e-type=\"widget\" data-widget_type=\"heading.default\">\n\t\t\t\t<div class=\"elementor-widget-container\">\n\t\t\t\t\t<h1 class=\"elementor-heading-title elementor-size-default\">OVH<\/h1>\t\t\t\t<\/div>\n\t\t\t\t<\/div>\n\t\t\t\t<div class=\"elementor-element elementor-element-d527b0e elementor-widget elementor-widget-text-editor\" data-id=\"d527b0e\" data-element_type=\"widget\" data-e-type=\"widget\" data-widget_type=\"text-editor.default\">\n\t\t\t\t<div class=\"elementor-widget-container\">\n\t\t\t\t\t\t\t\t\t<p><img decoding=\"async\" class=\"aligncenter wp-image-2585 size-full\" src=\"https:\/\/nextase.fr\/wp-content\/uploads\/2017\/02\/logo_ovh_new.jpg\" alt=\"OVH\" width=\"270\" height=\"75\" srcset=\"https:\/\/www.nextase.fr\/wp-content\/uploads\/2017\/02\/logo_ovh_new.jpg 270w, https:\/\/www.nextase.fr\/wp-content\/uploads\/2017\/02\/logo_ovh_new-150x42.jpg 150w\" sizes=\"(max-width: 270px) 100vw, 270px\" \/><\/p>\n<p><strong>OVH<\/strong> is one of the world leaders in <strong>accommodation<\/strong> and it was with them that Nextase decided to install its <strong>dedicated servers<\/strong>.<\/p>\n<p>We benefit from a solution to <strong>high availability<\/strong>, supporting<strong>significant load increases<\/strong> (traffic peak) and interconnected to the main backbones of global ISPs, to provide sites with <strong>optimal response times<\/strong>.<\/p>\n<p>Depending on the needs of our customers, we host their site on one of our dedicated servers administered by Nextase or on their own server.&nbsp;<\/p>\t\t\t\t\t\t\t\t<\/div>\n\t\t\t\t<\/div>\n\t\t\t\t\t<\/div>\n\t\t<\/div>\n\t\t\t\t\t<\/div>\n\t\t<\/section>\n\t\t\t\t<\/div>","protected":false},"excerpt":{"rendered":"<p>OVH est l\u2019un des leaders mondiaux de l\u2019h\u00e9bergement et c\u2019est chez eux que Nextase a d\u00e9cid\u00e9 d\u2019installer ses serveurs d\u00e9di\u00e9s. Nous b\u00e9n\u00e9ficions d\u2019une solution \u00e0 haute disponibilit\u00e9, supportant d&rsquo;importantes mont\u00e9es en charge (pic de trafic) et interconnect\u00e9s aux principaux backbones des FAI mondiaux, pour assurer aux sites des temps de r\u00e9ponse optimals. Suivant les besoins [&hellip;]<\/p>\n","protected":false},"author":10,"featured_media":0,"parent":2076,"menu_order":0,"comment_status":"closed","ping_status":"closed","template":"","meta":{"_monsterinsights_skip_tracking":false,"_monsterinsights_sitenote_active":false,"_monsterinsights_sitenote_note":"","_monsterinsights_sitenote_category":0,"footnotes":""},"class_list":["post-2141","page","type-page","status-publish","hentry"],"yoast_head":"<!-- This site is optimized with the Yoast SEO plugin v27.4 - https:\/\/yoast.com\/product\/yoast-seo-wordpress\/ -->\n<title>OVH | Nextase<\/title>\n<meta name=\"robots\" content=\"index, follow, max-snippet:-1, max-image-preview:large, max-video-preview:-1\" \/>\n<link rel=\"canonical\" href=\"https:\/\/www.nextase.fr\/en\/expertise-internet\/technique-prestashop\/ovh\/\" \/>\n<meta property=\"og:locale\" content=\"en_GB\" \/>\n<meta property=\"og:type\" content=\"article\" \/>\n<meta property=\"og:title\" content=\"OVH | Nextase\" \/>\n<meta property=\"og:description\" content=\"OVH est l\u2019un des leaders mondiaux de l\u2019h\u00e9bergement et c\u2019est chez eux que Nextase a d\u00e9cid\u00e9 d\u2019installer ses serveurs d\u00e9di\u00e9s. Nous b\u00e9n\u00e9ficions d\u2019une solution \u00e0 haute disponibilit\u00e9, supportant d&rsquo;importantes mont\u00e9es en charge (pic de trafic) et interconnect\u00e9s aux principaux backbones des FAI mondiaux, pour assurer aux sites des temps de r\u00e9ponse optimals. Suivant les besoins [&hellip;]\" \/>\n<meta property=\"og:url\" content=\"https:\/\/www.nextase.fr\/en\/expertise-internet\/technique-prestashop\/ovh\/\" \/>\n<meta property=\"og:site_name\" content=\"Nextase\" \/>\n<meta property=\"article:modified_time\" content=\"2020-05-08T07:04:11+00:00\" \/>\n<meta property=\"og:image\" content=\"https:\/\/nextase.fr\/wp-content\/uploads\/2017\/02\/logo_ovh_new.jpg\" \/>\n<script type=\"application\/ld+json\" class=\"yoast-schema-graph\">{\"@context\":\"https:\\\/\\\/schema.org\",\"@graph\":[{\"@type\":\"WebPage\",\"@id\":\"https:\\\/\\\/www.nextase.fr\\\/expertise-internet\\\/technique-prestashop\\\/ovh\\\/\",\"url\":\"https:\\\/\\\/www.nextase.fr\\\/expertise-internet\\\/technique-prestashop\\\/ovh\\\/\",\"name\":\"OVH | Nextase\",\"isPartOf\":{\"@id\":\"https:\\\/\\\/www.nextase.fr\\\/fr\\\/#website\"},\"primaryImageOfPage\":{\"@id\":\"https:\\\/\\\/www.nextase.fr\\\/expertise-internet\\\/technique-prestashop\\\/ovh\\\/#primaryimage\"},\"image\":{\"@id\":\"https:\\\/\\\/www.nextase.fr\\\/expertise-internet\\\/technique-prestashop\\\/ovh\\\/#primaryimage\"},\"thumbnailUrl\":\"https:\\\/\\\/nextase.fr\\\/wp-content\\\/uploads\\\/2017\\\/02\\\/logo_ovh_new.jpg\",\"datePublished\":\"2013-12-17T12:18:09+00:00\",\"dateModified\":\"2020-05-08T07:04:11+00:00\",\"breadcrumb\":{\"@id\":\"https:\\\/\\\/www.nextase.fr\\\/expertise-internet\\\/technique-prestashop\\\/ovh\\\/#breadcrumb\"},\"inLanguage\":\"en-GB\",\"potentialAction\":[{\"@type\":\"ReadAction\",\"target\":[\"https:\\\/\\\/www.nextase.fr\\\/expertise-internet\\\/technique-prestashop\\\/ovh\\\/\"]}]},{\"@type\":\"ImageObject\",\"inLanguage\":\"en-GB\",\"@id\":\"https:\\\/\\\/www.nextase.fr\\\/expertise-internet\\\/technique-prestashop\\\/ovh\\\/#primaryimage\",\"url\":\"https:\\\/\\\/nextase.fr\\\/wp-content\\\/uploads\\\/2017\\\/02\\\/logo_ovh_new.jpg\",\"contentUrl\":\"https:\\\/\\\/nextase.fr\\\/wp-content\\\/uploads\\\/2017\\\/02\\\/logo_ovh_new.jpg\"},{\"@type\":\"BreadcrumbList\",\"@id\":\"https:\\\/\\\/www.nextase.fr\\\/expertise-internet\\\/technique-prestashop\\\/ovh\\\/#breadcrumb\",\"itemListElement\":[{\"@type\":\"ListItem\",\"position\":1,\"name\":\"Notre expertise\",\"item\":\"https:\\\/\\\/www.nextase.fr\\\/fr\\\/expertise-internet\\\/\"},{\"@type\":\"ListItem\",\"position\":2,\"name\":\"Innovation technique\",\"item\":\"https:\\\/\\\/www.nextase.fr\\\/expertise-internet\\\/technique-prestashop\\\/\"},{\"@type\":\"ListItem\",\"position\":3,\"name\":\"OVH\"}]},{\"@type\":\"WebSite\",\"@id\":\"https:\\\/\\\/www.nextase.fr\\\/fr\\\/#website\",\"url\":\"https:\\\/\\\/www.nextase.fr\\\/fr\\\/\",\"name\":\"Nextase\",\"description\":\"Agence web marketing sp\u00e9cialis\u00e9e Marketplace\",\"publisher\":{\"@id\":\"https:\\\/\\\/www.nextase.fr\\\/fr\\\/#organization\"},\"potentialAction\":[{\"@type\":\"SearchAction\",\"target\":{\"@type\":\"EntryPoint\",\"urlTemplate\":\"https:\\\/\\\/www.nextase.fr\\\/fr\\\/?s={search_term_string}\"},\"query-input\":{\"@type\":\"PropertyValueSpecification\",\"valueRequired\":true,\"valueName\":\"search_term_string\"}}],\"inLanguage\":\"en-GB\"},{\"@type\":\"Organization\",\"@id\":\"https:\\\/\\\/www.nextase.fr\\\/fr\\\/#organization\",\"name\":\"Agence Nextase\",\"url\":\"https:\\\/\\\/www.nextase.fr\\\/fr\\\/\",\"logo\":{\"@type\":\"ImageObject\",\"inLanguage\":\"en-GB\",\"@id\":\"https:\\\/\\\/www.nextase.fr\\\/fr\\\/#\\\/schema\\\/logo\\\/image\\\/\",\"url\":\"https:\\\/\\\/www.nextase.fr\\\/wp-content\\\/uploads\\\/2014\\\/02\\\/Logo_Nextase_finale_noir_carre.png\",\"contentUrl\":\"https:\\\/\\\/www.nextase.fr\\\/wp-content\\\/uploads\\\/2014\\\/02\\\/Logo_Nextase_finale_noir_carre.png\",\"width\":186,\"height\":186,\"caption\":\"Agence Nextase\"},\"image\":{\"@id\":\"https:\\\/\\\/www.nextase.fr\\\/fr\\\/#\\\/schema\\\/logo\\\/image\\\/\"},\"sameAs\":[\"https:\\\/\\\/twitter.com\\\/agencenextase?lang=fr\",\"https:\\\/\\\/www.linkedin.com\\\/company\\\/nextase\\\/about\\\/\"]}]}<\/script>\n<!-- \/ Yoast SEO plugin. -->","yoast_head_json":{"title":"OVH | Nextase","robots":{"index":"index","follow":"follow","max-snippet":"max-snippet:-1","max-image-preview":"max-image-preview:large","max-video-preview":"max-video-preview:-1"},"canonical":"https:\/\/www.nextase.fr\/en\/expertise-internet\/technique-prestashop\/ovh\/","og_locale":"en_GB","og_type":"article","og_title":"OVH | Nextase","og_description":"OVH est l\u2019un des leaders mondiaux de l\u2019h\u00e9bergement et c\u2019est chez eux que Nextase a d\u00e9cid\u00e9 d\u2019installer ses serveurs d\u00e9di\u00e9s. Nous b\u00e9n\u00e9ficions d\u2019une solution \u00e0 haute disponibilit\u00e9, supportant d&rsquo;importantes mont\u00e9es en charge (pic de trafic) et interconnect\u00e9s aux principaux backbones des FAI mondiaux, pour assurer aux sites des temps de r\u00e9ponse optimals. Suivant les besoins [&hellip;]","og_url":"https:\/\/www.nextase.fr\/en\/expertise-internet\/technique-prestashop\/ovh\/","og_site_name":"Nextase","article_modified_time":"2020-05-08T07:04:11+00:00","og_image":[{"url":"https:\/\/nextase.fr\/wp-content\/uploads\/2017\/02\/logo_ovh_new.jpg","type":"","width":"","height":""}],"schema":{"@context":"https:\/\/schema.org","@graph":[{"@type":"WebPage","@id":"https:\/\/www.nextase.fr\/expertise-internet\/technique-prestashop\/ovh\/","url":"https:\/\/www.nextase.fr\/expertise-internet\/technique-prestashop\/ovh\/","name":"OVH | Nextase","isPartOf":{"@id":"https:\/\/www.nextase.fr\/fr\/#website"},"primaryImageOfPage":{"@id":"https:\/\/www.nextase.fr\/expertise-internet\/technique-prestashop\/ovh\/#primaryimage"},"image":{"@id":"https:\/\/www.nextase.fr\/expertise-internet\/technique-prestashop\/ovh\/#primaryimage"},"thumbnailUrl":"https:\/\/nextase.fr\/wp-content\/uploads\/2017\/02\/logo_ovh_new.jpg","datePublished":"2013-12-17T12:18:09+00:00","dateModified":"2020-05-08T07:04:11+00:00","breadcrumb":{"@id":"https:\/\/www.nextase.fr\/expertise-internet\/technique-prestashop\/ovh\/#breadcrumb"},"inLanguage":"en-GB","potentialAction":[{"@type":"ReadAction","target":["https:\/\/www.nextase.fr\/expertise-internet\/technique-prestashop\/ovh\/"]}]},{"@type":"ImageObject","inLanguage":"en-GB","@id":"https:\/\/www.nextase.fr\/expertise-internet\/technique-prestashop\/ovh\/#primaryimage","url":"https:\/\/nextase.fr\/wp-content\/uploads\/2017\/02\/logo_ovh_new.jpg","contentUrl":"https:\/\/nextase.fr\/wp-content\/uploads\/2017\/02\/logo_ovh_new.jpg"},{"@type":"BreadcrumbList","@id":"https:\/\/www.nextase.fr\/expertise-internet\/technique-prestashop\/ovh\/#breadcrumb","itemListElement":[{"@type":"ListItem","position":1,"name":"Notre expertise","item":"https:\/\/www.nextase.fr\/fr\/expertise-internet\/"},{"@type":"ListItem","position":2,"name":"Innovation technique","item":"https:\/\/www.nextase.fr\/expertise-internet\/technique-prestashop\/"},{"@type":"ListItem","position":3,"name":"OVH"}]},{"@type":"WebSite","@id":"https:\/\/www.nextase.fr\/fr\/#website","url":"https:\/\/www.nextase.fr\/fr\/","name":"Nextase","description":"Specialized web marketing agency Marketplace","publisher":{"@id":"https:\/\/www.nextase.fr\/fr\/#organization"},"potentialAction":[{"@type":"SearchAction","target":{"@type":"EntryPoint","urlTemplate":"https:\/\/www.nextase.fr\/fr\/?s={search_term_string}"},"query-input":{"@type":"PropertyValueSpecification","valueRequired":true,"valueName":"search_term_string"}}],"inLanguage":"en-GB"},{"@type":"Organization","@id":"https:\/\/www.nextase.fr\/fr\/#organization","name":"Agence Nextase","url":"https:\/\/www.nextase.fr\/fr\/","logo":{"@type":"ImageObject","inLanguage":"en-GB","@id":"https:\/\/www.nextase.fr\/fr\/#\/schema\/logo\/image\/","url":"https:\/\/www.nextase.fr\/wp-content\/uploads\/2014\/02\/Logo_Nextase_finale_noir_carre.png","contentUrl":"https:\/\/www.nextase.fr\/wp-content\/uploads\/2014\/02\/Logo_Nextase_finale_noir_carre.png","width":186,"height":186,"caption":"Agence Nextase"},"image":{"@id":"https:\/\/www.nextase.fr\/fr\/#\/schema\/logo\/image\/"},"sameAs":["https:\/\/twitter.com\/agencenextase?lang=fr","https:\/\/www.linkedin.com\/company\/nextase\/about\/"]}]}},"_links":{"self":[{"href":"https:\/\/www.nextase.fr\/en\/wp-json\/wp\/v2\/pages\/2141","targetHints":{"allow":["GET"]}}],"collection":[{"href":"https:\/\/www.nextase.fr\/en\/wp-json\/wp\/v2\/pages"}],"about":[{"href":"https:\/\/www.nextase.fr\/en\/wp-json\/wp\/v2\/types\/page"}],"author":[{"embeddable":true,"href":"https:\/\/www.nextase.fr\/en\/wp-json\/wp\/v2\/users\/10"}],"replies":[{"embeddable":true,"href":"https:\/\/www.nextase.fr\/en\/wp-json\/wp\/v2\/comments?post=2141"}],"version-history":[{"count":13,"href":"https:\/\/www.nextase.fr\/en\/wp-json\/wp\/v2\/pages\/2141\/revisions"}],"predecessor-version":[{"id":3463,"href":"https:\/\/www.nextase.fr\/en\/wp-json\/wp\/v2\/pages\/2141\/revisions\/3463"}],"up":[{"embeddable":true,"href":"https:\/\/www.nextase.fr\/en\/wp-json\/wp\/v2\/pages\/2076"}],"wp:attachment":[{"href":"https:\/\/www.nextase.fr\/en\/wp-json\/wp\/v2\/media?parent=2141"}],"curies":[{"name":"wp","href":"https:\/\/api.w.org\/{rel}","templated":true}]}}