{"id":2118,"date":"2013-12-17T12:31:40","date_gmt":"2013-12-17T11:31:40","guid":{"rendered":"https:\/\/nextase.fr\/?page_id=2118"},"modified":"2020-05-08T08:01:14","modified_gmt":"2020-05-08T07:01:14","slug":"prestashop","status":"publish","type":"page","link":"https:\/\/www.nextase.fr\/en\/expertise-internet\/technique-prestashop\/prestashop\/","title":{"rendered":"Prestashop"},"content":{"rendered":"<div data-elementor-type=\"wp-page\" data-elementor-id=\"2118\" class=\"elementor elementor-2118\" data-elementor-post-type=\"page\">\n\t\t\t\t\t\t<section class=\"elementor-section elementor-top-section elementor-element elementor-element-15c9acd0 elementor-section-boxed elementor-section-height-default elementor-section-height-default\" data-id=\"15c9acd0\" data-element_type=\"section\" data-e-type=\"section\">\n\t\t\t\t\t\t<div class=\"elementor-container elementor-column-gap-default\">\n\t\t\t\t\t<div class=\"elementor-column elementor-col-33 elementor-top-column elementor-element elementor-element-476ea9a\" data-id=\"476ea9a\" data-element_type=\"column\" data-e-type=\"column\">\n\t\t\t<div class=\"elementor-widget-wrap elementor-element-populated\">\n\t\t\t\t\t\t<div class=\"elementor-element elementor-element-f498ca3 elementor-nav-menu--dropdown-tablet elementor-nav-menu__text-align-aside elementor-widget elementor-widget-global elementor-global-3449 elementor-widget-nav-menu\" data-id=\"f498ca3\" data-element_type=\"widget\" data-e-type=\"widget\" data-settings=\"{&quot;layout&quot;:&quot;vertical&quot;,&quot;submenu_icon&quot;:{&quot;value&quot;:&quot;fas fa-caret-down&quot;,&quot;library&quot;:&quot;fa-solid&quot;}}\" data-widget_type=\"nav-menu.default\">\n\t\t\t\t<div class=\"elementor-widget-container\">\n\t\t\t\t\t\t\t\t<nav aria-label=\"Menu\" class=\"elementor-nav-menu--main elementor-nav-menu__container elementor-nav-menu--layout-vertical e--pointer-underline e--animation-fade\">\n\t\t\t\t<ul id=\"menu-1-f498ca3\" class=\"elementor-nav-menu sm-vertical\"><li class=\"menu-item menu-item-type-post_type menu-item-object-page menu-item-2121\"><a href=\"https:\/\/www.nextase.fr\/en\/expertise-internet\/technique-prestashop\/prestashop\/\" class=\"elementor-item\">Prestashop<\/a><\/li>\n<li class=\"menu-item menu-item-type-post_type menu-item-object-page menu-item-2154\"><a href=\"https:\/\/www.nextase.fr\/en\/expertise-internet\/technique-prestashop\/lengow\/\" class=\"elementor-item\">Lengow<\/a><\/li>\n<li class=\"menu-item menu-item-type-post_type menu-item-object-page menu-item-2153\"><a href=\"https:\/\/www.nextase.fr\/en\/expertise-internet\/technique-prestashop\/google\/\" class=\"elementor-item\">Google<\/a><\/li>\n<li class=\"menu-item menu-item-type-post_type menu-item-object-page menu-item-2152\"><a href=\"https:\/\/www.nextase.fr\/en\/expertise-internet\/technique-prestashop\/ovh\/\" class=\"elementor-item\">OVH<\/a><\/li>\n<li class=\"menu-item menu-item-type-post_type menu-item-object-page menu-item-2151\"><a href=\"https:\/\/www.nextase.fr\/en\/expertise-internet\/technique-prestashop\/solsys\/\" class=\"elementor-item\">Solsys: from commerce to e-commerce<\/a><\/li>\n<li class=\"menu-item menu-item-type-post_type menu-item-object-page menu-item-2150\"><a href=\"https:\/\/www.nextase.fr\/en\/expertise-internet\/technique-prestashop\/neteven\/\" class=\"elementor-item\">Neteven<\/a><\/li>\n<\/ul>\t\t\t<\/nav>\n\t\t\t\t\t\t<nav class=\"elementor-nav-menu--dropdown elementor-nav-menu__container\" aria-hidden=\"true\">\n\t\t\t\t<ul id=\"menu-2-f498ca3\" class=\"elementor-nav-menu sm-vertical\"><li class=\"menu-item menu-item-type-post_type menu-item-object-page menu-item-2121\"><a href=\"https:\/\/www.nextase.fr\/en\/expertise-internet\/technique-prestashop\/prestashop\/\" class=\"elementor-item\" tabindex=\"-1\">Prestashop<\/a><\/li>\n<li class=\"menu-item menu-item-type-post_type menu-item-object-page menu-item-2154\"><a href=\"https:\/\/www.nextase.fr\/en\/expertise-internet\/technique-prestashop\/lengow\/\" class=\"elementor-item\" tabindex=\"-1\">Lengow<\/a><\/li>\n<li class=\"menu-item menu-item-type-post_type menu-item-object-page menu-item-2153\"><a href=\"https:\/\/www.nextase.fr\/en\/expertise-internet\/technique-prestashop\/google\/\" class=\"elementor-item\" tabindex=\"-1\">Google<\/a><\/li>\n<li class=\"menu-item menu-item-type-post_type menu-item-object-page menu-item-2152\"><a href=\"https:\/\/www.nextase.fr\/en\/expertise-internet\/technique-prestashop\/ovh\/\" class=\"elementor-item\" tabindex=\"-1\">OVH<\/a><\/li>\n<li class=\"menu-item menu-item-type-post_type menu-item-object-page menu-item-2151\"><a href=\"https:\/\/www.nextase.fr\/en\/expertise-internet\/technique-prestashop\/solsys\/\" class=\"elementor-item\" tabindex=\"-1\">Solsys: from commerce to e-commerce<\/a><\/li>\n<li class=\"menu-item menu-item-type-post_type menu-item-object-page menu-item-2150\"><a href=\"https:\/\/www.nextase.fr\/en\/expertise-internet\/technique-prestashop\/neteven\/\" class=\"elementor-item\" tabindex=\"-1\">Neteven<\/a><\/li>\n<\/ul>\t\t\t<\/nav>\n\t\t\t\t\t\t<\/div>\n\t\t\t\t<\/div>\n\t\t\t\t\t<\/div>\n\t\t<\/div>\n\t\t\t\t<div class=\"elementor-column elementor-col-66 elementor-top-column elementor-element elementor-element-597ed8\" data-id=\"597ed8\" data-element_type=\"column\" data-e-type=\"column\">\n\t\t\t<div class=\"elementor-widget-wrap elementor-element-populated\">\n\t\t\t\t\t\t<div class=\"elementor-element elementor-element-1d383655 elementor-widget elementor-widget-heading\" data-id=\"1d383655\" data-element_type=\"widget\" data-e-type=\"widget\" data-widget_type=\"heading.default\">\n\t\t\t\t<div class=\"elementor-widget-container\">\n\t\t\t\t\t<h1 class=\"elementor-heading-title elementor-size-default\">Prestashop<\/h1>\t\t\t\t<\/div>\n\t\t\t\t<\/div>\n\t\t\t\t<div class=\"elementor-element elementor-element-791fa7fc elementor-widget elementor-widget-text-editor\" data-id=\"791fa7fc\" data-element_type=\"widget\" data-e-type=\"widget\" data-widget_type=\"text-editor.default\">\n\t\t\t\t<div class=\"elementor-widget-container\">\n\t\t\t\t\t\t\t\t\t<p><img decoding=\"async\" class=\"aligncenter wp-image-2583 size-full\" src=\"https:\/\/nextase.fr\/wp-content\/uploads\/2017\/02\/logo_prestashop_new.jpg\" alt=\"Prestashop\" width=\"270\" height=\"75\" srcset=\"https:\/\/www.nextase.fr\/wp-content\/uploads\/2017\/02\/logo_prestashop_new.jpg 270w, https:\/\/www.nextase.fr\/wp-content\/uploads\/2017\/02\/logo_prestashop_new-150x42.jpg 150w\" sizes=\"(max-width: 270px) 100vw, 270px\" \/><\/p><p><strong>Prestashop<\/strong> is our preferred platform for creating and developing <strong>e-commerce sites<\/strong>.\u00a0<\/p><p>There are many reasons to choose this solution rather than a proprietary solution, here are some advantages of Prestashop: <strong>robustness<\/strong>, <strong>scalablility<\/strong>, <strong>modular<\/strong>, <strong>fast<\/strong> to take in hand, <strong>Open-source<\/strong> with an impressive community of developers and users.<\/p><p>Our Prestashop experience guarantees you optimal operation and an ability to evolve the following solution <strong>your business needs<\/strong> while respecting the rules of the art and the recommendations of the solution (class overload, development of modules, creation of themes).<\/p><p>Nextase can also help you optimize the performance of your Prestashop site following a technical audit by our engineers. Depending on the case, for example,<strong> manage module caching<\/strong>, <strong>detect and optimize SQL queries<\/strong> that squeeze performance, add <strong>media servers<\/strong> or <strong>configure a CDN<\/strong>.<\/p><p>The maturity of Prestashop module management has led us to develop our own modules based on the business needs of our customers (<a title=\"Solsys\" href=\"https:\/\/www.nextase.fr\/en\/technique-prestashop\/solsys\/\">Solsys<\/a>).<\/p>\t\t\t\t\t\t\t\t<\/div>\n\t\t\t\t<\/div>\n\t\t\t\t\t<\/div>\n\t\t<\/div>\n\t\t\t\t\t<\/div>\n\t\t<\/section>\n\t\t\t\t<\/div>","protected":false},"excerpt":{"rendered":"<p>Prestashop est notre plateforme de pr\u00e9dilection pour cr\u00e9er et d\u00e9velopper des sites e-commerce.\u00a0 Les raisons de choisir cette solution plut\u00f4t qu&rsquo;une solution propri\u00e9taire sont nombreuses, voici quelques atouts de Prestashop : robustesse, scalablility, modulaire, rapide \u00e0 prendre en main, Open-Source disposant d\u2019une impressionnante communaut\u00e9 de d\u00e9veloppeurs et d&rsquo;utilisateurs. Notre exp\u00e9rience de Prestashop vous garantit un [&hellip;]<\/p>\n","protected":false},"author":10,"featured_media":0,"parent":2076,"menu_order":0,"comment_status":"closed","ping_status":"closed","template":"","meta":{"_monsterinsights_skip_tracking":false,"_monsterinsights_sitenote_active":false,"_monsterinsights_sitenote_note":"","_monsterinsights_sitenote_category":0,"footnotes":""},"class_list":["post-2118","page","type-page","status-publish","hentry"],"yoast_head":"<!-- This site is optimized with the Yoast SEO plugin v27.5 - https:\/\/yoast.com\/product\/yoast-seo-wordpress\/ -->\n<title>Prestashop et l&#039;agence Nextase<\/title>\n<meta name=\"description\" content=\"Sp\u00e9cialiste de Prestashop, pour vous accompagner pour cr\u00e9er votre site Prestashop, l&#039;optimiser, surcharger des classes, cr\u00e9er des modules.\" \/>\n<meta name=\"robots\" content=\"index, follow, max-snippet:-1, max-image-preview:large, max-video-preview:-1\" \/>\n<link rel=\"canonical\" href=\"https:\/\/www.nextase.fr\/en\/expertise-internet\/technique-prestashop\/prestashop\/\" \/>\n<meta property=\"og:locale\" content=\"en_GB\" \/>\n<meta property=\"og:type\" content=\"article\" \/>\n<meta property=\"og:title\" content=\"Prestashop et l&#039;agence Nextase\" \/>\n<meta property=\"og:description\" content=\"Sp\u00e9cialiste de Prestashop, pour vous accompagner pour cr\u00e9er votre site Prestashop, l&#039;optimiser, surcharger des classes, cr\u00e9er des modules.\" \/>\n<meta property=\"og:url\" content=\"https:\/\/www.nextase.fr\/en\/expertise-internet\/technique-prestashop\/prestashop\/\" \/>\n<meta property=\"og:site_name\" content=\"Nextase\" \/>\n<meta property=\"article:modified_time\" content=\"2020-05-08T07:01:14+00:00\" \/>\n<meta property=\"og:image\" content=\"https:\/\/nextase.fr\/wp-content\/uploads\/2017\/02\/logo_prestashop_new.jpg\" \/>\n<meta name=\"twitter:label1\" content=\"Estimated reading time\" \/>\n\t<meta name=\"twitter:data1\" content=\"1 minute\" \/>\n<script type=\"application\/ld+json\" class=\"yoast-schema-graph\">{\"@context\":\"https:\\\/\\\/schema.org\",\"@graph\":[{\"@type\":\"WebPage\",\"@id\":\"https:\\\/\\\/www.nextase.fr\\\/expertise-internet\\\/technique-prestashop\\\/prestashop\\\/\",\"url\":\"https:\\\/\\\/www.nextase.fr\\\/expertise-internet\\\/technique-prestashop\\\/prestashop\\\/\",\"name\":\"Prestashop et l'agence Nextase\",\"isPartOf\":{\"@id\":\"https:\\\/\\\/www.nextase.fr\\\/fr\\\/#website\"},\"primaryImageOfPage\":{\"@id\":\"https:\\\/\\\/www.nextase.fr\\\/expertise-internet\\\/technique-prestashop\\\/prestashop\\\/#primaryimage\"},\"image\":{\"@id\":\"https:\\\/\\\/www.nextase.fr\\\/expertise-internet\\\/technique-prestashop\\\/prestashop\\\/#primaryimage\"},\"thumbnailUrl\":\"https:\\\/\\\/nextase.fr\\\/wp-content\\\/uploads\\\/2017\\\/02\\\/logo_prestashop_new.jpg\",\"datePublished\":\"2013-12-17T11:31:40+00:00\",\"dateModified\":\"2020-05-08T07:01:14+00:00\",\"description\":\"Sp\u00e9cialiste de Prestashop, pour vous accompagner pour cr\u00e9er votre site Prestashop, l'optimiser, surcharger des classes, cr\u00e9er des modules.\",\"breadcrumb\":{\"@id\":\"https:\\\/\\\/www.nextase.fr\\\/expertise-internet\\\/technique-prestashop\\\/prestashop\\\/#breadcrumb\"},\"inLanguage\":\"en-GB\",\"potentialAction\":[{\"@type\":\"ReadAction\",\"target\":[\"https:\\\/\\\/www.nextase.fr\\\/expertise-internet\\\/technique-prestashop\\\/prestashop\\\/\"]}]},{\"@type\":\"ImageObject\",\"inLanguage\":\"en-GB\",\"@id\":\"https:\\\/\\\/www.nextase.fr\\\/expertise-internet\\\/technique-prestashop\\\/prestashop\\\/#primaryimage\",\"url\":\"https:\\\/\\\/nextase.fr\\\/wp-content\\\/uploads\\\/2017\\\/02\\\/logo_prestashop_new.jpg\",\"contentUrl\":\"https:\\\/\\\/nextase.fr\\\/wp-content\\\/uploads\\\/2017\\\/02\\\/logo_prestashop_new.jpg\"},{\"@type\":\"BreadcrumbList\",\"@id\":\"https:\\\/\\\/www.nextase.fr\\\/expertise-internet\\\/technique-prestashop\\\/prestashop\\\/#breadcrumb\",\"itemListElement\":[{\"@type\":\"ListItem\",\"position\":1,\"name\":\"Notre expertise\",\"item\":\"https:\\\/\\\/www.nextase.fr\\\/fr\\\/expertise-internet\\\/\"},{\"@type\":\"ListItem\",\"position\":2,\"name\":\"Innovation technique\",\"item\":\"https:\\\/\\\/www.nextase.fr\\\/expertise-internet\\\/technique-prestashop\\\/\"},{\"@type\":\"ListItem\",\"position\":3,\"name\":\"Prestashop\"}]},{\"@type\":\"WebSite\",\"@id\":\"https:\\\/\\\/www.nextase.fr\\\/fr\\\/#website\",\"url\":\"https:\\\/\\\/www.nextase.fr\\\/fr\\\/\",\"name\":\"Nextase\",\"description\":\"Agence web marketing sp\u00e9cialis\u00e9e Marketplace\",\"publisher\":{\"@id\":\"https:\\\/\\\/www.nextase.fr\\\/fr\\\/#organization\"},\"potentialAction\":[{\"@type\":\"SearchAction\",\"target\":{\"@type\":\"EntryPoint\",\"urlTemplate\":\"https:\\\/\\\/www.nextase.fr\\\/fr\\\/?s={search_term_string}\"},\"query-input\":{\"@type\":\"PropertyValueSpecification\",\"valueRequired\":true,\"valueName\":\"search_term_string\"}}],\"inLanguage\":\"en-GB\"},{\"@type\":\"Organization\",\"@id\":\"https:\\\/\\\/www.nextase.fr\\\/fr\\\/#organization\",\"name\":\"Agence Nextase\",\"url\":\"https:\\\/\\\/www.nextase.fr\\\/fr\\\/\",\"logo\":{\"@type\":\"ImageObject\",\"inLanguage\":\"en-GB\",\"@id\":\"https:\\\/\\\/www.nextase.fr\\\/fr\\\/#\\\/schema\\\/logo\\\/image\\\/\",\"url\":\"https:\\\/\\\/www.nextase.fr\\\/wp-content\\\/uploads\\\/2014\\\/02\\\/Logo_Nextase_finale_noir_carre.png\",\"contentUrl\":\"https:\\\/\\\/www.nextase.fr\\\/wp-content\\\/uploads\\\/2014\\\/02\\\/Logo_Nextase_finale_noir_carre.png\",\"width\":186,\"height\":186,\"caption\":\"Agence Nextase\"},\"image\":{\"@id\":\"https:\\\/\\\/www.nextase.fr\\\/fr\\\/#\\\/schema\\\/logo\\\/image\\\/\"},\"sameAs\":[\"https:\\\/\\\/twitter.com\\\/agencenextase?lang=fr\",\"https:\\\/\\\/www.linkedin.com\\\/company\\\/nextase\\\/about\\\/\"]}]}<\/script>\n<!-- \/ Yoast SEO plugin. -->","yoast_head_json":{"title":"Prestashop et l'agence Nextase","description":"Sp\u00e9cialiste de Prestashop, pour vous accompagner pour cr\u00e9er votre site Prestashop, l'optimiser, surcharger des classes, cr\u00e9er des modules.","robots":{"index":"index","follow":"follow","max-snippet":"max-snippet:-1","max-image-preview":"max-image-preview:large","max-video-preview":"max-video-preview:-1"},"canonical":"https:\/\/www.nextase.fr\/en\/expertise-internet\/technique-prestashop\/prestashop\/","og_locale":"en_GB","og_type":"article","og_title":"Prestashop et l'agence Nextase","og_description":"Sp\u00e9cialiste de Prestashop, pour vous accompagner pour cr\u00e9er votre site Prestashop, l'optimiser, surcharger des classes, cr\u00e9er des modules.","og_url":"https:\/\/www.nextase.fr\/en\/expertise-internet\/technique-prestashop\/prestashop\/","og_site_name":"Nextase","article_modified_time":"2020-05-08T07:01:14+00:00","og_image":[{"url":"https:\/\/nextase.fr\/wp-content\/uploads\/2017\/02\/logo_prestashop_new.jpg","type":"","width":"","height":""}],"twitter_misc":{"Estimated reading time":"1 minute"},"schema":{"@context":"https:\/\/schema.org","@graph":[{"@type":"WebPage","@id":"https:\/\/www.nextase.fr\/expertise-internet\/technique-prestashop\/prestashop\/","url":"https:\/\/www.nextase.fr\/expertise-internet\/technique-prestashop\/prestashop\/","name":"Prestashop et l'agence Nextase","isPartOf":{"@id":"https:\/\/www.nextase.fr\/fr\/#website"},"primaryImageOfPage":{"@id":"https:\/\/www.nextase.fr\/expertise-internet\/technique-prestashop\/prestashop\/#primaryimage"},"image":{"@id":"https:\/\/www.nextase.fr\/expertise-internet\/technique-prestashop\/prestashop\/#primaryimage"},"thumbnailUrl":"https:\/\/nextase.fr\/wp-content\/uploads\/2017\/02\/logo_prestashop_new.jpg","datePublished":"2013-12-17T11:31:40+00:00","dateModified":"2020-05-08T07:01:14+00:00","description":"Sp\u00e9cialiste de Prestashop, pour vous accompagner pour cr\u00e9er votre site Prestashop, l'optimiser, surcharger des classes, cr\u00e9er des modules.","breadcrumb":{"@id":"https:\/\/www.nextase.fr\/expertise-internet\/technique-prestashop\/prestashop\/#breadcrumb"},"inLanguage":"en-GB","potentialAction":[{"@type":"ReadAction","target":["https:\/\/www.nextase.fr\/expertise-internet\/technique-prestashop\/prestashop\/"]}]},{"@type":"ImageObject","inLanguage":"en-GB","@id":"https:\/\/www.nextase.fr\/expertise-internet\/technique-prestashop\/prestashop\/#primaryimage","url":"https:\/\/nextase.fr\/wp-content\/uploads\/2017\/02\/logo_prestashop_new.jpg","contentUrl":"https:\/\/nextase.fr\/wp-content\/uploads\/2017\/02\/logo_prestashop_new.jpg"},{"@type":"BreadcrumbList","@id":"https:\/\/www.nextase.fr\/expertise-internet\/technique-prestashop\/prestashop\/#breadcrumb","itemListElement":[{"@type":"ListItem","position":1,"name":"Notre expertise","item":"https:\/\/www.nextase.fr\/fr\/expertise-internet\/"},{"@type":"ListItem","position":2,"name":"Innovation technique","item":"https:\/\/www.nextase.fr\/expertise-internet\/technique-prestashop\/"},{"@type":"ListItem","position":3,"name":"Prestashop"}]},{"@type":"WebSite","@id":"https:\/\/www.nextase.fr\/fr\/#website","url":"https:\/\/www.nextase.fr\/fr\/","name":"Nextase","description":"Specialized web marketing agency Marketplace","publisher":{"@id":"https:\/\/www.nextase.fr\/fr\/#organization"},"potentialAction":[{"@type":"SearchAction","target":{"@type":"EntryPoint","urlTemplate":"https:\/\/www.nextase.fr\/fr\/?s={search_term_string}"},"query-input":{"@type":"PropertyValueSpecification","valueRequired":true,"valueName":"search_term_string"}}],"inLanguage":"en-GB"},{"@type":"Organization","@id":"https:\/\/www.nextase.fr\/fr\/#organization","name":"Agence Nextase","url":"https:\/\/www.nextase.fr\/fr\/","logo":{"@type":"ImageObject","inLanguage":"en-GB","@id":"https:\/\/www.nextase.fr\/fr\/#\/schema\/logo\/image\/","url":"https:\/\/www.nextase.fr\/wp-content\/uploads\/2014\/02\/Logo_Nextase_finale_noir_carre.png","contentUrl":"https:\/\/www.nextase.fr\/wp-content\/uploads\/2014\/02\/Logo_Nextase_finale_noir_carre.png","width":186,"height":186,"caption":"Agence Nextase"},"image":{"@id":"https:\/\/www.nextase.fr\/fr\/#\/schema\/logo\/image\/"},"sameAs":["https:\/\/twitter.com\/agencenextase?lang=fr","https:\/\/www.linkedin.com\/company\/nextase\/about\/"]}]}},"_links":{"self":[{"href":"https:\/\/www.nextase.fr\/en\/wp-json\/wp\/v2\/pages\/2118","targetHints":{"allow":["GET"]}}],"collection":[{"href":"https:\/\/www.nextase.fr\/en\/wp-json\/wp\/v2\/pages"}],"about":[{"href":"https:\/\/www.nextase.fr\/en\/wp-json\/wp\/v2\/types\/page"}],"author":[{"embeddable":true,"href":"https:\/\/www.nextase.fr\/en\/wp-json\/wp\/v2\/users\/10"}],"replies":[{"embeddable":true,"href":"https:\/\/www.nextase.fr\/en\/wp-json\/wp\/v2\/comments?post=2118"}],"version-history":[{"count":22,"href":"https:\/\/www.nextase.fr\/en\/wp-json\/wp\/v2\/pages\/2118\/revisions"}],"predecessor-version":[{"id":3459,"href":"https:\/\/www.nextase.fr\/en\/wp-json\/wp\/v2\/pages\/2118\/revisions\/3459"}],"up":[{"embeddable":true,"href":"https:\/\/www.nextase.fr\/en\/wp-json\/wp\/v2\/pages\/2076"}],"wp:attachment":[{"href":"https:\/\/www.nextase.fr\/en\/wp-json\/wp\/v2\/media?parent=2118"}],"curies":[{"name":"wp","href":"https:\/\/api.w.org\/{rel}","templated":true}]}}