{"id":2076,"date":"2013-12-13T17:49:38","date_gmt":"2013-12-13T16:49:38","guid":{"rendered":"https:\/\/nextase.fr\/?page_id=2076"},"modified":"2022-05-13T14:00:47","modified_gmt":"2022-05-13T13:00:47","slug":"technique-prestashop","status":"publish","type":"page","link":"https:\/\/www.nextase.fr\/en\/expertise-internet\/technique-prestashop\/","title":{"rendered":"Innovation technique"},"content":{"rendered":"<div data-elementor-type=\"wp-page\" data-elementor-id=\"2076\" class=\"elementor elementor-2076\" data-elementor-post-type=\"page\">\n\t\t\t\t\t\t<section class=\"elementor-section elementor-top-section elementor-element elementor-element-60680182 elementor-section-boxed elementor-section-height-default elementor-section-height-default\" data-id=\"60680182\" data-element_type=\"section\" data-e-type=\"section\">\n\t\t\t\t\t\t<div class=\"elementor-container elementor-column-gap-default\">\n\t\t\t\t\t<div class=\"elementor-column elementor-col-33 elementor-top-column elementor-element elementor-element-1b500254\" data-id=\"1b500254\" data-element_type=\"column\" data-e-type=\"column\">\n\t\t\t<div class=\"elementor-widget-wrap elementor-element-populated\">\n\t\t\t\t\t\t<div class=\"elementor-element elementor-element-47833946 elementor-nav-menu--dropdown-tablet elementor-nav-menu__text-align-aside elementor-widget elementor-widget-global elementor-global-3394 elementor-widget-nav-menu\" data-id=\"47833946\" data-element_type=\"widget\" data-e-type=\"widget\" data-settings=\"{&quot;layout&quot;:&quot;vertical&quot;,&quot;submenu_icon&quot;:{&quot;value&quot;:&quot;fas fa-caret-down&quot;,&quot;library&quot;:&quot;fa-solid&quot;}}\" data-widget_type=\"nav-menu.default\">\n\t\t\t\t<div class=\"elementor-widget-container\">\n\t\t\t\t\t\t\t\t<nav aria-label=\"Menu\" class=\"elementor-nav-menu--main elementor-nav-menu__container elementor-nav-menu--layout-vertical e--pointer-underline e--animation-fade\">\n\t\t\t\t<ul id=\"menu-1-47833946\" class=\"elementor-nav-menu sm-vertical\"><li class=\"menu-item menu-item-type-post_type menu-item-object-page menu-item-2085\"><a href=\"https:\/\/www.nextase.fr\/en\/expertise-internet\/vision-et-strategie\/\" class=\"elementor-item\"><i class=\"icon icon-hand-right\"><\/i>\u00a0\u00a0Vision and strategy<\/a><\/li>\n<li class=\"menu-item menu-item-type-post_type menu-item-object-page menu-item-2084\"><a href=\"https:\/\/www.nextase.fr\/en\/expertise-internet\/web-marketing\/\" class=\"elementor-item\"><i class=\"icon icon-screenshot\"><\/i>\u00a0\u00a0Web marketing<\/a><\/li>\n<li class=\"menu-item menu-item-type-post_type menu-item-object-page menu-item-2408\"><a href=\"https:\/\/www.nextase.fr\/en\/expertise-internet\/marketplace\/\" class=\"elementor-item\"><i class=\"icon icon-shopping-cart\"><\/i>\u00a0\u00a0Marketplace<\/a><\/li>\n<li class=\"menu-item menu-item-type-post_type menu-item-object-page menu-item-2083\"><a href=\"https:\/\/www.nextase.fr\/en\/expertise-internet\/base-de-donnees\/\" class=\"elementor-item\"><i class=\"icon icon-download-alt\"><\/i>\u00a0\u00a0Database<\/a><\/li>\n<li class=\"menu-item menu-item-type-post_type menu-item-object-page menu-item-2081\"><a href=\"https:\/\/www.nextase.fr\/en\/expertise-internet\/graphisme\/\" class=\"elementor-item\"><i class=\"icon icon-pencil\"><\/i>\u00a0\u00a0Graphics<\/a><\/li>\n<li class=\"menu-item menu-item-type-post_type menu-item-object-page menu-item-2080\"><a href=\"https:\/\/www.nextase.fr\/en\/expertise-internet\/technique-prestashop\/\" class=\"elementor-item\"><i class=\"icon icon-cogs\"><\/i>\u00a0\u00a0Technical<\/a><\/li>\n<li class=\"menu-item menu-item-type-post_type menu-item-object-page menu-item-2082\"><a href=\"https:\/\/www.nextase.fr\/en\/expertise-internet\/assistance-support\/\" class=\"elementor-item\"><i class=\"icon icon-info-sign\"><\/i>\u00a0\u00a0Assistance &amp; Support<\/a><\/li>\n<\/ul>\t\t\t<\/nav>\n\t\t\t\t\t\t<nav class=\"elementor-nav-menu--dropdown elementor-nav-menu__container\" aria-hidden=\"true\">\n\t\t\t\t<ul id=\"menu-2-47833946\" class=\"elementor-nav-menu sm-vertical\"><li class=\"menu-item menu-item-type-post_type menu-item-object-page menu-item-2085\"><a href=\"https:\/\/www.nextase.fr\/en\/expertise-internet\/vision-et-strategie\/\" class=\"elementor-item\" tabindex=\"-1\"><i class=\"icon icon-hand-right\"><\/i>\u00a0\u00a0Vision and strategy<\/a><\/li>\n<li class=\"menu-item menu-item-type-post_type menu-item-object-page menu-item-2084\"><a href=\"https:\/\/www.nextase.fr\/en\/expertise-internet\/web-marketing\/\" class=\"elementor-item\" tabindex=\"-1\"><i class=\"icon icon-screenshot\"><\/i>\u00a0\u00a0Web marketing<\/a><\/li>\n<li class=\"menu-item menu-item-type-post_type menu-item-object-page menu-item-2408\"><a href=\"https:\/\/www.nextase.fr\/en\/expertise-internet\/marketplace\/\" class=\"elementor-item\" tabindex=\"-1\"><i class=\"icon icon-shopping-cart\"><\/i>\u00a0\u00a0Marketplace<\/a><\/li>\n<li class=\"menu-item menu-item-type-post_type menu-item-object-page menu-item-2083\"><a href=\"https:\/\/www.nextase.fr\/en\/expertise-internet\/base-de-donnees\/\" class=\"elementor-item\" tabindex=\"-1\"><i class=\"icon icon-download-alt\"><\/i>\u00a0\u00a0Database<\/a><\/li>\n<li class=\"menu-item menu-item-type-post_type menu-item-object-page menu-item-2081\"><a href=\"https:\/\/www.nextase.fr\/en\/expertise-internet\/graphisme\/\" class=\"elementor-item\" tabindex=\"-1\"><i class=\"icon icon-pencil\"><\/i>\u00a0\u00a0Graphics<\/a><\/li>\n<li class=\"menu-item menu-item-type-post_type menu-item-object-page menu-item-2080\"><a href=\"https:\/\/www.nextase.fr\/en\/expertise-internet\/technique-prestashop\/\" class=\"elementor-item\" tabindex=\"-1\"><i class=\"icon icon-cogs\"><\/i>\u00a0\u00a0Technical<\/a><\/li>\n<li class=\"menu-item menu-item-type-post_type menu-item-object-page menu-item-2082\"><a href=\"https:\/\/www.nextase.fr\/en\/expertise-internet\/assistance-support\/\" class=\"elementor-item\" tabindex=\"-1\"><i class=\"icon icon-info-sign\"><\/i>\u00a0\u00a0Assistance &amp; Support<\/a><\/li>\n<\/ul>\t\t\t<\/nav>\n\t\t\t\t\t\t<\/div>\n\t\t\t\t<\/div>\n\t\t\t\t<div class=\"elementor-element elementor-element-f23365d elementor-nav-menu--dropdown-tablet elementor-nav-menu__text-align-aside elementor-widget elementor-widget-global elementor-global-3449 elementor-widget-nav-menu\" data-id=\"f23365d\" data-element_type=\"widget\" data-e-type=\"widget\" data-settings=\"{&quot;layout&quot;:&quot;vertical&quot;,&quot;submenu_icon&quot;:{&quot;value&quot;:&quot;fas fa-caret-down&quot;,&quot;library&quot;:&quot;fa-solid&quot;}}\" data-widget_type=\"nav-menu.default\">\n\t\t\t\t<div class=\"elementor-widget-container\">\n\t\t\t\t\t\t\t\t<nav aria-label=\"Menu\" class=\"elementor-nav-menu--main elementor-nav-menu__container elementor-nav-menu--layout-vertical e--pointer-underline e--animation-fade\">\n\t\t\t\t<ul id=\"menu-1-f23365d\" class=\"elementor-nav-menu sm-vertical\"><li class=\"menu-item menu-item-type-post_type menu-item-object-page menu-item-2121\"><a href=\"https:\/\/www.nextase.fr\/en\/expertise-internet\/technique-prestashop\/prestashop\/\" class=\"elementor-item\">Prestashop<\/a><\/li>\n<li class=\"menu-item menu-item-type-post_type menu-item-object-page menu-item-2154\"><a href=\"https:\/\/www.nextase.fr\/en\/expertise-internet\/technique-prestashop\/lengow\/\" class=\"elementor-item\">Lengow<\/a><\/li>\n<li class=\"menu-item menu-item-type-post_type menu-item-object-page menu-item-2153\"><a href=\"https:\/\/www.nextase.fr\/en\/expertise-internet\/technique-prestashop\/google\/\" class=\"elementor-item\">Google<\/a><\/li>\n<li class=\"menu-item menu-item-type-post_type menu-item-object-page menu-item-2152\"><a href=\"https:\/\/www.nextase.fr\/en\/expertise-internet\/technique-prestashop\/ovh\/\" class=\"elementor-item\">OVH<\/a><\/li>\n<li class=\"menu-item menu-item-type-post_type menu-item-object-page menu-item-2151\"><a href=\"https:\/\/www.nextase.fr\/en\/expertise-internet\/technique-prestashop\/solsys\/\" class=\"elementor-item\">Solsys: from commerce to e-commerce<\/a><\/li>\n<li class=\"menu-item menu-item-type-post_type menu-item-object-page menu-item-2150\"><a href=\"https:\/\/www.nextase.fr\/en\/expertise-internet\/technique-prestashop\/neteven\/\" class=\"elementor-item\">Neteven<\/a><\/li>\n<\/ul>\t\t\t<\/nav>\n\t\t\t\t\t\t<nav class=\"elementor-nav-menu--dropdown elementor-nav-menu__container\" aria-hidden=\"true\">\n\t\t\t\t<ul id=\"menu-2-f23365d\" class=\"elementor-nav-menu sm-vertical\"><li class=\"menu-item menu-item-type-post_type menu-item-object-page menu-item-2121\"><a href=\"https:\/\/www.nextase.fr\/en\/expertise-internet\/technique-prestashop\/prestashop\/\" class=\"elementor-item\" tabindex=\"-1\">Prestashop<\/a><\/li>\n<li class=\"menu-item menu-item-type-post_type menu-item-object-page menu-item-2154\"><a href=\"https:\/\/www.nextase.fr\/en\/expertise-internet\/technique-prestashop\/lengow\/\" class=\"elementor-item\" tabindex=\"-1\">Lengow<\/a><\/li>\n<li class=\"menu-item menu-item-type-post_type menu-item-object-page menu-item-2153\"><a href=\"https:\/\/www.nextase.fr\/en\/expertise-internet\/technique-prestashop\/google\/\" class=\"elementor-item\" tabindex=\"-1\">Google<\/a><\/li>\n<li class=\"menu-item menu-item-type-post_type menu-item-object-page menu-item-2152\"><a href=\"https:\/\/www.nextase.fr\/en\/expertise-internet\/technique-prestashop\/ovh\/\" class=\"elementor-item\" tabindex=\"-1\">OVH<\/a><\/li>\n<li class=\"menu-item menu-item-type-post_type menu-item-object-page menu-item-2151\"><a href=\"https:\/\/www.nextase.fr\/en\/expertise-internet\/technique-prestashop\/solsys\/\" class=\"elementor-item\" tabindex=\"-1\">Solsys: from commerce to e-commerce<\/a><\/li>\n<li class=\"menu-item menu-item-type-post_type menu-item-object-page menu-item-2150\"><a href=\"https:\/\/www.nextase.fr\/en\/expertise-internet\/technique-prestashop\/neteven\/\" class=\"elementor-item\" tabindex=\"-1\">Neteven<\/a><\/li>\n<\/ul>\t\t\t<\/nav>\n\t\t\t\t\t\t<\/div>\n\t\t\t\t<\/div>\n\t\t\t\t\t<\/div>\n\t\t<\/div>\n\t\t\t\t<div class=\"elementor-column elementor-col-66 elementor-top-column elementor-element elementor-element-17bb0c57\" data-id=\"17bb0c57\" data-element_type=\"column\" data-e-type=\"column\">\n\t\t\t<div class=\"elementor-widget-wrap elementor-element-populated\">\n\t\t\t\t\t\t<div class=\"elementor-element elementor-element-19d2bfec elementor-widget elementor-widget-heading\" data-id=\"19d2bfec\" data-element_type=\"widget\" data-e-type=\"widget\" data-widget_type=\"heading.default\">\n\t\t\t\t<div class=\"elementor-widget-container\">\n\t\t\t\t\t<h1 class=\"elementor-heading-title elementor-size-default\">Innovation technique<\/h1>\t\t\t\t<\/div>\n\t\t\t\t<\/div>\n\t\t\t\t<div class=\"elementor-element elementor-element-564e9d58 elementor-widget elementor-widget-text-editor\" data-id=\"564e9d58\" data-element_type=\"widget\" data-e-type=\"widget\" data-widget_type=\"text-editor.default\">\n\t\t\t\t<div class=\"elementor-widget-container\">\n\t\t\t\t\t\t\t\t\t<h3><i class=\"icon icon-shopping-cart\"><\/i>Prestashop experts<\/h3>\n<p><strong><em>Prestashop<\/em><\/strong>&nbsp;is one of&nbsp;<strong>the most efficient tools to create an e-commerce site<\/strong>, administer it, manage stock flows, prepare orders, dispatch them and manage your customer service.<\/p>\n<p><strong>True <a title=\"Prestashop\" href=\"https:\/\/www.nextase.fr\/en\/technique-prestashop\/prestashop\/\">Prestashop experts<\/a><\/strong>, we create and manage e-commerce sites on the Open-Source Prestashop solution. This modular and scalable platform allows us to&nbsp;<strong>effectively build an online store<\/strong>&nbsp;perfectly adapted to your expectations (functionalities, specificities, <a title=\"&nbsp;&nbsp;Graphics\" href=\"https:\/\/www.nextase.fr\/en\/expertise-internet\/graphisme\/\">graphical charter<\/a>).<\/p>\n<p>Our technical team can, if necessary&nbsp;<strong>evolve the native functioning of Prestashop<\/strong>&nbsp;pour&nbsp;mettre en place de nouvelles&nbsp;fonctionnalit\u00e9s&nbsp;dans votre back et\/ou front-office. Notre capacit\u00e9 d&rsquo;innovation nous a permis de developper et de faire \u00e9voluer un grand nombre d&rsquo;outil qui nous permette de rendre Prestashop plus performant sur le plan technique et marketing.<\/p>\n<h3><i class=\"icon icon-tasks\"><\/i>Accommodation and infrastructure<\/h3>\n<p>We can host your online store on your server or on one of the dedicated servers administered by the agency.<\/p>\n<p>We are constantly monitoring&nbsp;<strong>technical performance of your site<\/strong>&nbsp;to monitor the impact of technical developments and traffic peaks and so&nbsp;<strong>permanently guarantee optimal response times<\/strong>&nbsp;through&nbsp;<em>CDN<\/em>&nbsp;or of distributed infrastructures to absorb these load increases.<\/p>\n<h3><i class=\"icon icon-code\"><\/i>Integration<\/h3>\n<p>The agency respects&nbsp;<em>W3C recommendations<\/em>&nbsp;in terms of web integration (<em>HTML5<\/em>,&nbsp;<em>CSS3<\/em>,&nbsp;<em>responsive design<\/em>). The rigorous application of these &quot;standards&quot; allows<strong>optimize site display performance<\/strong>&nbsp;and therefore its&nbsp;<strong><em>natural reference<\/em><\/strong>.<\/p>\n<p>Integration in responsive design mode allows optimal display and suitable for all types of screens (PC, Mac, Tablet, Smartphone).<\/p>\n<h3><i class=\"icon icon-exchange\"><\/i>Flow management<\/h3>\n<p>We design a system capable of exporting and distributing your product catalog on other partner e-commerce sites (<a title=\"&nbsp;&nbsp;Marketplace\" href=\"https:\/\/www.nextase.fr\/en\/expertise-internet\/marketplace\/\"><em>Market Place<\/em><\/a>, <em>price comparators<\/em>, <em>Retargeting<\/em>).<\/p>\n<p>From your Prestashop back office,&nbsp;<strong>you distribute your catalog and centralize the management of your orders<\/strong>&nbsp;(from a multitude of sites) thanks to a marketplace flow management tool.<\/p>\n<p>We use the solutions&nbsp;<strong><a title=\"Lengow\" href=\"https:\/\/www.nextase.fr\/en\/technique-prestashop\/lengow\/\"><em>Lengow<\/em><\/a><\/strong>&nbsp;and&nbsp;<a title=\"Neteven\" href=\"https:\/\/www.nextase.fr\/en\/technique-prestashop\/neteven\/\"><em>NetEven<\/em><\/a>&nbsp;to effectively understand this management of incoming and outgoing information flows between your back office <a title=\"Prestashop\" href=\"https:\/\/www.nextase.fr\/en\/technique-prestashop\/prestashop\/\">Prestashop<\/a> and your partner sites.<\/p>\n<p>Prestashop connected to a flow management tool, makes it possible to centralize all the stock movements from your e-commerce activity (product creations, stock entries, sales, returns).<\/p>\n<h3 id=\"seo\"><i class=\"icon icon-globe\"><\/i>SEO optimization<\/h3>\n<p>To allow you to&nbsp;<strong>move up in the top places of search engines<\/strong>, our technical team implements the best practices of&nbsp;<em>SEO<\/em>&nbsp;(<em>natural reference <strong><a title=\"Google\" href=\"https:\/\/www.nextase.fr\/en\/technique-prestashop\/google\/\">Google<\/a><\/strong><\/em>): integration of&nbsp;<em>micro data<\/em>&nbsp;in line with the expectations of search engines,&nbsp;<em>meta tags<\/em>,&nbsp;<em>semantic markup<\/em>&nbsp;text to maximize the visibility of your site on the pages of&nbsp;<em>Google<\/em>,&nbsp;<em>Yahoo!<\/em>, <em>Bing<\/em>, <em>Yandex<\/em> and <em>Baidu<\/em>.<\/p>\n<h3><i class=\"icon icon-link\"><\/i>Your online store connected to your physical stores<\/h3>\n<p>If you have physical stores, we can&nbsp;<em>import your product catalog into Prestashop<\/em>&nbsp;to allow you to&nbsp;<strong>centralize your stocks and prices<\/strong>&nbsp;from your current store management software, such as&nbsp;<strong><a title=\"Solsys\" href=\"https:\/\/www.nextase.fr\/en\/technique-prestashop\/solsys\/\">Solsys<\/a><\/strong>, Fastmag or Polaris. We take care of&nbsp;<strong>update automatically<\/strong>&nbsp;this information on your online store so that the information displayed is constantly up to date. All sales made online will be counted in your current management tool.<\/p>\t\t\t\t\t\t\t\t<\/div>\n\t\t\t\t<\/div>\n\t\t\t\t\t<\/div>\n\t\t<\/div>\n\t\t\t\t\t<\/div>\n\t\t<\/section>\n\t\t\t\t<\/div>","protected":false},"excerpt":{"rendered":"<p>Experts Prestashop Prestashop&nbsp;est l&rsquo;un des&nbsp;outils les plus performants pour cr\u00e9er un site e-commerce, l&rsquo;administrer, g\u00e9rer les flux de stock, pr\u00e9parer les commandes, les exp\u00e9dier et g\u00e9rer votre service client. V\u00e9ritables experts de Prestashop, nous cr\u00e9ons et administrons des sites e-commerce sur la solution Open-Source Prestashop. Cette plateforme&nbsp;modulaire et \u00e9volutive nous permet de&nbsp;r\u00e9aliser efficacement une boutique [&hellip;]<\/p>\n","protected":false},"author":10,"featured_media":0,"parent":1984,"menu_order":0,"comment_status":"closed","ping_status":"closed","template":"","meta":{"_monsterinsights_skip_tracking":false,"_monsterinsights_sitenote_active":false,"_monsterinsights_sitenote_note":"","_monsterinsights_sitenote_category":0,"footnotes":""},"class_list":["post-2076","page","type-page","status-publish","hentry"],"yoast_head":"<!-- This site is optimized with the Yoast SEO plugin v27.4 - https:\/\/yoast.com\/product\/yoast-seo-wordpress\/ -->\n<title>D\u00e9veloppement sur mesure de site e-commerce Prestashop<\/title>\n<meta name=\"description\" content=\"Contactez les experts Prestashop de l&#039;agence e-commerce Nextase, pour cr\u00e9er ou optimiser votre site internet (SEO, infrastructure...)\" \/>\n<meta name=\"robots\" content=\"index, follow, max-snippet:-1, max-image-preview:large, max-video-preview:-1\" \/>\n<link rel=\"canonical\" href=\"https:\/\/www.nextase.fr\/en\/expertise-internet\/technique-prestashop\/\" \/>\n<meta property=\"og:locale\" content=\"en_GB\" \/>\n<meta property=\"og:type\" content=\"article\" \/>\n<meta property=\"og:title\" content=\"D\u00e9veloppement sur mesure de site e-commerce Prestashop\" \/>\n<meta property=\"og:description\" content=\"Contactez les experts Prestashop de l&#039;agence e-commerce Nextase, pour cr\u00e9er ou optimiser votre site internet (SEO, infrastructure...)\" \/>\n<meta property=\"og:url\" content=\"https:\/\/www.nextase.fr\/en\/expertise-internet\/technique-prestashop\/\" \/>\n<meta property=\"og:site_name\" content=\"Nextase\" \/>\n<meta property=\"article:modified_time\" content=\"2022-05-13T13:00:47+00:00\" \/>\n<meta property=\"og:image\" content=\"https:\/\/www.nextase.fr\/wp-content\/uploads\/2013\/12\/logo-nextase.png\" \/>\n\t<meta property=\"og:image:width\" content=\"84\" \/>\n\t<meta property=\"og:image:height\" content=\"60\" \/>\n\t<meta property=\"og:image:type\" content=\"image\/png\" \/>\n<meta name=\"twitter:label1\" content=\"Estimated reading time\" \/>\n\t<meta name=\"twitter:data1\" content=\"3 minutes\" \/>\n<script type=\"application\/ld+json\" class=\"yoast-schema-graph\">{\"@context\":\"https:\\\/\\\/schema.org\",\"@graph\":[{\"@type\":\"WebPage\",\"@id\":\"https:\\\/\\\/www.nextase.fr\\\/expertise-internet\\\/technique-prestashop\\\/\",\"url\":\"https:\\\/\\\/www.nextase.fr\\\/expertise-internet\\\/technique-prestashop\\\/\",\"name\":\"D\u00e9veloppement sur mesure de site e-commerce Prestashop\",\"isPartOf\":{\"@id\":\"https:\\\/\\\/www.nextase.fr\\\/fr\\\/#website\"},\"datePublished\":\"2013-12-13T16:49:38+00:00\",\"dateModified\":\"2022-05-13T13:00:47+00:00\",\"description\":\"Contactez les experts Prestashop de l'agence e-commerce Nextase, pour cr\u00e9er ou optimiser votre site internet (SEO, infrastructure...)\",\"breadcrumb\":{\"@id\":\"https:\\\/\\\/www.nextase.fr\\\/expertise-internet\\\/technique-prestashop\\\/#breadcrumb\"},\"inLanguage\":\"en-GB\",\"potentialAction\":[{\"@type\":\"ReadAction\",\"target\":[\"https:\\\/\\\/www.nextase.fr\\\/expertise-internet\\\/technique-prestashop\\\/\"]}]},{\"@type\":\"BreadcrumbList\",\"@id\":\"https:\\\/\\\/www.nextase.fr\\\/expertise-internet\\\/technique-prestashop\\\/#breadcrumb\",\"itemListElement\":[{\"@type\":\"ListItem\",\"position\":1,\"name\":\"Notre expertise\",\"item\":\"https:\\\/\\\/www.nextase.fr\\\/fr\\\/expertise-internet\\\/\"},{\"@type\":\"ListItem\",\"position\":2,\"name\":\"Innovation technique\"}]},{\"@type\":\"WebSite\",\"@id\":\"https:\\\/\\\/www.nextase.fr\\\/fr\\\/#website\",\"url\":\"https:\\\/\\\/www.nextase.fr\\\/fr\\\/\",\"name\":\"Nextase\",\"description\":\"Agence web marketing sp\u00e9cialis\u00e9e Marketplace\",\"publisher\":{\"@id\":\"https:\\\/\\\/www.nextase.fr\\\/fr\\\/#organization\"},\"potentialAction\":[{\"@type\":\"SearchAction\",\"target\":{\"@type\":\"EntryPoint\",\"urlTemplate\":\"https:\\\/\\\/www.nextase.fr\\\/fr\\\/?s={search_term_string}\"},\"query-input\":{\"@type\":\"PropertyValueSpecification\",\"valueRequired\":true,\"valueName\":\"search_term_string\"}}],\"inLanguage\":\"en-GB\"},{\"@type\":\"Organization\",\"@id\":\"https:\\\/\\\/www.nextase.fr\\\/fr\\\/#organization\",\"name\":\"Agence Nextase\",\"url\":\"https:\\\/\\\/www.nextase.fr\\\/fr\\\/\",\"logo\":{\"@type\":\"ImageObject\",\"inLanguage\":\"en-GB\",\"@id\":\"https:\\\/\\\/www.nextase.fr\\\/fr\\\/#\\\/schema\\\/logo\\\/image\\\/\",\"url\":\"https:\\\/\\\/www.nextase.fr\\\/wp-content\\\/uploads\\\/2014\\\/02\\\/Logo_Nextase_finale_noir_carre.png\",\"contentUrl\":\"https:\\\/\\\/www.nextase.fr\\\/wp-content\\\/uploads\\\/2014\\\/02\\\/Logo_Nextase_finale_noir_carre.png\",\"width\":186,\"height\":186,\"caption\":\"Agence Nextase\"},\"image\":{\"@id\":\"https:\\\/\\\/www.nextase.fr\\\/fr\\\/#\\\/schema\\\/logo\\\/image\\\/\"},\"sameAs\":[\"https:\\\/\\\/twitter.com\\\/agencenextase?lang=fr\",\"https:\\\/\\\/www.linkedin.com\\\/company\\\/nextase\\\/about\\\/\"]}]}<\/script>\n<!-- \/ Yoast SEO plugin. -->","yoast_head_json":{"title":"D\u00e9veloppement sur mesure de site e-commerce Prestashop","description":"Contactez les experts Prestashop de l'agence e-commerce Nextase, pour cr\u00e9er ou optimiser votre site internet (SEO, infrastructure...)","robots":{"index":"index","follow":"follow","max-snippet":"max-snippet:-1","max-image-preview":"max-image-preview:large","max-video-preview":"max-video-preview:-1"},"canonical":"https:\/\/www.nextase.fr\/en\/expertise-internet\/technique-prestashop\/","og_locale":"en_GB","og_type":"article","og_title":"D\u00e9veloppement sur mesure de site e-commerce Prestashop","og_description":"Contactez les experts Prestashop de l'agence e-commerce Nextase, pour cr\u00e9er ou optimiser votre site internet (SEO, infrastructure...)","og_url":"https:\/\/www.nextase.fr\/en\/expertise-internet\/technique-prestashop\/","og_site_name":"Nextase","article_modified_time":"2022-05-13T13:00:47+00:00","og_image":[{"width":84,"height":60,"url":"https:\/\/www.nextase.fr\/wp-content\/uploads\/2013\/12\/logo-nextase.png","type":"image\/png"}],"twitter_misc":{"Estimated reading time":"3 minutes"},"schema":{"@context":"https:\/\/schema.org","@graph":[{"@type":"WebPage","@id":"https:\/\/www.nextase.fr\/expertise-internet\/technique-prestashop\/","url":"https:\/\/www.nextase.fr\/expertise-internet\/technique-prestashop\/","name":"D\u00e9veloppement sur mesure de site e-commerce Prestashop","isPartOf":{"@id":"https:\/\/www.nextase.fr\/fr\/#website"},"datePublished":"2013-12-13T16:49:38+00:00","dateModified":"2022-05-13T13:00:47+00:00","description":"Contactez les experts Prestashop de l'agence e-commerce Nextase, pour cr\u00e9er ou optimiser votre site internet (SEO, infrastructure...)","breadcrumb":{"@id":"https:\/\/www.nextase.fr\/expertise-internet\/technique-prestashop\/#breadcrumb"},"inLanguage":"en-GB","potentialAction":[{"@type":"ReadAction","target":["https:\/\/www.nextase.fr\/expertise-internet\/technique-prestashop\/"]}]},{"@type":"BreadcrumbList","@id":"https:\/\/www.nextase.fr\/expertise-internet\/technique-prestashop\/#breadcrumb","itemListElement":[{"@type":"ListItem","position":1,"name":"Notre expertise","item":"https:\/\/www.nextase.fr\/fr\/expertise-internet\/"},{"@type":"ListItem","position":2,"name":"Innovation technique"}]},{"@type":"WebSite","@id":"https:\/\/www.nextase.fr\/fr\/#website","url":"https:\/\/www.nextase.fr\/fr\/","name":"Nextase","description":"Specialized web marketing agency Marketplace","publisher":{"@id":"https:\/\/www.nextase.fr\/fr\/#organization"},"potentialAction":[{"@type":"SearchAction","target":{"@type":"EntryPoint","urlTemplate":"https:\/\/www.nextase.fr\/fr\/?s={search_term_string}"},"query-input":{"@type":"PropertyValueSpecification","valueRequired":true,"valueName":"search_term_string"}}],"inLanguage":"en-GB"},{"@type":"Organization","@id":"https:\/\/www.nextase.fr\/fr\/#organization","name":"Agence Nextase","url":"https:\/\/www.nextase.fr\/fr\/","logo":{"@type":"ImageObject","inLanguage":"en-GB","@id":"https:\/\/www.nextase.fr\/fr\/#\/schema\/logo\/image\/","url":"https:\/\/www.nextase.fr\/wp-content\/uploads\/2014\/02\/Logo_Nextase_finale_noir_carre.png","contentUrl":"https:\/\/www.nextase.fr\/wp-content\/uploads\/2014\/02\/Logo_Nextase_finale_noir_carre.png","width":186,"height":186,"caption":"Agence Nextase"},"image":{"@id":"https:\/\/www.nextase.fr\/fr\/#\/schema\/logo\/image\/"},"sameAs":["https:\/\/twitter.com\/agencenextase?lang=fr","https:\/\/www.linkedin.com\/company\/nextase\/about\/"]}]}},"_links":{"self":[{"href":"https:\/\/www.nextase.fr\/en\/wp-json\/wp\/v2\/pages\/2076","targetHints":{"allow":["GET"]}}],"collection":[{"href":"https:\/\/www.nextase.fr\/en\/wp-json\/wp\/v2\/pages"}],"about":[{"href":"https:\/\/www.nextase.fr\/en\/wp-json\/wp\/v2\/types\/page"}],"author":[{"embeddable":true,"href":"https:\/\/www.nextase.fr\/en\/wp-json\/wp\/v2\/users\/10"}],"replies":[{"embeddable":true,"href":"https:\/\/www.nextase.fr\/en\/wp-json\/wp\/v2\/comments?post=2076"}],"version-history":[{"count":31,"href":"https:\/\/www.nextase.fr\/en\/wp-json\/wp\/v2\/pages\/2076\/revisions"}],"predecessor-version":[{"id":3857,"href":"https:\/\/www.nextase.fr\/en\/wp-json\/wp\/v2\/pages\/2076\/revisions\/3857"}],"up":[{"embeddable":true,"href":"https:\/\/www.nextase.fr\/en\/wp-json\/wp\/v2\/pages\/1984"}],"wp:attachment":[{"href":"https:\/\/www.nextase.fr\/en\/wp-json\/wp\/v2\/media?parent=2076"}],"curies":[{"name":"wp","href":"https:\/\/api.w.org\/{rel}","templated":true}]}}