{"id":2072,"date":"2013-12-13T17:38:32","date_gmt":"2013-12-13T16:38:32","guid":{"rendered":"https:\/\/nextase.fr\/?page_id=2072"},"modified":"2020-06-02T11:06:51","modified_gmt":"2020-06-02T10:06:51","slug":"base-de-donnees","status":"publish","type":"page","link":"https:\/\/www.nextase.fr\/en\/expertise-internet\/base-de-donnees\/","title":{"rendered":"Database"},"content":{"rendered":"<div data-elementor-type=\"wp-page\" data-elementor-id=\"2072\" class=\"elementor elementor-2072\" data-elementor-post-type=\"page\">\n\t\t\t\t\t\t<section class=\"elementor-section elementor-top-section elementor-element elementor-element-4a8fcb0b elementor-section-boxed elementor-section-height-default elementor-section-height-default\" data-id=\"4a8fcb0b\" data-element_type=\"section\" data-e-type=\"section\">\n\t\t\t\t\t\t<div class=\"elementor-container elementor-column-gap-default\">\n\t\t\t\t\t<div class=\"elementor-column elementor-col-33 elementor-top-column elementor-element elementor-element-3e5c5b2a\" data-id=\"3e5c5b2a\" data-element_type=\"column\" data-e-type=\"column\">\n\t\t\t<div class=\"elementor-widget-wrap elementor-element-populated\">\n\t\t\t\t\t\t<div class=\"elementor-element elementor-element-2dd4df1f elementor-nav-menu--dropdown-tablet elementor-nav-menu__text-align-aside elementor-widget elementor-widget-global elementor-global-3394 elementor-widget-nav-menu\" data-id=\"2dd4df1f\" data-element_type=\"widget\" data-e-type=\"widget\" data-settings=\"{&quot;layout&quot;:&quot;vertical&quot;,&quot;submenu_icon&quot;:{&quot;value&quot;:&quot;fas fa-caret-down&quot;,&quot;library&quot;:&quot;fa-solid&quot;}}\" data-widget_type=\"nav-menu.default\">\n\t\t\t\t<div class=\"elementor-widget-container\">\n\t\t\t\t\t\t\t\t<nav aria-label=\"Menu\" class=\"elementor-nav-menu--main elementor-nav-menu__container elementor-nav-menu--layout-vertical e--pointer-underline e--animation-fade\">\n\t\t\t\t<ul id=\"menu-1-2dd4df1f\" class=\"elementor-nav-menu sm-vertical\"><li class=\"menu-item menu-item-type-post_type menu-item-object-page menu-item-2085\"><a href=\"https:\/\/www.nextase.fr\/en\/expertise-internet\/vision-et-strategie\/\" class=\"elementor-item\"><i class=\"icon icon-hand-right\"><\/i>\u00a0\u00a0Vision and strategy<\/a><\/li>\n<li class=\"menu-item menu-item-type-post_type menu-item-object-page menu-item-2084\"><a href=\"https:\/\/www.nextase.fr\/en\/expertise-internet\/web-marketing\/\" class=\"elementor-item\"><i class=\"icon icon-screenshot\"><\/i>\u00a0\u00a0Web marketing<\/a><\/li>\n<li class=\"menu-item menu-item-type-post_type menu-item-object-page menu-item-2408\"><a href=\"https:\/\/www.nextase.fr\/en\/expertise-internet\/marketplace\/\" class=\"elementor-item\"><i class=\"icon icon-shopping-cart\"><\/i>\u00a0\u00a0Marketplace<\/a><\/li>\n<li class=\"menu-item menu-item-type-post_type menu-item-object-page menu-item-2083\"><a href=\"https:\/\/www.nextase.fr\/en\/expertise-internet\/base-de-donnees\/\" class=\"elementor-item\"><i class=\"icon icon-download-alt\"><\/i>\u00a0\u00a0Database<\/a><\/li>\n<li class=\"menu-item menu-item-type-post_type menu-item-object-page menu-item-2081\"><a href=\"https:\/\/www.nextase.fr\/en\/expertise-internet\/graphisme\/\" class=\"elementor-item\"><i class=\"icon icon-pencil\"><\/i>\u00a0\u00a0Graphics<\/a><\/li>\n<li class=\"menu-item menu-item-type-post_type menu-item-object-page menu-item-2080\"><a href=\"https:\/\/www.nextase.fr\/en\/expertise-internet\/technique-prestashop\/\" class=\"elementor-item\"><i class=\"icon icon-cogs\"><\/i>\u00a0\u00a0Technical<\/a><\/li>\n<li class=\"menu-item menu-item-type-post_type menu-item-object-page menu-item-2082\"><a href=\"https:\/\/www.nextase.fr\/en\/expertise-internet\/assistance-support\/\" class=\"elementor-item\"><i class=\"icon icon-info-sign\"><\/i>\u00a0\u00a0Assistance &amp; Support<\/a><\/li>\n<\/ul>\t\t\t<\/nav>\n\t\t\t\t\t\t<nav class=\"elementor-nav-menu--dropdown elementor-nav-menu__container\" aria-hidden=\"true\">\n\t\t\t\t<ul id=\"menu-2-2dd4df1f\" class=\"elementor-nav-menu sm-vertical\"><li class=\"menu-item menu-item-type-post_type menu-item-object-page menu-item-2085\"><a href=\"https:\/\/www.nextase.fr\/en\/expertise-internet\/vision-et-strategie\/\" class=\"elementor-item\" tabindex=\"-1\"><i class=\"icon icon-hand-right\"><\/i>\u00a0\u00a0Vision and strategy<\/a><\/li>\n<li class=\"menu-item menu-item-type-post_type menu-item-object-page menu-item-2084\"><a href=\"https:\/\/www.nextase.fr\/en\/expertise-internet\/web-marketing\/\" class=\"elementor-item\" tabindex=\"-1\"><i class=\"icon icon-screenshot\"><\/i>\u00a0\u00a0Web marketing<\/a><\/li>\n<li class=\"menu-item menu-item-type-post_type menu-item-object-page menu-item-2408\"><a href=\"https:\/\/www.nextase.fr\/en\/expertise-internet\/marketplace\/\" class=\"elementor-item\" tabindex=\"-1\"><i class=\"icon icon-shopping-cart\"><\/i>\u00a0\u00a0Marketplace<\/a><\/li>\n<li class=\"menu-item menu-item-type-post_type menu-item-object-page menu-item-2083\"><a href=\"https:\/\/www.nextase.fr\/en\/expertise-internet\/base-de-donnees\/\" class=\"elementor-item\" tabindex=\"-1\"><i class=\"icon icon-download-alt\"><\/i>\u00a0\u00a0Database<\/a><\/li>\n<li class=\"menu-item menu-item-type-post_type menu-item-object-page menu-item-2081\"><a href=\"https:\/\/www.nextase.fr\/en\/expertise-internet\/graphisme\/\" class=\"elementor-item\" tabindex=\"-1\"><i class=\"icon icon-pencil\"><\/i>\u00a0\u00a0Graphics<\/a><\/li>\n<li class=\"menu-item menu-item-type-post_type menu-item-object-page menu-item-2080\"><a href=\"https:\/\/www.nextase.fr\/en\/expertise-internet\/technique-prestashop\/\" class=\"elementor-item\" tabindex=\"-1\"><i class=\"icon icon-cogs\"><\/i>\u00a0\u00a0Technical<\/a><\/li>\n<li class=\"menu-item menu-item-type-post_type menu-item-object-page menu-item-2082\"><a href=\"https:\/\/www.nextase.fr\/en\/expertise-internet\/assistance-support\/\" class=\"elementor-item\" tabindex=\"-1\"><i class=\"icon icon-info-sign\"><\/i>\u00a0\u00a0Assistance &amp; Support<\/a><\/li>\n<\/ul>\t\t\t<\/nav>\n\t\t\t\t\t\t<\/div>\n\t\t\t\t<\/div>\n\t\t\t\t\t<\/div>\n\t\t<\/div>\n\t\t\t\t<div class=\"elementor-column elementor-col-66 elementor-top-column elementor-element elementor-element-518820f8\" data-id=\"518820f8\" data-element_type=\"column\" data-e-type=\"column\">\n\t\t\t<div class=\"elementor-widget-wrap elementor-element-populated\">\n\t\t\t\t\t\t<div class=\"elementor-element elementor-element-60a592e6 elementor-widget elementor-widget-heading\" data-id=\"60a592e6\" data-element_type=\"widget\" data-e-type=\"widget\" data-widget_type=\"heading.default\">\n\t\t\t\t<div class=\"elementor-widget-container\">\n\t\t\t\t\t<h1 class=\"elementor-heading-title elementor-size-default\">Database<\/h1>\t\t\t\t<\/div>\n\t\t\t\t<\/div>\n\t\t\t\t<div class=\"elementor-element elementor-element-6913a863 elementor-widget elementor-widget-text-editor\" data-id=\"6913a863\" data-element_type=\"widget\" data-e-type=\"widget\" data-widget_type=\"text-editor.default\">\n\t\t\t\t<div class=\"elementor-widget-container\">\n\t\t\t\t\t\t\t\t\t<p>We will be able to guide you in the optimal referencing of your database \/ catalog by integrating the specific characteristics of your activity.\u00a0<\/p><p><em>Product categorization<\/em>,\u00a0<em>SEO-optimized content writing<\/em>\u00a0Passing by\u00a0<em>integration of photos and features<\/em>, our team masters all the techniques for designing the tree structure and product sheets for your item catalog. The specific features expected by users on the one hand and <a title=\"\u00a0\u00a0Marketplace\" href=\"https:\/\/www.nextase.fr\/en\/expertise-internet\/marketplace\/\">Market Place<\/a> on the other hand, are taken into account from the design of the base for\u00a0<strong>guarantee increased commercial efficiency<\/strong>. Our team ensures the necessary updates and the creations of new articles.<\/p><p>The agency\u00a0<strong>can also recover your existing database<\/strong>\u00a0to enrich it, put it in the format expected by users and partner sites so that it can be used effectively.<\/p>\t\t\t\t\t\t\t\t<\/div>\n\t\t\t\t<\/div>\n\t\t\t\t\t<\/div>\n\t\t<\/div>\n\t\t\t\t\t<\/div>\n\t\t<\/section>\n\t\t\t\t<\/div>","protected":false},"excerpt":{"rendered":"<p>Nous saurons vous guider dans le r\u00e9f\u00e9rencement optimal de votre base de donn\u00e9es\/catalogue en int\u00e9grant les sp\u00e9cificit\u00e9s propres \u00e0 votre activit\u00e9.&nbsp; De la cat\u00e9gorisation des produits,&nbsp;\u00e0 la r\u00e9daction des contenus optimis\u00e9e SEO&nbsp;en passant par&nbsp;l&rsquo;int\u00e9gration des photos et des caract\u00e9ristiques, notre \u00e9quipe maitrise toutes les techniques pour concevoir l&rsquo;arborescence et les fiches produits de votre catalogue [&hellip;]<\/p>\n","protected":false},"author":10,"featured_media":0,"parent":1984,"menu_order":0,"comment_status":"closed","ping_status":"closed","template":"","meta":{"_monsterinsights_skip_tracking":false,"_monsterinsights_sitenote_active":false,"_monsterinsights_sitenote_note":"","_monsterinsights_sitenote_category":0,"footnotes":""},"class_list":["post-2072","page","type-page","status-publish","hentry"],"yoast_head":"<!-- This site is optimized with the Yoast SEO plugin v27.5 - https:\/\/yoast.com\/product\/yoast-seo-wordpress\/ -->\n<title>Optimisation de votre base de donn\u00e9es produits<\/title>\n<meta name=\"description\" content=\"R\u00e9f\u00e9rencement optimal de votre base de donn\u00e9es\/catalogue en int\u00e9grant les sp\u00e9cificit\u00e9s propres \u00e0 votre activit\u00e9.\" \/>\n<meta name=\"robots\" content=\"index, follow, max-snippet:-1, max-image-preview:large, max-video-preview:-1\" \/>\n<link rel=\"canonical\" href=\"https:\/\/www.nextase.fr\/en\/expertise-internet\/base-de-donnees\/\" \/>\n<meta property=\"og:locale\" content=\"en_GB\" \/>\n<meta property=\"og:type\" content=\"article\" \/>\n<meta property=\"og:title\" content=\"Optimisation de votre base de donn\u00e9es produits\" \/>\n<meta property=\"og:description\" content=\"R\u00e9f\u00e9rencement optimal de votre base de donn\u00e9es\/catalogue en int\u00e9grant les sp\u00e9cificit\u00e9s propres \u00e0 votre activit\u00e9.\" \/>\n<meta property=\"og:url\" content=\"https:\/\/www.nextase.fr\/en\/expertise-internet\/base-de-donnees\/\" \/>\n<meta property=\"og:site_name\" content=\"Nextase\" \/>\n<meta property=\"article:modified_time\" content=\"2020-06-02T10:06:51+00:00\" \/>\n<meta property=\"og:image\" content=\"https:\/\/www.nextase.fr\/wp-content\/uploads\/2013\/12\/logo-nextase.png\" \/>\n\t<meta property=\"og:image:width\" content=\"84\" \/>\n\t<meta property=\"og:image:height\" content=\"60\" \/>\n\t<meta property=\"og:image:type\" content=\"image\/png\" \/>\n<meta name=\"twitter:label1\" content=\"Estimated reading time\" \/>\n\t<meta name=\"twitter:data1\" content=\"1 minute\" \/>\n<script type=\"application\/ld+json\" class=\"yoast-schema-graph\">{\"@context\":\"https:\\\/\\\/schema.org\",\"@graph\":[{\"@type\":\"WebPage\",\"@id\":\"https:\\\/\\\/www.nextase.fr\\\/fr\\\/expertise-internet\\\/base-de-donnees\\\/\",\"url\":\"https:\\\/\\\/www.nextase.fr\\\/fr\\\/expertise-internet\\\/base-de-donnees\\\/\",\"name\":\"Optimisation de votre base de donn\u00e9es produits\",\"isPartOf\":{\"@id\":\"https:\\\/\\\/www.nextase.fr\\\/fr\\\/#website\"},\"datePublished\":\"2013-12-13T16:38:32+00:00\",\"dateModified\":\"2020-06-02T10:06:51+00:00\",\"description\":\"R\u00e9f\u00e9rencement optimal de votre base de donn\u00e9es\\\/catalogue en int\u00e9grant les sp\u00e9cificit\u00e9s propres \u00e0 votre activit\u00e9.\",\"breadcrumb\":{\"@id\":\"https:\\\/\\\/www.nextase.fr\\\/fr\\\/expertise-internet\\\/base-de-donnees\\\/#breadcrumb\"},\"inLanguage\":\"en-GB\",\"potentialAction\":[{\"@type\":\"ReadAction\",\"target\":[\"https:\\\/\\\/www.nextase.fr\\\/fr\\\/expertise-internet\\\/base-de-donnees\\\/\"]}]},{\"@type\":\"BreadcrumbList\",\"@id\":\"https:\\\/\\\/www.nextase.fr\\\/fr\\\/expertise-internet\\\/base-de-donnees\\\/#breadcrumb\",\"itemListElement\":[{\"@type\":\"ListItem\",\"position\":1,\"name\":\"Notre expertise\",\"item\":\"https:\\\/\\\/www.nextase.fr\\\/fr\\\/expertise-internet\\\/\"},{\"@type\":\"ListItem\",\"position\":2,\"name\":\"Base de donn\u00e9es\"}]},{\"@type\":\"WebSite\",\"@id\":\"https:\\\/\\\/www.nextase.fr\\\/fr\\\/#website\",\"url\":\"https:\\\/\\\/www.nextase.fr\\\/fr\\\/\",\"name\":\"Nextase\",\"description\":\"Agence web marketing sp\u00e9cialis\u00e9e Marketplace\",\"publisher\":{\"@id\":\"https:\\\/\\\/www.nextase.fr\\\/fr\\\/#organization\"},\"potentialAction\":[{\"@type\":\"SearchAction\",\"target\":{\"@type\":\"EntryPoint\",\"urlTemplate\":\"https:\\\/\\\/www.nextase.fr\\\/fr\\\/?s={search_term_string}\"},\"query-input\":{\"@type\":\"PropertyValueSpecification\",\"valueRequired\":true,\"valueName\":\"search_term_string\"}}],\"inLanguage\":\"en-GB\"},{\"@type\":\"Organization\",\"@id\":\"https:\\\/\\\/www.nextase.fr\\\/fr\\\/#organization\",\"name\":\"Agence Nextase\",\"url\":\"https:\\\/\\\/www.nextase.fr\\\/fr\\\/\",\"logo\":{\"@type\":\"ImageObject\",\"inLanguage\":\"en-GB\",\"@id\":\"https:\\\/\\\/www.nextase.fr\\\/fr\\\/#\\\/schema\\\/logo\\\/image\\\/\",\"url\":\"https:\\\/\\\/www.nextase.fr\\\/wp-content\\\/uploads\\\/2014\\\/02\\\/Logo_Nextase_finale_noir_carre.png\",\"contentUrl\":\"https:\\\/\\\/www.nextase.fr\\\/wp-content\\\/uploads\\\/2014\\\/02\\\/Logo_Nextase_finale_noir_carre.png\",\"width\":186,\"height\":186,\"caption\":\"Agence Nextase\"},\"image\":{\"@id\":\"https:\\\/\\\/www.nextase.fr\\\/fr\\\/#\\\/schema\\\/logo\\\/image\\\/\"},\"sameAs\":[\"https:\\\/\\\/twitter.com\\\/agencenextase?lang=fr\",\"https:\\\/\\\/www.linkedin.com\\\/company\\\/nextase\\\/about\\\/\"]}]}<\/script>\n<!-- \/ Yoast SEO plugin. -->","yoast_head_json":{"title":"Optimisation de votre base de donn\u00e9es produits","description":"R\u00e9f\u00e9rencement optimal de votre base de donn\u00e9es\/catalogue en int\u00e9grant les sp\u00e9cificit\u00e9s propres \u00e0 votre activit\u00e9.","robots":{"index":"index","follow":"follow","max-snippet":"max-snippet:-1","max-image-preview":"max-image-preview:large","max-video-preview":"max-video-preview:-1"},"canonical":"https:\/\/www.nextase.fr\/en\/expertise-internet\/base-de-donnees\/","og_locale":"en_GB","og_type":"article","og_title":"Optimisation de votre base de donn\u00e9es produits","og_description":"R\u00e9f\u00e9rencement optimal de votre base de donn\u00e9es\/catalogue en int\u00e9grant les sp\u00e9cificit\u00e9s propres \u00e0 votre activit\u00e9.","og_url":"https:\/\/www.nextase.fr\/en\/expertise-internet\/base-de-donnees\/","og_site_name":"Nextase","article_modified_time":"2020-06-02T10:06:51+00:00","og_image":[{"width":84,"height":60,"url":"https:\/\/www.nextase.fr\/wp-content\/uploads\/2013\/12\/logo-nextase.png","type":"image\/png"}],"twitter_misc":{"Estimated reading time":"1 minute"},"schema":{"@context":"https:\/\/schema.org","@graph":[{"@type":"WebPage","@id":"https:\/\/www.nextase.fr\/fr\/expertise-internet\/base-de-donnees\/","url":"https:\/\/www.nextase.fr\/fr\/expertise-internet\/base-de-donnees\/","name":"Optimisation de votre base de donn\u00e9es produits","isPartOf":{"@id":"https:\/\/www.nextase.fr\/fr\/#website"},"datePublished":"2013-12-13T16:38:32+00:00","dateModified":"2020-06-02T10:06:51+00:00","description":"R\u00e9f\u00e9rencement optimal de votre base de donn\u00e9es\/catalogue en int\u00e9grant les sp\u00e9cificit\u00e9s propres \u00e0 votre activit\u00e9.","breadcrumb":{"@id":"https:\/\/www.nextase.fr\/fr\/expertise-internet\/base-de-donnees\/#breadcrumb"},"inLanguage":"en-GB","potentialAction":[{"@type":"ReadAction","target":["https:\/\/www.nextase.fr\/fr\/expertise-internet\/base-de-donnees\/"]}]},{"@type":"BreadcrumbList","@id":"https:\/\/www.nextase.fr\/fr\/expertise-internet\/base-de-donnees\/#breadcrumb","itemListElement":[{"@type":"ListItem","position":1,"name":"Notre expertise","item":"https:\/\/www.nextase.fr\/fr\/expertise-internet\/"},{"@type":"ListItem","position":2,"name":"Base de donn\u00e9es"}]},{"@type":"WebSite","@id":"https:\/\/www.nextase.fr\/fr\/#website","url":"https:\/\/www.nextase.fr\/fr\/","name":"Nextase","description":"Specialized web marketing agency Marketplace","publisher":{"@id":"https:\/\/www.nextase.fr\/fr\/#organization"},"potentialAction":[{"@type":"SearchAction","target":{"@type":"EntryPoint","urlTemplate":"https:\/\/www.nextase.fr\/fr\/?s={search_term_string}"},"query-input":{"@type":"PropertyValueSpecification","valueRequired":true,"valueName":"search_term_string"}}],"inLanguage":"en-GB"},{"@type":"Organization","@id":"https:\/\/www.nextase.fr\/fr\/#organization","name":"Agence Nextase","url":"https:\/\/www.nextase.fr\/fr\/","logo":{"@type":"ImageObject","inLanguage":"en-GB","@id":"https:\/\/www.nextase.fr\/fr\/#\/schema\/logo\/image\/","url":"https:\/\/www.nextase.fr\/wp-content\/uploads\/2014\/02\/Logo_Nextase_finale_noir_carre.png","contentUrl":"https:\/\/www.nextase.fr\/wp-content\/uploads\/2014\/02\/Logo_Nextase_finale_noir_carre.png","width":186,"height":186,"caption":"Agence Nextase"},"image":{"@id":"https:\/\/www.nextase.fr\/fr\/#\/schema\/logo\/image\/"},"sameAs":["https:\/\/twitter.com\/agencenextase?lang=fr","https:\/\/www.linkedin.com\/company\/nextase\/about\/"]}]}},"_links":{"self":[{"href":"https:\/\/www.nextase.fr\/en\/wp-json\/wp\/v2\/pages\/2072","targetHints":{"allow":["GET"]}}],"collection":[{"href":"https:\/\/www.nextase.fr\/en\/wp-json\/wp\/v2\/pages"}],"about":[{"href":"https:\/\/www.nextase.fr\/en\/wp-json\/wp\/v2\/types\/page"}],"author":[{"embeddable":true,"href":"https:\/\/www.nextase.fr\/en\/wp-json\/wp\/v2\/users\/10"}],"replies":[{"embeddable":true,"href":"https:\/\/www.nextase.fr\/en\/wp-json\/wp\/v2\/comments?post=2072"}],"version-history":[{"count":12,"href":"https:\/\/www.nextase.fr\/en\/wp-json\/wp\/v2\/pages\/2072\/revisions"}],"predecessor-version":[{"id":3501,"href":"https:\/\/www.nextase.fr\/en\/wp-json\/wp\/v2\/pages\/2072\/revisions\/3501"}],"up":[{"embeddable":true,"href":"https:\/\/www.nextase.fr\/en\/wp-json\/wp\/v2\/pages\/1984"}],"wp:attachment":[{"href":"https:\/\/www.nextase.fr\/en\/wp-json\/wp\/v2\/media?parent=2072"}],"curies":[{"name":"wp","href":"https:\/\/api.w.org\/{rel}","templated":true}]}}