{"id":2070,"date":"2013-12-13T17:36:03","date_gmt":"2013-12-13T16:36:03","guid":{"rendered":"https:\/\/nextase.fr\/?page_id=2070"},"modified":"2020-06-02T13:22:55","modified_gmt":"2020-06-02T12:22:55","slug":"web-marketing","status":"publish","type":"page","link":"https:\/\/www.nextase.fr\/en\/expertise-internet\/web-marketing\/","title":{"rendered":"Web marketing"},"content":{"rendered":"<div data-elementor-type=\"wp-page\" data-elementor-id=\"2070\" class=\"elementor elementor-2070\" data-elementor-post-type=\"page\">\n\t\t\t\t\t\t<section class=\"elementor-section elementor-top-section elementor-element elementor-element-71358aa7 elementor-section-boxed elementor-section-height-default elementor-section-height-default\" data-id=\"71358aa7\" data-element_type=\"section\" data-e-type=\"section\">\n\t\t\t\t\t\t<div class=\"elementor-container elementor-column-gap-default\">\n\t\t\t\t\t<div class=\"elementor-column elementor-col-33 elementor-top-column elementor-element elementor-element-13ac92b4\" data-id=\"13ac92b4\" data-element_type=\"column\" data-e-type=\"column\">\n\t\t\t<div class=\"elementor-widget-wrap elementor-element-populated\">\n\t\t\t\t\t\t<div class=\"elementor-element elementor-element-6bf88815 elementor-nav-menu--dropdown-tablet elementor-nav-menu__text-align-aside elementor-widget elementor-widget-global elementor-global-3394 elementor-widget-nav-menu\" data-id=\"6bf88815\" data-element_type=\"widget\" data-e-type=\"widget\" data-settings=\"{&quot;layout&quot;:&quot;vertical&quot;,&quot;submenu_icon&quot;:{&quot;value&quot;:&quot;fas fa-caret-down&quot;,&quot;library&quot;:&quot;fa-solid&quot;}}\" data-widget_type=\"nav-menu.default\">\n\t\t\t\t<div class=\"elementor-widget-container\">\n\t\t\t\t\t\t\t\t<nav aria-label=\"Menu\" class=\"elementor-nav-menu--main elementor-nav-menu__container elementor-nav-menu--layout-vertical e--pointer-underline e--animation-fade\">\n\t\t\t\t<ul id=\"menu-1-6bf88815\" class=\"elementor-nav-menu sm-vertical\"><li class=\"menu-item menu-item-type-post_type menu-item-object-page menu-item-2085\"><a href=\"https:\/\/www.nextase.fr\/en\/expertise-internet\/vision-et-strategie\/\" class=\"elementor-item\"><i class=\"icon icon-hand-right\"><\/i>\u00a0\u00a0Vision and strategy<\/a><\/li>\n<li class=\"menu-item menu-item-type-post_type menu-item-object-page menu-item-2084\"><a href=\"https:\/\/www.nextase.fr\/en\/expertise-internet\/web-marketing\/\" class=\"elementor-item\"><i class=\"icon icon-screenshot\"><\/i>\u00a0\u00a0Web marketing<\/a><\/li>\n<li class=\"menu-item menu-item-type-post_type menu-item-object-page menu-item-2408\"><a href=\"https:\/\/www.nextase.fr\/en\/expertise-internet\/marketplace\/\" class=\"elementor-item\"><i class=\"icon icon-shopping-cart\"><\/i>\u00a0\u00a0Marketplace<\/a><\/li>\n<li class=\"menu-item menu-item-type-post_type menu-item-object-page menu-item-2083\"><a href=\"https:\/\/www.nextase.fr\/en\/expertise-internet\/base-de-donnees\/\" class=\"elementor-item\"><i class=\"icon icon-download-alt\"><\/i>\u00a0\u00a0Database<\/a><\/li>\n<li class=\"menu-item menu-item-type-post_type menu-item-object-page menu-item-2081\"><a href=\"https:\/\/www.nextase.fr\/en\/expertise-internet\/graphisme\/\" class=\"elementor-item\"><i class=\"icon icon-pencil\"><\/i>\u00a0\u00a0Graphics<\/a><\/li>\n<li class=\"menu-item menu-item-type-post_type menu-item-object-page menu-item-2080\"><a href=\"https:\/\/www.nextase.fr\/en\/expertise-internet\/technique-prestashop\/\" class=\"elementor-item\"><i class=\"icon icon-cogs\"><\/i>\u00a0\u00a0Technical<\/a><\/li>\n<li class=\"menu-item menu-item-type-post_type menu-item-object-page menu-item-2082\"><a href=\"https:\/\/www.nextase.fr\/en\/expertise-internet\/assistance-support\/\" class=\"elementor-item\"><i class=\"icon icon-info-sign\"><\/i>\u00a0\u00a0Assistance &amp; Support<\/a><\/li>\n<\/ul>\t\t\t<\/nav>\n\t\t\t\t\t\t<nav class=\"elementor-nav-menu--dropdown elementor-nav-menu__container\" aria-hidden=\"true\">\n\t\t\t\t<ul id=\"menu-2-6bf88815\" class=\"elementor-nav-menu sm-vertical\"><li class=\"menu-item menu-item-type-post_type menu-item-object-page menu-item-2085\"><a href=\"https:\/\/www.nextase.fr\/en\/expertise-internet\/vision-et-strategie\/\" class=\"elementor-item\" tabindex=\"-1\"><i class=\"icon icon-hand-right\"><\/i>\u00a0\u00a0Vision and strategy<\/a><\/li>\n<li class=\"menu-item menu-item-type-post_type menu-item-object-page menu-item-2084\"><a href=\"https:\/\/www.nextase.fr\/en\/expertise-internet\/web-marketing\/\" class=\"elementor-item\" tabindex=\"-1\"><i class=\"icon icon-screenshot\"><\/i>\u00a0\u00a0Web marketing<\/a><\/li>\n<li class=\"menu-item menu-item-type-post_type menu-item-object-page menu-item-2408\"><a href=\"https:\/\/www.nextase.fr\/en\/expertise-internet\/marketplace\/\" class=\"elementor-item\" tabindex=\"-1\"><i class=\"icon icon-shopping-cart\"><\/i>\u00a0\u00a0Marketplace<\/a><\/li>\n<li class=\"menu-item menu-item-type-post_type menu-item-object-page menu-item-2083\"><a href=\"https:\/\/www.nextase.fr\/en\/expertise-internet\/base-de-donnees\/\" class=\"elementor-item\" tabindex=\"-1\"><i class=\"icon icon-download-alt\"><\/i>\u00a0\u00a0Database<\/a><\/li>\n<li class=\"menu-item menu-item-type-post_type menu-item-object-page menu-item-2081\"><a href=\"https:\/\/www.nextase.fr\/en\/expertise-internet\/graphisme\/\" class=\"elementor-item\" tabindex=\"-1\"><i class=\"icon icon-pencil\"><\/i>\u00a0\u00a0Graphics<\/a><\/li>\n<li class=\"menu-item menu-item-type-post_type menu-item-object-page menu-item-2080\"><a href=\"https:\/\/www.nextase.fr\/en\/expertise-internet\/technique-prestashop\/\" class=\"elementor-item\" tabindex=\"-1\"><i class=\"icon icon-cogs\"><\/i>\u00a0\u00a0Technical<\/a><\/li>\n<li class=\"menu-item menu-item-type-post_type menu-item-object-page menu-item-2082\"><a href=\"https:\/\/www.nextase.fr\/en\/expertise-internet\/assistance-support\/\" class=\"elementor-item\" tabindex=\"-1\"><i class=\"icon icon-info-sign\"><\/i>\u00a0\u00a0Assistance &amp; Support<\/a><\/li>\n<\/ul>\t\t\t<\/nav>\n\t\t\t\t\t\t<\/div>\n\t\t\t\t<\/div>\n\t\t\t\t\t<\/div>\n\t\t<\/div>\n\t\t\t\t<div class=\"elementor-column elementor-col-66 elementor-top-column elementor-element elementor-element-42bd410\" data-id=\"42bd410\" data-element_type=\"column\" data-e-type=\"column\">\n\t\t\t<div class=\"elementor-widget-wrap elementor-element-populated\">\n\t\t\t\t\t\t<div class=\"elementor-element elementor-element-7f7bc885 elementor-widget elementor-widget-heading\" data-id=\"7f7bc885\" data-element_type=\"widget\" data-e-type=\"widget\" data-widget_type=\"heading.default\">\n\t\t\t\t<div class=\"elementor-widget-container\">\n\t\t\t\t\t<h1 class=\"elementor-heading-title elementor-size-default\">Web marketing<\/h1>\t\t\t\t<\/div>\n\t\t\t\t<\/div>\n\t\t\t\t<div class=\"elementor-element elementor-element-79db2518 elementor-widget elementor-widget-text-editor\" data-id=\"79db2518\" data-element_type=\"widget\" data-e-type=\"widget\" data-widget_type=\"text-editor.default\">\n\t\t\t\t<div class=\"elementor-widget-container\">\n\t\t\t\t\t\t\t\t\t<h3>Traffic acquisition<\/h3>\nTo allow you to <strong>develop the notoriety, the audience and the turnover of your e-commerce site<\/strong>, our marketing team will advise you according to your objectives on the choice of acquisition levers. In connection with <strong>main emarketing players<\/strong> of the market, we set up your acquisition campaigns notably through <a title=\"Google\" href=\"https:\/\/www.nextase.fr\/en\/technique-prestashop\/google\/\"><em>Google shopping<\/em>, <em>Google adwords<\/em><\/a>, <em>Affiliation<\/em>, <em>Retargeting<\/em>, <em>SEO<\/em>, <em>Price comparators<\/em>, <em>emailing<\/em>, <em>opt-in recruitment<\/em>, <em>social media<\/em>. Our e-marketing experience and know-how allow you to obtain <strong>quickly significant and profitable results<\/strong>. As an agency specialized in referencing on market places, Nextase has tools for targeting and measuring your emarketing campaigns allowing you to have at any time a <strong>precise visibility into the performance and ROI of your campaigns<\/strong>. We master the specifics and success factors of these often very demanding acquisition campaigns, if we want to turn them into real volume levers.\n<h3><i><\/i> Referencing on Market Place<\/h3>\nThe main e-commerce sites now offer professional sellers to sell all or part of their product catalog on their own site in what is called the <a title=\" Marketplace\" href=\"https:\/\/www.nextase.fr\/en\/expertise-internet\/marketplace\/\">marketplace or marketplace<\/a>. Nextase, an agency expert in SEO on marketplaces, selects <em>sales support<\/em> tailored to your products and can <a title=\" Marketplace\" href=\"https:\/\/www.nextase.fr\/en\/expertise-internet\/marketplace\/\"><strong>distribute effectively on the main Market Places<\/strong><\/a> of the market : <em>Amazon<\/em>, <em>Cdiscount<\/em>,\n<em>LaRedoute<\/em>, <em>eBay<\/em>, \n<em>Rakuten<\/em>, <em>Shopping street<\/em>, <em>etc.<\/em>\n<br \/>\n<strong>Your online store thus benefits from the reputation and visibility of these leading sites<\/strong>, which allows you to<strong>significantly increase your volume of business done on the Internet<\/strong>. Through these multiple references, <strong>you reach almost all European buyers online<\/strong>. The notoriety and the volume of business of your online store are thus multiplied.\n\n<a title=\"Contact us\" href=\"https:\/\/www.nextase.fr\/en\/contactez-nous\/\">Contact us<\/a> to find out more or visit the page <a title=\" Marketplace\" href=\"https:\/\/www.nextase.fr\/en\/expertise-internet\/marketplace\/\">marketplace<\/a>.\t\t\t\t\t\t\t\t<\/div>\n\t\t\t\t<\/div>\n\t\t\t\t\t<\/div>\n\t\t<\/div>\n\t\t\t\t\t<\/div>\n\t\t<\/section>\n\t\t\t\t<\/div>","protected":false},"excerpt":{"rendered":"<p>Acquisition de trafic Pour vous permettre de d\u00e9velopper la notori\u00e9t\u00e9, l&rsquo;audience et le chiffre d&rsquo;affaires de votre site e-commerce, notre \u00e9quipe marketing vous conseille en fonction de vos objectifs sur le choix des leviers d&rsquo;acquisition. En relation avec les principaux acteurs emarketing du march\u00e9, nous mettons en place vos campagnes d&rsquo;acquisition au travers notamment de [&hellip;]<\/p>\n","protected":false},"author":10,"featured_media":0,"parent":1984,"menu_order":0,"comment_status":"closed","ping_status":"closed","template":"","meta":{"_monsterinsights_skip_tracking":false,"_monsterinsights_sitenote_active":false,"_monsterinsights_sitenote_note":"","_monsterinsights_sitenote_category":0,"footnotes":""},"class_list":["post-2070","page","type-page","status-publish","hentry"],"yoast_head":"<!-- This site is optimized with the Yoast SEO plugin v27.4 - https:\/\/yoast.com\/product\/yoast-seo-wordpress\/ -->\n<title>Nextase, sp\u00e9cialiste du web marketing et des Market Place<\/title>\n<meta name=\"description\" content=\"Diffuser vos produits sur les Market Places et g\u00e9rer vos campagnes d&#039;acquisition de trafic avec un sp\u00e9cialiste du web marketing.\" \/>\n<meta name=\"robots\" content=\"index, follow, max-snippet:-1, max-image-preview:large, max-video-preview:-1\" \/>\n<link rel=\"canonical\" href=\"https:\/\/www.nextase.fr\/en\/expertise-internet\/web-marketing\/\" \/>\n<meta property=\"og:locale\" content=\"en_GB\" \/>\n<meta property=\"og:type\" content=\"article\" \/>\n<meta property=\"og:title\" content=\"Nextase, sp\u00e9cialiste du web marketing et des Market Place\" \/>\n<meta property=\"og:description\" content=\"Diffuser vos produits sur les Market Places et g\u00e9rer vos campagnes d&#039;acquisition de trafic avec un sp\u00e9cialiste du web marketing.\" \/>\n<meta property=\"og:url\" content=\"https:\/\/www.nextase.fr\/en\/expertise-internet\/web-marketing\/\" \/>\n<meta property=\"og:site_name\" content=\"Nextase\" \/>\n<meta property=\"article:modified_time\" content=\"2020-06-02T12:22:55+00:00\" \/>\n<meta property=\"og:image\" content=\"https:\/\/www.nextase.fr\/wp-content\/uploads\/2013\/12\/logo-nextase.png\" \/>\n\t<meta property=\"og:image:width\" content=\"84\" \/>\n\t<meta property=\"og:image:height\" content=\"60\" \/>\n\t<meta property=\"og:image:type\" content=\"image\/png\" \/>\n<meta name=\"twitter:label1\" content=\"Estimated reading time\" \/>\n\t<meta name=\"twitter:data1\" content=\"2 minutes\" \/>\n<script type=\"application\/ld+json\" class=\"yoast-schema-graph\">{\"@context\":\"https:\\\/\\\/schema.org\",\"@graph\":[{\"@type\":\"WebPage\",\"@id\":\"https:\\\/\\\/www.nextase.fr\\\/fr\\\/expertise-internet\\\/web-marketing\\\/\",\"url\":\"https:\\\/\\\/www.nextase.fr\\\/fr\\\/expertise-internet\\\/web-marketing\\\/\",\"name\":\"Nextase, sp\u00e9cialiste du web marketing et des Market Place\",\"isPartOf\":{\"@id\":\"https:\\\/\\\/www.nextase.fr\\\/fr\\\/#website\"},\"datePublished\":\"2013-12-13T16:36:03+00:00\",\"dateModified\":\"2020-06-02T12:22:55+00:00\",\"description\":\"Diffuser vos produits sur les Market Places et g\u00e9rer vos campagnes d'acquisition de trafic avec un sp\u00e9cialiste du web marketing.\",\"breadcrumb\":{\"@id\":\"https:\\\/\\\/www.nextase.fr\\\/fr\\\/expertise-internet\\\/web-marketing\\\/#breadcrumb\"},\"inLanguage\":\"en-GB\",\"potentialAction\":[{\"@type\":\"ReadAction\",\"target\":[\"https:\\\/\\\/www.nextase.fr\\\/fr\\\/expertise-internet\\\/web-marketing\\\/\"]}]},{\"@type\":\"BreadcrumbList\",\"@id\":\"https:\\\/\\\/www.nextase.fr\\\/fr\\\/expertise-internet\\\/web-marketing\\\/#breadcrumb\",\"itemListElement\":[{\"@type\":\"ListItem\",\"position\":1,\"name\":\"Notre expertise\",\"item\":\"https:\\\/\\\/www.nextase.fr\\\/fr\\\/expertise-internet\\\/\"},{\"@type\":\"ListItem\",\"position\":2,\"name\":\"Web Marketing\"}]},{\"@type\":\"WebSite\",\"@id\":\"https:\\\/\\\/www.nextase.fr\\\/fr\\\/#website\",\"url\":\"https:\\\/\\\/www.nextase.fr\\\/fr\\\/\",\"name\":\"Nextase\",\"description\":\"Agence web marketing sp\u00e9cialis\u00e9e Marketplace\",\"publisher\":{\"@id\":\"https:\\\/\\\/www.nextase.fr\\\/fr\\\/#organization\"},\"potentialAction\":[{\"@type\":\"SearchAction\",\"target\":{\"@type\":\"EntryPoint\",\"urlTemplate\":\"https:\\\/\\\/www.nextase.fr\\\/fr\\\/?s={search_term_string}\"},\"query-input\":{\"@type\":\"PropertyValueSpecification\",\"valueRequired\":true,\"valueName\":\"search_term_string\"}}],\"inLanguage\":\"en-GB\"},{\"@type\":\"Organization\",\"@id\":\"https:\\\/\\\/www.nextase.fr\\\/fr\\\/#organization\",\"name\":\"Agence Nextase\",\"url\":\"https:\\\/\\\/www.nextase.fr\\\/fr\\\/\",\"logo\":{\"@type\":\"ImageObject\",\"inLanguage\":\"en-GB\",\"@id\":\"https:\\\/\\\/www.nextase.fr\\\/fr\\\/#\\\/schema\\\/logo\\\/image\\\/\",\"url\":\"https:\\\/\\\/www.nextase.fr\\\/wp-content\\\/uploads\\\/2014\\\/02\\\/Logo_Nextase_finale_noir_carre.png\",\"contentUrl\":\"https:\\\/\\\/www.nextase.fr\\\/wp-content\\\/uploads\\\/2014\\\/02\\\/Logo_Nextase_finale_noir_carre.png\",\"width\":186,\"height\":186,\"caption\":\"Agence Nextase\"},\"image\":{\"@id\":\"https:\\\/\\\/www.nextase.fr\\\/fr\\\/#\\\/schema\\\/logo\\\/image\\\/\"},\"sameAs\":[\"https:\\\/\\\/twitter.com\\\/agencenextase?lang=fr\",\"https:\\\/\\\/www.linkedin.com\\\/company\\\/nextase\\\/about\\\/\"]}]}<\/script>\n<!-- \/ Yoast SEO plugin. -->","yoast_head_json":{"title":"Nextase, sp\u00e9cialiste du web marketing et des Market Place","description":"Diffuser vos produits sur les Market Places et g\u00e9rer vos campagnes d'acquisition de trafic avec un sp\u00e9cialiste du web marketing.","robots":{"index":"index","follow":"follow","max-snippet":"max-snippet:-1","max-image-preview":"max-image-preview:large","max-video-preview":"max-video-preview:-1"},"canonical":"https:\/\/www.nextase.fr\/en\/expertise-internet\/web-marketing\/","og_locale":"en_GB","og_type":"article","og_title":"Nextase, sp\u00e9cialiste du web marketing et des Market Place","og_description":"Diffuser vos produits sur les Market Places et g\u00e9rer vos campagnes d'acquisition de trafic avec un sp\u00e9cialiste du web marketing.","og_url":"https:\/\/www.nextase.fr\/en\/expertise-internet\/web-marketing\/","og_site_name":"Nextase","article_modified_time":"2020-06-02T12:22:55+00:00","og_image":[{"width":84,"height":60,"url":"https:\/\/www.nextase.fr\/wp-content\/uploads\/2013\/12\/logo-nextase.png","type":"image\/png"}],"twitter_misc":{"Estimated reading time":"2 minutes"},"schema":{"@context":"https:\/\/schema.org","@graph":[{"@type":"WebPage","@id":"https:\/\/www.nextase.fr\/fr\/expertise-internet\/web-marketing\/","url":"https:\/\/www.nextase.fr\/fr\/expertise-internet\/web-marketing\/","name":"Nextase, sp\u00e9cialiste du web marketing et des Market Place","isPartOf":{"@id":"https:\/\/www.nextase.fr\/fr\/#website"},"datePublished":"2013-12-13T16:36:03+00:00","dateModified":"2020-06-02T12:22:55+00:00","description":"Diffuser vos produits sur les Market Places et g\u00e9rer vos campagnes d'acquisition de trafic avec un sp\u00e9cialiste du web marketing.","breadcrumb":{"@id":"https:\/\/www.nextase.fr\/fr\/expertise-internet\/web-marketing\/#breadcrumb"},"inLanguage":"en-GB","potentialAction":[{"@type":"ReadAction","target":["https:\/\/www.nextase.fr\/fr\/expertise-internet\/web-marketing\/"]}]},{"@type":"BreadcrumbList","@id":"https:\/\/www.nextase.fr\/fr\/expertise-internet\/web-marketing\/#breadcrumb","itemListElement":[{"@type":"ListItem","position":1,"name":"Notre expertise","item":"https:\/\/www.nextase.fr\/fr\/expertise-internet\/"},{"@type":"ListItem","position":2,"name":"Web Marketing"}]},{"@type":"WebSite","@id":"https:\/\/www.nextase.fr\/fr\/#website","url":"https:\/\/www.nextase.fr\/fr\/","name":"Nextase","description":"Specialized web marketing agency Marketplace","publisher":{"@id":"https:\/\/www.nextase.fr\/fr\/#organization"},"potentialAction":[{"@type":"SearchAction","target":{"@type":"EntryPoint","urlTemplate":"https:\/\/www.nextase.fr\/fr\/?s={search_term_string}"},"query-input":{"@type":"PropertyValueSpecification","valueRequired":true,"valueName":"search_term_string"}}],"inLanguage":"en-GB"},{"@type":"Organization","@id":"https:\/\/www.nextase.fr\/fr\/#organization","name":"Agence Nextase","url":"https:\/\/www.nextase.fr\/fr\/","logo":{"@type":"ImageObject","inLanguage":"en-GB","@id":"https:\/\/www.nextase.fr\/fr\/#\/schema\/logo\/image\/","url":"https:\/\/www.nextase.fr\/wp-content\/uploads\/2014\/02\/Logo_Nextase_finale_noir_carre.png","contentUrl":"https:\/\/www.nextase.fr\/wp-content\/uploads\/2014\/02\/Logo_Nextase_finale_noir_carre.png","width":186,"height":186,"caption":"Agence Nextase"},"image":{"@id":"https:\/\/www.nextase.fr\/fr\/#\/schema\/logo\/image\/"},"sameAs":["https:\/\/twitter.com\/agencenextase?lang=fr","https:\/\/www.linkedin.com\/company\/nextase\/about\/"]}]}},"_links":{"self":[{"href":"https:\/\/www.nextase.fr\/en\/wp-json\/wp\/v2\/pages\/2070","targetHints":{"allow":["GET"]}}],"collection":[{"href":"https:\/\/www.nextase.fr\/en\/wp-json\/wp\/v2\/pages"}],"about":[{"href":"https:\/\/www.nextase.fr\/en\/wp-json\/wp\/v2\/types\/page"}],"author":[{"embeddable":true,"href":"https:\/\/www.nextase.fr\/en\/wp-json\/wp\/v2\/users\/10"}],"replies":[{"embeddable":true,"href":"https:\/\/www.nextase.fr\/en\/wp-json\/wp\/v2\/comments?post=2070"}],"version-history":[{"count":41,"href":"https:\/\/www.nextase.fr\/en\/wp-json\/wp\/v2\/pages\/2070\/revisions"}],"predecessor-version":[{"id":3515,"href":"https:\/\/www.nextase.fr\/en\/wp-json\/wp\/v2\/pages\/2070\/revisions\/3515"}],"up":[{"embeddable":true,"href":"https:\/\/www.nextase.fr\/en\/wp-json\/wp\/v2\/pages\/1984"}],"wp:attachment":[{"href":"https:\/\/www.nextase.fr\/en\/wp-json\/wp\/v2\/media?parent=2070"}],"curies":[{"name":"wp","href":"https:\/\/api.w.org\/{rel}","templated":true}]}}